{"id":372,"date":"2021-11-06T13:12:54","date_gmt":"2021-11-06T12:12:54","guid":{"rendered":"https:\/\/finearts-exclusive.com\/p\/unkategorisiert\/erotik-dragon\/"},"modified":"2025-09-09T11:47:57","modified_gmt":"2025-09-09T09:47:57","slug":"dragon-erotico","status":"publish","type":"product","link":"https:\/\/finearts-exclusive.com\/es\/p\/luxus-erotik-bronzeskulpturen\/erotic-dragon\/","title":{"rendered":"Drag\u00f3n er\u00f3tico"},"content":{"rendered":"<p>\u00c9rase una vez, Jonas era un joven sencillo que amaba a su novia Belleza m\u00e1s que a nada. Pero todas sus propuestas de matrimonio fueron rechazadas bruscamente por ella.<\/p>\n<p>As\u00ed que pens\u00f3 en una treta. Un d\u00eda se le apareci\u00f3 un hada y le concedi\u00f3 todos sus deseos. Deseaba transformarse en un fuerte y musculoso drag\u00f3n. El hada le concedi\u00f3 su deseo, pero con la condici\u00f3n de que un d\u00eda s\u00f3lo podr\u00eda volver a transformarse si hac\u00eda feliz a su Bella f\u00edsica y mentalmente. Cuando su novia vio el magn\u00edfico y musculoso drag\u00f3n, qued\u00f3 encantada y se enamor\u00f3 inmediatamente. El drag\u00f3n la abraz\u00f3 por detr\u00e1s y le hizo el amor con sensualidad, bes\u00e1ndola en ambas mejillas con sus dos cabezas simult\u00e1neamente. La belleza se sinti\u00f3 muy feliz, segura y protegida.<\/p>\n<p>Como hab\u00eda cumplido la condici\u00f3n del hada, se transform\u00f3 de nuevo en el joven Jonas. La Bella se cas\u00f3 con el joven Jonas y vivieron felices para siempre, porque la Bella comprendi\u00f3 que no son los criterios superficiales los que son decisivos para el verdadero amor, sino los valores interiores de una persona.<\/p>\n<p>El artista Rudolfo Bucacio ha creado una expresiva escultura de bronce de tama\u00f1o medio, de importancia monumental. El <strong>Figura de bronce \"Drag\u00f3n er\u00f3tico<\/strong> es una verdadera atracci\u00f3n y causa un gran revuelo y admiraci\u00f3n.<\/p>","protected":false},"excerpt":{"rendered":"<p>Es war einmal ein biederer J\u00fcngling Jonas der liebte \u00fcber alles seine Freundin Beauty. All seine Heiratsantr\u00e4ge wurden jedoch von ihr schroff abgelehnt. Deshalb erdachte er sich eine List aus. Eines Tages erschien ihm eine Fee, die ihm jeden Wunsch erf\u00fcllte. Er w\u00fcnsche sich in einen kr\u00e4ftigen muskul\u00f6sen Drachen verwandelt zu werden. Die Fee erf\u00fcllte [&#8230;]\n","protected":false},"featured_media":61898,"template":"","meta":{"_seopress_robots_primary_cat":"none","_seopress_titles_title":"","_seopress_titles_desc":"","_seopress_robots_index":""},"product_brand":[],"product_cat":[33],"product_tag":[62],"class_list":{"0":"post-372","1":"product","2":"type-product","3":"status-publish","4":"has-post-thumbnail","6":"product_cat-luxus-erotik-bronzeskulpturen","7":"product_tag-preis-auf-anfrage","8":"product_shipping_class-skulpturen","9":"pa_kuenstler-rudolfo-bucacio","11":"first","12":"instock","13":"taxable","14":"shipping-taxable","15":"product-type-variable","16":"has-default-attributes"},"publishpress_future_action":{"enabled":false,"date":"2026-04-17 12:51:50","action":"change-status","newStatus":"trash","terms":[],"taxonomy":"product_brand","extraData":[]},"publishpress_future_workflow_manual_trigger":{"enabledWorkflows":[]},"_links":{"self":[{"href":"https:\/\/finearts-exclusive.com\/es\/wp-json\/wp\/v2\/product\/372","targetHints":{"allow":["GET"]}}],"collection":[{"href":"https:\/\/finearts-exclusive.com\/es\/wp-json\/wp\/v2\/product"}],"about":[{"href":"https:\/\/finearts-exclusive.com\/es\/wp-json\/wp\/v2\/types\/product"}],"wp:featuredmedia":[{"embeddable":true,"href":"https:\/\/finearts-exclusive.com\/es\/wp-json\/wp\/v2\/media\/61898"}],"wp:attachment":[{"href":"https:\/\/finearts-exclusive.com\/es\/wp-json\/wp\/v2\/media?parent=372"}],"wp:term":[{"taxonomy":"product_brand","embeddable":true,"href":"https:\/\/finearts-exclusive.com\/es\/wp-json\/wp\/v2\/product_brand?post=372"},{"taxonomy":"product_cat","embeddable":true,"href":"https:\/\/finearts-exclusive.com\/es\/wp-json\/wp\/v2\/product_cat?post=372"},{"taxonomy":"product_tag","embeddable":true,"href":"https:\/\/finearts-exclusive.com\/es\/wp-json\/wp\/v2\/product_tag?post=372"}],"curies":[{"name":"wp","href":"https:\/\/api.w.org\/{rel}","templated":true}]}}