{"id":373,"date":"2021-11-06T13:12:54","date_gmt":"2021-11-06T12:12:54","guid":{"rendered":"https:\/\/finearts-exclusive.com\/p\/unkategorisiert\/erotic-tree-dining-table\/"},"modified":"2024-03-27T18:32:19","modified_gmt":"2024-03-27T17:32:19","slug":"arbol-erotico-mesa-de-comedor","status":"publish","type":"product","link":"https:\/\/finearts-exclusive.com\/es\/p\/luxus-bronzemoebel-wohnbereich\/erotic-tree-dining-table\/","title":{"rendered":"Mesa de comedor en forma de \u00e1rbol er\u00f3tico"},"content":{"rendered":"<p>La belleza er\u00f3tica estar\u00e1 en el <strong>Escultura de bronce \"Mesa de comedor con \u00e1rbol er\u00f3tico<\/strong> llevada por las ramas del \u00e1rbol.<\/p>\n<p>La exclusiva mesa de comedor \"Erotic Tree\" consta de dos partes. La belleza est\u00e1 incrustada en las ramas de los \u00e1rboles como una sola escultura.<\/p>\n<p>Una mesa de comedor muy discreta, ligeramente er\u00f3tica, con un noble tablero de cristal redondo de 120 cm de di\u00e1metro y un corte facetado de alta calidad de 30 mm. El grosor del vidrio es de 12 mm.<\/p>\n<p><strong>Escultura:<\/strong><\/p>\n<p>Altura: 75 cm<br \/>\nAnchura: 100 cm<br \/>\nLongitud: 100 cm<br \/>\nPeso: aprox. 45 kg<\/p>\n<p>&nbsp;<\/p>\n<p><strong>Tapa de cristal (redonda):<\/strong><\/p>\n<p>Di\u00e1metro: 120 cm<br \/>\nEspesor del vidrio: 12 mm<br \/>\nPeso: aprox. 34 kg<\/p>","protected":false},"excerpt":{"rendered":"<p>Die erotische Sch\u00f6nheit wird bei der Bronzeskulptur \u201eErotic Tree Dining Table\u201c von den \u00c4sten des Baumes getragen. Der exklusive Esstisch \u201eErotic Tree\u201c besteht aus zwei Teilen. Die Sch\u00f6nheit ist als Einzelskulptur in die Baum\u00e4ste eingebettet. Ein sehr dezenter, leicht erotischer, Esstisch mit einer edlen runden Glasplatte von 120 cm Durchmesser und einem hochwertigen 30 mm [&#8230;]\n","protected":false},"featured_media":4466,"template":"","meta":{"_seopress_robots_primary_cat":"none","_seopress_titles_title":"","_seopress_titles_desc":"","_seopress_robots_index":""},"product_brand":[],"product_cat":[32],"product_tag":[62],"class_list":{"0":"post-373","1":"product","2":"type-product","3":"status-publish","4":"has-post-thumbnail","6":"product_cat-luxus-bronzemoebel-wohnbereich","7":"product_tag-preis-auf-anfrage","8":"product_shipping_class-skulpturen","9":"pa_kuenstler-don-alberto-carlos","11":"first","12":"instock","13":"taxable","14":"shipping-taxable","15":"product-type-variable","16":"has-default-attributes"},"publishpress_future_action":{"enabled":false,"date":"2026-05-05 22:25:35","action":"change-status","newStatus":"trash","terms":[],"taxonomy":"product_brand","extraData":[]},"publishpress_future_workflow_manual_trigger":{"enabledWorkflows":[]},"_links":{"self":[{"href":"https:\/\/finearts-exclusive.com\/es\/wp-json\/wp\/v2\/product\/373","targetHints":{"allow":["GET"]}}],"collection":[{"href":"https:\/\/finearts-exclusive.com\/es\/wp-json\/wp\/v2\/product"}],"about":[{"href":"https:\/\/finearts-exclusive.com\/es\/wp-json\/wp\/v2\/types\/product"}],"wp:featuredmedia":[{"embeddable":true,"href":"https:\/\/finearts-exclusive.com\/es\/wp-json\/wp\/v2\/media\/4466"}],"wp:attachment":[{"href":"https:\/\/finearts-exclusive.com\/es\/wp-json\/wp\/v2\/media?parent=373"}],"wp:term":[{"taxonomy":"product_brand","embeddable":true,"href":"https:\/\/finearts-exclusive.com\/es\/wp-json\/wp\/v2\/product_brand?post=373"},{"taxonomy":"product_cat","embeddable":true,"href":"https:\/\/finearts-exclusive.com\/es\/wp-json\/wp\/v2\/product_cat?post=373"},{"taxonomy":"product_tag","embeddable":true,"href":"https:\/\/finearts-exclusive.com\/es\/wp-json\/wp\/v2\/product_tag?post=373"}],"curies":[{"name":"wp","href":"https:\/\/api.w.org\/{rel}","templated":true}]}}