{"id":374,"date":"2021-11-06T13:12:54","date_gmt":"2021-11-06T12:12:54","guid":{"rendered":"https:\/\/finearts-exclusive.com\/p\/unkategorisiert\/eves-apple\/"},"modified":"2025-09-06T14:43:18","modified_gmt":"2025-09-06T12:43:18","slug":"manzana-de-visperas","status":"publish","type":"product","link":"https:\/\/finearts-exclusive.com\/es\/p\/luxus-bronzeskulpturen\/eves-apple\/","title":{"rendered":"La manzana de Eva"},"content":{"rendered":"<p>El <strong>Escultura de bronce \"Eve's Appel<\/strong> se basa en la siguiente historia: ya en la antig\u00fcedad, la manzana se asignaba a las diosas adoradas como s\u00edmbolo de seducci\u00f3n y fertilidad. Las dos diosas del amor, Afrodita y Venus, llevaban consigo un fruto de la piedad, pero tambi\u00e9n Hera, Atenea o la diosa germ\u00e1nica Iduna, guardiana de las manzanas de oro. La fruta tambi\u00e9n ten\u00eda un gran significado para los griegos no divinos de la \u00e9poca. Cuando un joven griego quiso comprometerse, lanz\u00f3 una manzana a su elegida. Si lo cog\u00eda, nada se interpon\u00eda en la boda. Esta manzana en particular simboliza la fruta de la seducci\u00f3n mejor que cualquier otra. La creaci\u00f3n muy finamente elaborada <strong>\"La manzana de Eva\"<\/strong> de Rudolfo Bucacio, despierta ciertamente deseos muy diferentes en el espectador.<\/p>","protected":false},"excerpt":{"rendered":"<p>Die Bronzeskulptur \u201eEves Appel\u201c basiert auf folgender Geschichte: Schon in der Antike wurde der Apfel den angebeteten G\u00f6ttinnen als Symbol von Verf\u00fchrung und Fruchtbarkeit zugeordnet. Die beiden Liebesg\u00f6ttinnen Aphrodite und Venus hatten eine kernige Frucht bei sich &#8211; Aber auch Hera, Athene oder auch die germanische G\u00f6ttin Iduna, die H\u00fcterin der goldenen \u00c4pfel. Auch f\u00fcr [&#8230;]\n","protected":false},"featured_media":870,"template":"","meta":{"_seopress_robots_primary_cat":"none","_seopress_titles_title":"","_seopress_titles_desc":"","_seopress_robots_index":""},"product_brand":[],"product_cat":[31],"product_tag":[62],"class_list":{"0":"post-374","1":"product","2":"type-product","3":"status-publish","4":"has-post-thumbnail","6":"product_cat-luxus-bronzeskulpturen","7":"product_tag-preis-auf-anfrage","8":"product_shipping_class-skulpturen","9":"pa_kuenstler-rudolfo-bucacio","11":"first","12":"instock","13":"taxable","14":"shipping-taxable","15":"product-type-variable","16":"has-default-attributes"},"publishpress_future_action":{"enabled":false,"date":"2026-04-12 05:45:59","action":"change-status","newStatus":"trash","terms":[],"taxonomy":"product_brand","extraData":[]},"publishpress_future_workflow_manual_trigger":{"enabledWorkflows":[]},"_links":{"self":[{"href":"https:\/\/finearts-exclusive.com\/es\/wp-json\/wp\/v2\/product\/374","targetHints":{"allow":["GET"]}}],"collection":[{"href":"https:\/\/finearts-exclusive.com\/es\/wp-json\/wp\/v2\/product"}],"about":[{"href":"https:\/\/finearts-exclusive.com\/es\/wp-json\/wp\/v2\/types\/product"}],"wp:featuredmedia":[{"embeddable":true,"href":"https:\/\/finearts-exclusive.com\/es\/wp-json\/wp\/v2\/media\/870"}],"wp:attachment":[{"href":"https:\/\/finearts-exclusive.com\/es\/wp-json\/wp\/v2\/media?parent=374"}],"wp:term":[{"taxonomy":"product_brand","embeddable":true,"href":"https:\/\/finearts-exclusive.com\/es\/wp-json\/wp\/v2\/product_brand?post=374"},{"taxonomy":"product_cat","embeddable":true,"href":"https:\/\/finearts-exclusive.com\/es\/wp-json\/wp\/v2\/product_cat?post=374"},{"taxonomy":"product_tag","embeddable":true,"href":"https:\/\/finearts-exclusive.com\/es\/wp-json\/wp\/v2\/product_tag?post=374"}],"curies":[{"name":"wp","href":"https:\/\/api.w.org\/{rel}","templated":true}]}}