{"id":379,"date":"2021-11-06T13:12:55","date_gmt":"2021-11-06T12:12:55","guid":{"rendered":"https:\/\/finearts-exclusive.com\/p\/unkategorisiert\/phallus-in-ladies-hand\/"},"modified":"2025-06-27T09:53:48","modified_gmt":"2025-06-27T07:53:48","slug":"falo-en-mano-de-mujer","status":"publish","type":"product","link":"https:\/\/finearts-exclusive.com\/es\/p\/luxus-erotik-bronzeskulpturen\/phallus-in-ladies-hand\/","title":{"rendered":"Falo en mano de mujer"},"content":{"rendered":"<p>El <strong>Escultura de bronce \"Falo en mano de mujer<\/strong> es una imagen de un \u00f3rgano sexual primario masculino perfectamente desarrollado. El pene simboliza el deseo de muchas damas con el deseo del tacto sensual.<\/p>\n<p>La interacci\u00f3n de las manos femeninas, hermosas, como s\u00edmbolo de la ternura, el afecto, el cuidado y el amor, y el falo masculino, rollizo y erguido, como s\u00edmbolo de la fuerza, el poder, el \u00e9xito y el sexo, refleja el conjunto armonioso y la plenitud de una relaci\u00f3n interpersonal.<\/p>","protected":false},"excerpt":{"rendered":"<p>Die Bronzeskulptur \u201ePhallus in Ladies Hand\u201c ist eine Abbildung eines perfekt gewachsenen, m\u00e4nnlichen prim\u00e4ren Geschlechtsorgans. Der Penis symbolisiert die Begierde vieler Damen mit dem Wunsch von sinnlichen Ber\u00fchrungen. Das Zusammenspiel aus femininen, sch\u00f6nen, weiblichen H\u00e4nden als Symbol f\u00fcr Z\u00e4rtlichkeit, Zuneigung, F\u00fcrsorge, Liebe und dem prallem, erigiertem m\u00e4nnlichen Phallus als Symbol f\u00fcr St\u00e4rke, Macht, Erfolg und [&#8230;]\n","protected":false},"featured_media":61883,"template":"","meta":{"_seopress_robots_primary_cat":"none","_seopress_titles_title":"","_seopress_titles_desc":"","_seopress_robots_index":""},"product_brand":[],"product_cat":[33],"product_tag":[62],"class_list":{"0":"post-379","1":"product","2":"type-product","3":"status-publish","4":"has-post-thumbnail","6":"product_cat-luxus-erotik-bronzeskulpturen","7":"product_tag-preis-auf-anfrage","8":"product_shipping_class-skulpturen","9":"pa_kuenstler-don-alberto-carlos","11":"first","12":"instock","13":"taxable","14":"shipping-taxable","15":"product-type-variable","16":"has-default-attributes"},"publishpress_future_action":{"enabled":false,"date":"2026-04-11 19:25:40","action":"change-status","newStatus":"trash","terms":[],"taxonomy":"product_brand","extraData":[]},"publishpress_future_workflow_manual_trigger":{"enabledWorkflows":[]},"_links":{"self":[{"href":"https:\/\/finearts-exclusive.com\/es\/wp-json\/wp\/v2\/product\/379","targetHints":{"allow":["GET"]}}],"collection":[{"href":"https:\/\/finearts-exclusive.com\/es\/wp-json\/wp\/v2\/product"}],"about":[{"href":"https:\/\/finearts-exclusive.com\/es\/wp-json\/wp\/v2\/types\/product"}],"wp:featuredmedia":[{"embeddable":true,"href":"https:\/\/finearts-exclusive.com\/es\/wp-json\/wp\/v2\/media\/61883"}],"wp:attachment":[{"href":"https:\/\/finearts-exclusive.com\/es\/wp-json\/wp\/v2\/media?parent=379"}],"wp:term":[{"taxonomy":"product_brand","embeddable":true,"href":"https:\/\/finearts-exclusive.com\/es\/wp-json\/wp\/v2\/product_brand?post=379"},{"taxonomy":"product_cat","embeddable":true,"href":"https:\/\/finearts-exclusive.com\/es\/wp-json\/wp\/v2\/product_cat?post=379"},{"taxonomy":"product_tag","embeddable":true,"href":"https:\/\/finearts-exclusive.com\/es\/wp-json\/wp\/v2\/product_tag?post=379"}],"curies":[{"name":"wp","href":"https:\/\/api.w.org\/{rel}","templated":true}]}}