{"id":380,"date":"2021-11-06T13:12:55","date_gmt":"2021-11-06T12:12:55","guid":{"rendered":"https:\/\/finearts-exclusive.com\/p\/unkategorisiert\/phallus-maximus-supersize\/"},"modified":"2025-06-27T10:33:58","modified_gmt":"2025-06-27T08:33:58","slug":"phallus-maximus-supersize","status":"publish","type":"product","link":"https:\/\/finearts-exclusive.com\/es\/p\/luxus-erotik-bronzeskulpturen\/phallus-maximus-supersize\/","title":{"rendered":"Phallus Maximus - Supersize"},"content":{"rendered":"<p>El phallus maximus, el pene m\u00e1ximo, la polla abrumadora. El s\u00edmbolo de la masculinidad pura, el poder y la potencia, se erige aqu\u00ed literalmente tambi\u00e9n como s\u00edmbolo del sexo. Esta elaborada y detallada <strong>Figura de bronce \"Phallus Maximus Supersize\",<\/strong> de Rudolfo Bucacio, es convincente como imagen sobredimensionada de la virilidad fuerte.<\/p>","protected":false},"excerpt":{"rendered":"<p>El phallus maximus, el pene m\u00e1ximo, la polla abrumadora. El s\u00edmbolo de la masculinidad pura, del poder y de la potencia, aqu\u00ed tambi\u00e9n es literalmente un s\u00edmbolo del sexo. Esta figura de bronce muy detallada \"Phallus Maximus Supersize\", de Rudolfo Bucacio, convence como imagen sobredimensionada del fuerte poder masculino.<\/p>","protected":false},"featured_media":61906,"template":"","meta":{"_seopress_robots_primary_cat":"none","_seopress_titles_title":"","_seopress_titles_desc":"","_seopress_robots_index":""},"product_brand":[],"product_cat":[33],"product_tag":[62],"class_list":{"0":"post-380","1":"product","2":"type-product","3":"status-publish","4":"has-post-thumbnail","6":"product_cat-luxus-erotik-bronzeskulpturen","7":"product_tag-preis-auf-anfrage","8":"product_shipping_class-skulpturen","9":"pa_kuenstler-rudolfo-bucacio","11":"first","12":"instock","13":"taxable","14":"shipping-taxable","15":"product-type-variable","16":"has-default-attributes"},"publishpress_future_action":{"enabled":false,"date":"2026-04-19 10:38:02","action":"change-status","newStatus":"trash","terms":[],"taxonomy":"product_brand","extraData":[]},"publishpress_future_workflow_manual_trigger":{"enabledWorkflows":[]},"_links":{"self":[{"href":"https:\/\/finearts-exclusive.com\/es\/wp-json\/wp\/v2\/product\/380","targetHints":{"allow":["GET"]}}],"collection":[{"href":"https:\/\/finearts-exclusive.com\/es\/wp-json\/wp\/v2\/product"}],"about":[{"href":"https:\/\/finearts-exclusive.com\/es\/wp-json\/wp\/v2\/types\/product"}],"wp:featuredmedia":[{"embeddable":true,"href":"https:\/\/finearts-exclusive.com\/es\/wp-json\/wp\/v2\/media\/61906"}],"wp:attachment":[{"href":"https:\/\/finearts-exclusive.com\/es\/wp-json\/wp\/v2\/media?parent=380"}],"wp:term":[{"taxonomy":"product_brand","embeddable":true,"href":"https:\/\/finearts-exclusive.com\/es\/wp-json\/wp\/v2\/product_brand?post=380"},{"taxonomy":"product_cat","embeddable":true,"href":"https:\/\/finearts-exclusive.com\/es\/wp-json\/wp\/v2\/product_cat?post=380"},{"taxonomy":"product_tag","embeddable":true,"href":"https:\/\/finearts-exclusive.com\/es\/wp-json\/wp\/v2\/product_tag?post=380"}],"curies":[{"name":"wp","href":"https:\/\/api.w.org\/{rel}","templated":true}]}}