{"id":390,"date":"2021-11-06T13:12:56","date_gmt":"2021-11-06T12:12:56","guid":{"rendered":"https:\/\/finearts-exclusive.com\/p\/unkategorisiert\/erotic-fantasies\/"},"modified":"2023-02-20T19:52:52","modified_gmt":"2023-02-20T18:52:52","slug":"fantasias-eroticas","status":"publish","type":"product","link":"https:\/\/finearts-exclusive.com\/es\/p\/luxus-bronzeskulpturen\/erotic-fantasies\/","title":{"rendered":"Fantas\u00edas er\u00f3ticas"},"content":{"rendered":"<p>El artista gay Jean Daniel Cadinot ha expresado sus fantas\u00edas er\u00f3ticas en esta exposici\u00f3n art\u00edstica. <strong>\"Fantas\u00edas er\u00f3ticas\"<\/strong> manifestado.<\/p>\n<p>Simboliza la admiraci\u00f3n del mir\u00f3n por la virilidad oculta.<\/p>","protected":false},"excerpt":{"rendered":"<p>El artista gay Jean Daniel Cadinot ha manifestado sus fantas\u00edas er\u00f3ticas en esta exposici\u00f3n art\u00edstica \"Fantas\u00edas er\u00f3ticas\". Simboliza la admiraci\u00f3n del mir\u00f3n por la virilidad oculta.<\/p>","protected":false},"featured_media":2648,"template":"","meta":{"_seopress_robots_primary_cat":"none","_seopress_titles_title":"","_seopress_titles_desc":"","_seopress_robots_index":""},"product_brand":[],"product_cat":[31],"product_tag":[62],"class_list":{"0":"post-390","1":"product","2":"type-product","3":"status-publish","4":"has-post-thumbnail","6":"product_cat-luxus-bronzeskulpturen","7":"product_tag-preis-auf-anfrage","8":"product_shipping_class-skulpturen","9":"pa_kuenstler-jean-daniel-cadinot","11":"first","12":"instock","13":"taxable","14":"shipping-taxable","15":"product-type-variable","16":"has-default-attributes"},"publishpress_future_action":{"enabled":false,"date":"2026-04-15 13:38:58","action":"change-status","newStatus":"trash","terms":[],"taxonomy":"product_brand","extraData":[]},"publishpress_future_workflow_manual_trigger":{"enabledWorkflows":[]},"_links":{"self":[{"href":"https:\/\/finearts-exclusive.com\/es\/wp-json\/wp\/v2\/product\/390","targetHints":{"allow":["GET"]}}],"collection":[{"href":"https:\/\/finearts-exclusive.com\/es\/wp-json\/wp\/v2\/product"}],"about":[{"href":"https:\/\/finearts-exclusive.com\/es\/wp-json\/wp\/v2\/types\/product"}],"wp:featuredmedia":[{"embeddable":true,"href":"https:\/\/finearts-exclusive.com\/es\/wp-json\/wp\/v2\/media\/2648"}],"wp:attachment":[{"href":"https:\/\/finearts-exclusive.com\/es\/wp-json\/wp\/v2\/media?parent=390"}],"wp:term":[{"taxonomy":"product_brand","embeddable":true,"href":"https:\/\/finearts-exclusive.com\/es\/wp-json\/wp\/v2\/product_brand?post=390"},{"taxonomy":"product_cat","embeddable":true,"href":"https:\/\/finearts-exclusive.com\/es\/wp-json\/wp\/v2\/product_cat?post=390"},{"taxonomy":"product_tag","embeddable":true,"href":"https:\/\/finearts-exclusive.com\/es\/wp-json\/wp\/v2\/product_tag?post=390"}],"curies":[{"name":"wp","href":"https:\/\/api.w.org\/{rel}","templated":true}]}}