{"id":44204,"date":"2024-03-22T08:00:41","date_gmt":"2024-03-22T07:00:41","guid":{"rendered":"https:\/\/finearts-exclusive.com\/?post_type=product&#038;p=44204"},"modified":"2024-03-27T18:25:03","modified_gmt":"2024-03-27T17:25:03","slug":"cabeza-muerta","status":"publish","type":"product","link":"https:\/\/finearts-exclusive.com\/es\/p\/luxus-bronzeskulpturen\/tote-kopf\/","title":{"rendered":"Cr\u00e1neo"},"content":{"rendered":"<p>Entre en el reino de la contemplaci\u00f3n filos\u00f3fica con la \u00faltima obra maestra \"Aurora de Vida\", una sublime escultura de una calavera creada en la plata m\u00e1s pura, reflejo de la artesan\u00eda del renombrado artista Don Alberto Carlos. Esta obra retoma la milenaria tradici\u00f3n del \"Memento Mori\", un profundo recordatorio de la fugacidad de nuestra existencia que lleva siglos anclado en el arte, la literatura y la filosof\u00eda.<\/p>\n<p>Inspirada en la idea del \"Carpe Diem\", un mensaje que floreci\u00f3 durante el Renacimiento, esta calavera no s\u00f3lo simboliza la inevitable fugacidad de la vida, sino que tambi\u00e9n nos recuerda que debemos apreciar la naturaleza fugaz del momento. La plata brillante, meticulosamente transformada en un s\u00edmbolo tanto de fugacidad como de eternidad, refleja reflexiones filos\u00f3ficas sobre el sentido de la vida y c\u00f3mo afrontar el conocimiento de la muerte.<\/p>\n<p>Al incorporar pensamientos de la filosof\u00eda existencial, esta obra de arte nos invita a reflexionar sobre nuestra propia finitud, al tiempo que celebra la importancia de la vida en su belleza moment\u00e1nea. Es un homenaje eterno a la propia existencia y un poderoso recordatorio de que cada momento es precioso.<\/p>\n<p>\"Aurora de vida\", la calavera radiante, es algo m\u00e1s que una escultura: es una ventana a una visi\u00f3n profunda y una noble invitaci\u00f3n a abrazar la vida en todo su esplendor. Conceda a esta obra de arte un lugar de honor en su hogar y deje que su resplandor plateado sirva de inspiraci\u00f3n diaria para apreciar las maravillas del ser y explorar el ilimitado viaje del alma.<\/p>","protected":false},"excerpt":{"rendered":"<div class=\"video video-fit mb\" style=\"padding-top:56.25%;\">\n<div class=\"brlbs-cmpnt-container brlbs-cmpnt-content-blocker brlbs-cmpnt-with-individual-styles\" data-borlabs-cookie-content-blocker-id=\"youtube-content-blocker\" data-borlabs-cookie-content=\"PGlmcmFtZSB0aXRsZT0iRmluZSBBcnRzIFdvaG5rdWx0dXIgLSBCcm9uemUgLSBTa3VsbCBnb2xkIHZpZGVvIiB3aWR0aD0iMTAyMCIgaGVpZ2h0PSI1NzQiIHNyYz0iaHR0cHM6Ly93d3cueW91dHViZS1ub2Nvb2tpZS5jb20vZW1iZWQvMDlxRjRFZ195VnM\/ZmVhdHVyZT1vZW1iZWQiIGZyYW1lYm9yZGVyPSIwIiBhbGxvdz0iYWNjZWxlcm9tZXRlcjsgYXV0b3BsYXk7IGNsaXBib2FyZC13cml0ZTsgZW5jcnlwdGVkLW1lZGlhOyBneXJvc2NvcGU7IHBpY3R1cmUtaW4tcGljdHVyZTsgd2ViLXNoYXJlIiBhbGxvd2Z1bGxzY3JlZW4+PC9pZnJhbWU+\">\n<div class=\"brlbs-cmpnt-cb-preset-c brlbs-cmpnt-cb-youtube\">\n<div class=\"brlbs-cmpnt-cb-thumbnail\" style=\"background-image: url('https:\/\/finearts-exclusive.com\/wp-content\/uploads\/borlabs-cookie\/1\/yt_09qF4Eg_yVs_hqdefault.jpg')\"><\/div>\n<div class=\"brlbs-cmpnt-cb-main\">\n<div class=\"brlbs-cmpnt-cb-play-button\"><\/div>\n<div class=\"brlbs-cmpnt-cb-content\">\n<p class=\"brlbs-cmpnt-cb-description\">Est\u00e1s viendo un contenido de marcador de posici\u00f3n de <strong>YouTube<\/strong>. Para acceder al contenido real, haz clic en el siguiente bot\u00f3n. Ten en cuenta que al hacerlo compartir\u00e1s datos con terceros proveedores.<\/p>\n<p> <a class=\"brlbs-cmpnt-cb-provider-toggle\" href=\"#\" data-borlabs-cookie-show-provider-information role=\"button\">M\u00e1s informaci\u00f3n<\/a> <\/div>\n<div class=\"brlbs-cmpnt-cb-buttons\"> <a class=\"brlbs-cmpnt-cb-btn\" href=\"#\" data-borlabs-cookie-unblock role=\"button\">Desbloquear contenido<\/a> <a class=\"brlbs-cmpnt-cb-btn\" href=\"#\" data-borlabs-cookie-accept-service role=\"button\" style=\"display: inherit\">Aceptar el servicio requerido y desbloquear los contenidos<\/a> <\/div>\n<\/p><\/div>\n<\/p><\/div>\n<\/div>\n<\/div>","protected":false},"featured_media":44332,"template":"","meta":{"_seopress_robots_primary_cat":"none","_seopress_titles_title":"","_seopress_titles_desc":"","_seopress_robots_index":""},"product_brand":[],"product_cat":[31],"product_tag":[62],"class_list":{"0":"post-44204","1":"product","2":"type-product","3":"status-publish","4":"has-post-thumbnail","6":"product_cat-luxus-bronzeskulpturen","7":"product_tag-preis-auf-anfrage","8":"product_shipping_class-skulpturen","9":"pa_kuenstler-don-alberto-carlos","11":"first","12":"instock","13":"taxable","14":"shipping-taxable","15":"product-type-variable","16":"has-default-attributes"},"publishpress_future_action":{"enabled":false,"date":"2026-05-13 11:24:45","action":"change-status","newStatus":"trash","terms":[],"taxonomy":"product_brand","extraData":[]},"publishpress_future_workflow_manual_trigger":{"enabledWorkflows":[]},"_links":{"self":[{"href":"https:\/\/finearts-exclusive.com\/es\/wp-json\/wp\/v2\/product\/44204","targetHints":{"allow":["GET"]}}],"collection":[{"href":"https:\/\/finearts-exclusive.com\/es\/wp-json\/wp\/v2\/product"}],"about":[{"href":"https:\/\/finearts-exclusive.com\/es\/wp-json\/wp\/v2\/types\/product"}],"wp:featuredmedia":[{"embeddable":true,"href":"https:\/\/finearts-exclusive.com\/es\/wp-json\/wp\/v2\/media\/44332"}],"wp:attachment":[{"href":"https:\/\/finearts-exclusive.com\/es\/wp-json\/wp\/v2\/media?parent=44204"}],"wp:term":[{"taxonomy":"product_brand","embeddable":true,"href":"https:\/\/finearts-exclusive.com\/es\/wp-json\/wp\/v2\/product_brand?post=44204"},{"taxonomy":"product_cat","embeddable":true,"href":"https:\/\/finearts-exclusive.com\/es\/wp-json\/wp\/v2\/product_cat?post=44204"},{"taxonomy":"product_tag","embeddable":true,"href":"https:\/\/finearts-exclusive.com\/es\/wp-json\/wp\/v2\/product_tag?post=44204"}],"curies":[{"name":"wp","href":"https:\/\/api.w.org\/{rel}","templated":true}]}}