{"id":1161,"date":"2021-11-07T12:39:52","date_gmt":"2021-11-07T11:39:52","guid":{"rendered":"https:\/\/finearts-exclusive.com\/?page_id=1161"},"modified":"2022-01-08T12:36:41","modified_gmt":"2022-01-08T11:36:41","slug":"a-propos-de-nous","status":"publish","type":"page","link":"https:\/\/finearts-exclusive.com\/fr\/ueber-uns\/","title":{"rendered":"Nous"},"content":{"rendered":"<section class=\"section bgvideo\" id=\"section_1635175116\">\n\t\t<div class=\"section-bg fill\" >\n\t\t\t\t\t\t\t<div class=\"video-overlay no-click fill visible\"><\/div>\n\t<video class=\"video-bg fill visible\" preload playsinline autoplay muted loop>\n\t\t<source src=\"https:\/\/player.vimeo.com\/external\/663640264.hd.mp4?s=8a066da1c284e799321a270d1df4c13c5e15a95a&#038;profile_id=175&#038;dnt=1\" type=\"video\/mp4\">\t<\/video>\n\t\t\t\n\t\t\t\n\n\t\t<\/div>\n\n\t\t\n\n\t\t<div class=\"section-content relative\">\n\t\t\t\n\n\n\t\t<\/div>\n\n\t\t\n<style>\n#section_1635175116 {\n  padding-top: 0px;\n  padding-bottom: 0px;\n  min-height: 300px;\n  background-color: rgb(0,0,0);\n}\n@media (min-width:550px) {\n  #section_1635175116 {\n    min-height: 50vh;\n  }\n}\n@media (min-width:850px) {\n  #section_1635175116 {\n    min-height: 80vh;\n  }\n}\n<\/style>\n\t<\/section>\n\t\n\n\t<section class=\"section\" id=\"section_1881359261\">\n\t\t<div class=\"section-bg fill\" >\n\t\t\t\t\t\t\t\t\t\n\t\t\t\n\n\t\t<\/div>\n\n\t\t\n\n\t\t<div class=\"section-content relative\">\n\t\t\t\n\n\t<div id=\"gap-2072152471\" class=\"gap-element clearfix\" style=\"display:block; height:auto;\">\n\t\t\n<style>\n#gap-2072152471 {\n  padding-top: 65px;\n}\n<\/style>\n\t<\/div>\n\t\n\n<div class=\"row\"  id=\"row-916707380\">\n\n\n\t<div id=\"col-340477461\" class=\"col medium-6 small-12 large-6\"  data-animate=\"fadeInLeft\">\n\t\t\t\t<div class=\"col-inner\"  >\n\t\t\t\n\t\t\t\n\n<h2 class=\"txt-gold\">Art fin exclusif - LIVE THE LUXURY.<\/h2>\n<p class=\"lead\">Bienvenue chez FINE ARTS Wohnkultur exclusive Bronze Collection. Notre passion est de concevoir, produire et distribuer des sculptures en bronze contemporaines de haute qualit\u00e9.<\/p>\n<p class=\"lead\">L'amour du d\u00e9tail et l'excellence de l'artisanat favorisent la cr\u00e9ativit\u00e9, l'\u00e9l\u00e9gance et les designs exclusifs qui allient toujours tradition et innovation ! Nous produisons selon le proc\u00e9d\u00e9 traditionnel de la cire perdue, patin\u00e9e dans diff\u00e9rentes nuances de bronze et parfois recouverte d'une couche durable d'or ou d'argent 24 carats. La finition avec de v\u00e9ritables pierres pr\u00e9cieuses (diamants, rubis, \u00e9meraudes et autres) permet d'orner nombre de nos pi\u00e8ces et de les valoriser en tant que produits de luxe pr\u00e9cieux. Nos pr\u00e9cieuses sculptures et meubles exclusifs en bronze sont le r\u00e9sultat de proc\u00e9d\u00e9s de coul\u00e9e en bronze minutieux.<\/p>\n\n\t\t<\/div>\n\t\t\t\t\t<\/div>\n\n\t\n\n\t<div id=\"col-985196770\" class=\"col medium-6 small-12 large-6\"  data-animate=\"fadeInLeft\">\n\t\t\t\t<div class=\"col-inner\"  >\n\t\t\t\n\t\t\t\n\n\t<div class=\"img has-hover x md-x lg-x y md-y lg-y\" id=\"image_1330021450\">\n\t\t\t\t\t\t\t\t<div class=\"img-inner dark\" >\n\t\t\t<img loading=\"lazy\" decoding=\"async\" width=\"1000\" height=\"750\" src=\"https:\/\/finearts-exclusive.com\/wp-content\/uploads\/2021\/11\/wachsurform.jpg\" class=\"attachment-large size-large\" alt=\"Moule en cire d&#039;une sculpture\" srcset=\"https:\/\/finearts-exclusive.com\/wp-content\/uploads\/2021\/11\/wachsurform.jpg 1000w, https:\/\/finearts-exclusive.com\/wp-content\/uploads\/2021\/11\/wachsurform-562x422.jpg 562w, https:\/\/finearts-exclusive.com\/wp-content\/uploads\/2021\/11\/wachsurform-768x576.jpg 768w, https:\/\/finearts-exclusive.com\/wp-content\/uploads\/2021\/11\/wachsurform-16x12.jpg 16w\" sizes=\"auto, (max-width: 1000px) 100vw, 1000px\" \/>\t\t\t\t\t\t\n\t\t\t\t\t<\/div>\n\t\t\t\t\t\t\t\t\n<style>\n#image_1330021450 {\n  width: 100%;\n}\n<\/style>\n\t<\/div>\n\t\n\n<p style=\"text-align: right;\"><em>Moule en cire d'une sculpture<\/em><\/p>\n\n\t\t<\/div>\n\t\t\t\t\t<\/div>\n\n\t\n\n<\/div>\n\n\t\t<\/div>\n\n\t\t\n<style>\n#section_1881359261 {\n  padding-top: 30px;\n  padding-bottom: 30px;\n  background-color: rgb(0, 0, 0);\n}\n<\/style>\n\t<\/section>\n\t\n\n\t<section class=\"section\" id=\"section_490803928\">\n\t\t<div class=\"section-bg fill\" >\n\t\t\t<img loading=\"lazy\" decoding=\"async\" width=\"1920\" height=\"1080\" src=\"https:\/\/finearts-exclusive.com\/wp-content\/uploads\/2021\/11\/post-sec-bg.jpg\" class=\"bg attachment- size-\" alt=\"\" \/>\t\t\t\t\t\t\n\t\t\t\n\n\t\t<\/div>\n\n\t\t\n\n\t\t<div class=\"section-content relative\">\n\t\t\t\n\n<div class=\"row\"  id=\"row-1951389591\">\n\n\n\t<div id=\"col-1064564778\" class=\"col medium-6 small-12 large-6\"  data-animate=\"fadeInLeft\">\n\t\t\t\t<div class=\"col-inner\"  >\n\t\t\t\n\t\t\t\n\n\t<div class=\"img has-hover x md-x lg-x y md-y lg-y\" id=\"image_2138054832\">\n\t\t\t\t\t\t\t\t<div class=\"img-inner dark\" >\n\t\t\t<img loading=\"lazy\" decoding=\"async\" width=\"826\" height=\"1024\" src=\"https:\/\/finearts-exclusive.com\/wp-content\/uploads\/2021\/11\/ehrenurkunde-826x1024.jpg\" class=\"attachment-large size-large\" alt=\"\" srcset=\"https:\/\/finearts-exclusive.com\/wp-content\/uploads\/2021\/11\/ehrenurkunde-826x1024.jpg 826w, https:\/\/finearts-exclusive.com\/wp-content\/uploads\/2021\/11\/ehrenurkunde-562x697.jpg 562w, https:\/\/finearts-exclusive.com\/wp-content\/uploads\/2021\/11\/ehrenurkunde-768x952.jpg 768w, https:\/\/finearts-exclusive.com\/wp-content\/uploads\/2021\/11\/ehrenurkunde-10x12.jpg 10w, https:\/\/finearts-exclusive.com\/wp-content\/uploads\/2021\/11\/ehrenurkunde.jpg 1210w\" sizes=\"auto, (max-width: 826px) 100vw, 826px\" \/>\t\t\t\t\t\t\n\t\t\t\t\t<\/div>\n\t\t\t\t\t\t\t\t\n<style>\n#image_2138054832 {\n  width: 100%;\n}\n<\/style>\n\t<\/div>\n\t\n\n\n\t\t<\/div>\n\t\t\t\t\t<\/div>\n\n\t\n\n\t<div id=\"col-1366829612\" class=\"col medium-6 small-12 large-6\"  data-animate=\"fadeInLeft\">\n\t\t\t\t<div class=\"col-inner\"  >\n\t\t\t\n\t\t\t\n\n\t<div id=\"text-4213118828\" class=\"text\">\n\t\t\n\n<p class=\"lead\">Un grand savoir-faire et des mat\u00e9riaux de bronze nobles, avec la passion des meilleurs r\u00e9sultats, telles sont les valeurs qui caract\u00e9risent depuis 25 ans la soci\u00e9t\u00e9 FINE ARTS Wohnkultur GmbH \u00e0 Francfort-sur-le-Main dans le d\u00e9veloppement, la fabrication et la distribution de produits en bronze exclusifs et de haute qualit\u00e9 pour la d\u00e9coration de grandes maisons de luxe internationales.<\/p>\n<p class=\"lead\">En 2020, FINE ARTS Wohnkultur GmbH f\u00eatera fi\u00e8rement ses 25 ans d'existence. Nous tenons \u00e0 remercier chaleureusement tous nos clients et amis pour la confiance qu'ils nous ont t\u00e9moign\u00e9e et le partenariat \u00e9quitable que nous avons entretenu pendant toutes ces ann\u00e9es.<\/p>\n<p class=\"lead\">En collaboration avec des artistes, nous cr\u00e9ons et produisons des \u0153uvres d'art et des produits sp\u00e9ciaux sur mesure. Notre succ\u00e8s est d\u00e9termin\u00e9 par notre principe de base : \"\u00e9couter, livrer - travailler avec des sentiments\". En maintenant une relation \u00e9troite, forte et constante avec nos clients tout au long du cycle de vie de chaque projet. Nous veillons \u00e0 ce que la vision du client se traduise par une qualit\u00e9 et une originalit\u00e9 maximales !<\/p>\n<p class=\"lead\">Toutes nos sculptures et meubles sont des chefs-d'\u0153uvre d'artistes de renomm\u00e9e internationale. Ils sont produits en \u00e9dition limit\u00e9e et livr\u00e9s avec un certificat d'authenticit\u00e9 correspondant.<\/p>\n<p class=\"lead\">Nous vous souhaitons beaucoup de plaisir \u00e0 contempler nos \u0153uvres d'art en bronze de grande qualit\u00e9 de la fameuse collection exclusive de FINE ARTS Wohnkultur GmbH.<\/p>\n\t\t\n<style>\n#text-4213118828 {\n  font-size: 1rem;\n}\n<\/style>\n\t<\/div>\n\t\n\n\t\t<\/div>\n\t\t\t\t\t<\/div>\n\n\t\n\n<\/div>\n\n\t\t<\/div>\n\n\t\t\n<style>\n#section_490803928 {\n  padding-top: 60px;\n  padding-bottom: 60px;\n  background-color: rgb(0, 0, 0);\n}\n<\/style>\n\t<\/section>","protected":false},"excerpt":{"rendered":"","protected":false},"author":3,"featured_media":0,"parent":0,"menu_order":0,"comment_status":"closed","ping_status":"closed","template":"page-blank.php","meta":{"_seopress_robots_primary_cat":"","_seopress_titles_title":"","_seopress_titles_desc":"","_seopress_robots_index":"","footnotes":""},"class_list":["post-1161","page","type-page","status-publish","hentry"],"publishpress_future_workflow_manual_trigger":{"enabledWorkflows":[]},"_links":{"self":[{"href":"https:\/\/finearts-exclusive.com\/fr\/wp-json\/wp\/v2\/pages\/1161","targetHints":{"allow":["GET"]}}],"collection":[{"href":"https:\/\/finearts-exclusive.com\/fr\/wp-json\/wp\/v2\/pages"}],"about":[{"href":"https:\/\/finearts-exclusive.com\/fr\/wp-json\/wp\/v2\/types\/page"}],"author":[{"embeddable":true,"href":"https:\/\/finearts-exclusive.com\/fr\/wp-json\/wp\/v2\/users\/3"}],"replies":[{"embeddable":true,"href":"https:\/\/finearts-exclusive.com\/fr\/wp-json\/wp\/v2\/comments?post=1161"}],"version-history":[{"count":0,"href":"https:\/\/finearts-exclusive.com\/fr\/wp-json\/wp\/v2\/pages\/1161\/revisions"}],"wp:attachment":[{"href":"https:\/\/finearts-exclusive.com\/fr\/wp-json\/wp\/v2\/media?parent=1161"}],"curies":[{"name":"wp","href":"https:\/\/api.w.org\/{rel}","templated":true}]}}