{"id":1170,"date":"2021-11-07T12:41:27","date_gmt":"2021-11-07T11:41:27","guid":{"rendered":"https:\/\/finearts-exclusive.com\/?page_id=1170"},"modified":"2022-01-17T16:14:54","modified_gmt":"2022-01-17T15:14:54","slug":"contact","status":"publish","type":"page","link":"https:\/\/finearts-exclusive.com\/fr\/kontakt\/","title":{"rendered":"Contact"},"content":{"rendered":"<div class=\"banner has-hover\" id=\"banner-1650354898\">\n          <div class=\"banner-inner fill\">\n        <div class=\"banner-bg fill\" >\n            <img loading=\"lazy\" decoding=\"async\" width=\"1020\" height=\"159\" src=\"https:\/\/finearts-exclusive.com\/wp-content\/uploads\/2021\/11\/inner-page-banner-bg-1024x160.jpg\" class=\"bg attachment-large size-large\" alt=\"\" \/>                        <div class=\"overlay\"><\/div>            \n                    <\/div>\n\t\t\n        <div class=\"banner-layers container\">\n            <div class=\"fill banner-link\"><\/div>            \n\n   <div id=\"text-box-100096337\" class=\"text-box banner-layer x50 md-x50 lg-x50 y50 md-y50 lg-y50 res-text\">\n                                <div class=\"text-box-content text dark\">\n              \n              <div class=\"text-inner text-center\">\n                  \n\n\t<div id=\"text-906976509\" class=\"text heading-mobile\">\n\t\t\n\n<h1 class=\"uppercase txt-gold\">Contact<\/h1>\n\t\t\t<\/div>\n\t\n<div class=\"is-divider divider clearfix\" style=\"max-width:200px;background-color:rgb(220, 172, 72);\"><\/div>\n\n\n              <\/div>\n           <\/div>\n                            \n<style>\n#text-box-100096337 {\n  width: 90%;\n}\n#text-box-100096337 .text-box-content {\n  font-size: 100%;\n}\n<\/style>\n    <\/div>\n \n\n        <\/div>\n      <\/div>\n\n            \n<style>\n#banner-1650354898 {\n  padding-top: 200px;\n  background-color: rgb(0,0,0);\n}\n#banner-1650354898 .overlay {\n  background-color: rgba(0, 0, 0, 0.17);\n}\n@media (min-width:850px) {\n  #banner-1650354898 {\n    padding-top: 300px;\n  }\n}\n<\/style>\n  <\/div>\n\n\n\n\t<section class=\"section page-contact\" id=\"section_213353404\">\n\t\t<div class=\"section-bg fill\" >\n\t\t\t\t\t\t\t\t\t\n\t\t\t\n\n\t\t<\/div>\n\n\t\t\n\n\t\t<div class=\"section-content relative\">\n\t\t\t\n\n<div class=\"row\"  id=\"row-596454686\">\n\n\n\t<div id=\"col-1296619320\" class=\"col medium-6 small-12 large-6\"  >\n\t\t\t\t<div class=\"col-inner text-left\"  >\n\t\t\t\n\t\t\t\n\n<h2>Formulaire de contact<\/h2>\n\n<div class=\"wpcf7 no-js\" id=\"wpcf7-f42-o1\" lang=\"de-DE\" dir=\"ltr\" data-wpcf7-id=\"42\">\n<div class=\"screen-reader-response\"><p role=\"status\" aria-live=\"polite\" aria-atomic=\"true\"><\/p> <ul><\/ul><\/div>\n<form action=\"\/fr\/wp-json\/wp\/v2\/pages\/1170#wpcf7-f42-o1\" method=\"post\" class=\"wpcf7-form init\" aria-label=\"Formulaire de contact\" novalidate=\"novalidate\" data-status=\"init\" data-trp-original-action=\"\/fr\/wp-json\/wp\/v2\/pages\/1170#wpcf7-f42-o1\">\n<fieldset class=\"hidden-fields-container\"><input type=\"hidden\" name=\"_wpcf7\" value=\"42\" \/><input type=\"hidden\" name=\"_wpcf7_version\" value=\"6.1.5\" \/><input type=\"hidden\" name=\"_wpcf7_locale\" value=\"de_DE_formal\" \/><input type=\"hidden\" name=\"_wpcf7_unit_tag\" value=\"wpcf7-f42-o1\" \/><input type=\"hidden\" name=\"_wpcf7_container_post\" value=\"0\" \/><input type=\"hidden\" name=\"_wpcf7_posted_data_hash\" value=\"\" \/>\n<\/fieldset>\n<div class=\"content-column one_half\">\n\t<div style=\"padding:\"0;\">\n\t\t<p><span class=\"wpcf7-form-control-wrap\" data-name=\"first-name\"><input size=\"40\" maxlength=\"400\" class=\"wpcf7-form-control wpcf7-text wpcf7-validates-as-required\" aria-required=\"true\" aria-invalid=\"false\" placeholder=\"Pr\u00e9nom\" value=\"\" type=\"text\" name=\"first-name\" \/><\/span>\n\t\t<\/p>\n\t<\/div>\n<\/div>\n<div class=\"content-column one_half pr-0\">\n\t<div style=\"padding:\"0;\">\n\t\t<p><span class=\"wpcf7-form-control-wrap\" data-name=\"LastName\"><input size=\"40\" maxlength=\"400\" class=\"wpcf7-form-control wpcf7-text\" aria-invalid=\"false\" placeholder=\"Nom de famille\" value=\"\" type=\"text\" name=\"LastName\" \/><\/span>\n\t\t<\/p>\n\t<\/div>\n<\/div>\n<div class=\"content-column one_half\">\n\t<div style=\"padding:\"0;\">\n\t\t<p><span class=\"wpcf7-form-control-wrap\" data-name=\"your-email\"><input size=\"40\" maxlength=\"400\" class=\"wpcf7-form-control wpcf7-email wpcf7-validates-as-required wpcf7-text wpcf7-validates-as-email\" aria-required=\"true\" aria-invalid=\"false\" placeholder=\"Adresse \u00e9lectronique\" value=\"\" type=\"email\" name=\"your-email\" \/><\/span>\n\t\t<\/p>\n\t<\/div>\n<\/div>\n<div class=\"content-column one_half pr-0\">\n\t<div style=\"padding:\"0;\">\n\t\t<p><span class=\"wpcf7-form-control-wrap\" data-name=\"ContactNumber\"><input size=\"40\" maxlength=\"400\" class=\"wpcf7-form-control wpcf7-tel wpcf7-validates-as-required wpcf7-text wpcf7-validates-as-tel\" aria-required=\"true\" aria-invalid=\"false\" placeholder=\"Num\u00e9ro de t\u00e9l\u00e9phone\" value=\"\" type=\"tel\" name=\"ContactNumber\" \/><\/span>\n\t\t<\/p>\n\t<\/div>\n<\/div>\n<div class=\"content-column full_width\">\n\t<p><span class=\"wpcf7-form-control-wrap\" data-name=\"your-message\"><textarea cols=\"40\" rows=\"10\" maxlength=\"2000\" class=\"wpcf7-form-control wpcf7-textarea wpcf7-validates-as-required\" aria-required=\"true\" aria-invalid=\"false\" placeholder=\"Votre message\" name=\"your-message\"><\/textarea><\/span>\n\t<\/p>\n<\/div>\n<p><input class=\"wpcf7-form-control wpcf7-submit has-spinner\" type=\"submit\" value=\"Prendre contact\" \/>\n<\/p><div class=\"wpcf7-response-output\" aria-hidden=\"true\"><\/div>\n<input type=\"hidden\" name=\"trp-form-language\" value=\"fr\"\/><\/form>\n<\/div>\n\n\n\n\t\t<\/div>\n\t\t\t\t\n<style>\n#col-1296619320 > .col-inner {\n  padding: 0px 0px 0px 0px;\n  margin: 0px 0px 0px 0px;\n}\n@media (min-width:550px) {\n  #col-1296619320 > .col-inner {\n    padding: 0px 70px 0px 0px;\n  }\n}\n<\/style>\n\t<\/div>\n\n\t\n\n\t<div id=\"col-1349043053\" class=\"col medium-6 small-12 large-6\"  >\n\t\t\t\t<div class=\"col-inner\"  >\n\t\t\t\n\t\t\t\n\n<h2>FINE ARTS Wohnkultur GmbH<\/h2>\n<div class=\"row\"  id=\"row-926098305\">\n\n\n\t<div id=\"col-210730212\" class=\"col medium-6 small-12 large-6\"  >\n\t\t\t\t<div class=\"col-inner\"  >\n\t\t\t\n\t\t\t\n\n\t<div id=\"text-3589708037\" class=\"text\">\n\t\t\n\n<h3>Adresse :<\/h3>\n<p class=\"lead\">Rue Gwinner 40-42<br \/>\n60388 Francfort-sur-le-Main<br \/>\nAllemagne<\/p>\n<p>Repr\u00e9sent\u00e9 par : Goetz Albert KAHL<\/p>\n\n\t\t\n<style>\n#text-3589708037 {\n  font-size: 1rem;\n}\n<\/style>\n\t<\/div>\n\t\n\n\t\t<\/div>\n\t\t\t\t\t<\/div>\n\n\t\n\n\t<div id=\"col-1685010560\" class=\"col medium-6 small-12 large-6\"  >\n\t\t\t\t<div class=\"col-inner\"  >\n\t\t\t\n\t\t\t\n\n\t<div id=\"text-2775906855\" class=\"text\">\n\t\t\n\n<h3>Contact :<\/h3>\n<p class=\"lead\">T\u00e9l\u00e9phone : +49 (0) 69 942196-31<br \/>\nT\u00e9l\u00e9copieur : +49 (0) 69 942196-33<br \/>\nCourrier \u00e9lectronique : info@finearts-exclusive.com <\/p>\n<p>FINE ARTS Culture de l'habitat sur <img decoding=\"async\" src=\"https:\/\/finearts-exclusive.com\/wp-content\/uploads\/2022\/01\/map.png\" style=\"margin-top:-4px;\"><a href=\"https:\/\/www.google.de\/maps\/place\/Gwinnerstra%C3%9Fe+40,+60388+Frankfurt+am+Main\/@50.1391301,8.7357456,17z\/data=!3m1!4b1!4m5!3m4!1s0x47bd0e53c3b24241:0xbb358be6b23fe8e4!8m2!3d50.1391267!4d8.7379396?shorturl=1\" style=\"text-decoration: underline\">GoogleMaps<\/a><\/p>\n\n\t\t\n<style>\n#text-2775906855 {\n  font-size: 1rem;\n}\n<\/style>\n\t<\/div>\n\t\n\n\t\t<\/div>\n\t\t\t\t\t<\/div>\n\n\t\n\n<\/div>\n\n\t\t<\/div>\n\t\t\t\t\t<\/div>\n\n\t\n\n<\/div>\n\t<div class=\"img has-hover mapimg x md-x lg-x y md-y lg-y\" id=\"image_763723490\">\n\t\t\t\t\t\t\t\t<div class=\"img-inner dark\" >\n\t\t\t<img loading=\"lazy\" decoding=\"async\" width=\"1176\" height=\"678\" src=\"https:\/\/finearts-exclusive.com\/wp-content\/uploads\/2021\/11\/anfahrt.png\" class=\"attachment-original size-original\" alt=\"\" srcset=\"https:\/\/finearts-exclusive.com\/wp-content\/uploads\/2021\/11\/anfahrt.png 1176w, https:\/\/finearts-exclusive.com\/wp-content\/uploads\/2021\/11\/anfahrt-562x324.png 562w, https:\/\/finearts-exclusive.com\/wp-content\/uploads\/2021\/11\/anfahrt-1024x590.png 1024w, https:\/\/finearts-exclusive.com\/wp-content\/uploads\/2021\/11\/anfahrt-768x443.png 768w, https:\/\/finearts-exclusive.com\/wp-content\/uploads\/2021\/11\/anfahrt-18x10.png 18w\" sizes=\"auto, (max-width: 1176px) 100vw, 1176px\" \/>\t\t\t\t\t\t\n\t\t\t\t\t<\/div>\n\t\t\t\t\t\t\t\t\n<style>\n#image_763723490 {\n  width: 100%;\n}\n<\/style>\n\t<\/div>\n\t\n\n\n\t\t<\/div>\n\n\t\t\n<style>\n#section_213353404 {\n  padding-top: 30px;\n  padding-bottom: 30px;\n  background-color: rgb(0,0,0);\n}\n<\/style>\n\t<\/section>","protected":false},"excerpt":{"rendered":"","protected":false},"author":3,"featured_media":0,"parent":0,"menu_order":0,"comment_status":"closed","ping_status":"closed","template":"page-blank.php","meta":{"_seopress_robots_primary_cat":"","_seopress_titles_title":"","_seopress_titles_desc":"","_seopress_robots_index":"","footnotes":""},"class_list":["post-1170","page","type-page","status-publish","hentry"],"publishpress_future_workflow_manual_trigger":{"enabledWorkflows":[]},"_links":{"self":[{"href":"https:\/\/finearts-exclusive.com\/fr\/wp-json\/wp\/v2\/pages\/1170","targetHints":{"allow":["GET"]}}],"collection":[{"href":"https:\/\/finearts-exclusive.com\/fr\/wp-json\/wp\/v2\/pages"}],"about":[{"href":"https:\/\/finearts-exclusive.com\/fr\/wp-json\/wp\/v2\/types\/page"}],"author":[{"embeddable":true,"href":"https:\/\/finearts-exclusive.com\/fr\/wp-json\/wp\/v2\/users\/3"}],"replies":[{"embeddable":true,"href":"https:\/\/finearts-exclusive.com\/fr\/wp-json\/wp\/v2\/comments?post=1170"}],"version-history":[{"count":0,"href":"https:\/\/finearts-exclusive.com\/fr\/wp-json\/wp\/v2\/pages\/1170\/revisions"}],"wp:attachment":[{"href":"https:\/\/finearts-exclusive.com\/fr\/wp-json\/wp\/v2\/media?parent=1170"}],"curies":[{"name":"wp","href":"https:\/\/api.w.org\/{rel}","templated":true}]}}