{"id":2513,"date":"2021-12-10T11:28:43","date_gmt":"2021-12-10T10:28:43","guid":{"rendered":"https:\/\/finearts-exclusive.com\/?page_id=2513"},"modified":"2022-01-11T12:15:06","modified_gmt":"2022-01-11T11:15:06","slug":"artiste","status":"publish","type":"page","link":"https:\/\/finearts-exclusive.com\/fr\/kuenstler\/","title":{"rendered":"Artiste"},"content":{"rendered":"<section class=\"section full-width\" id=\"section_2055985457\">\n\t\t<div class=\"section-bg fill\" >\n\t\t\t\t\t\t\t\t\t\n\t\t\t\n\n\t\t<\/div>\n\n\t\t\n\n\t\t<div class=\"section-content relative\">\n\t\t\t\n\n\t<div class=\"img has-hover x md-x lg-x y md-y lg-y\" id=\"image_950546846\">\n\t\t\t\t\t\t\t\t<div class=\"img-inner dark\" >\n\t\t\t<img loading=\"lazy\" decoding=\"async\" width=\"1020\" height=\"680\" src=\"https:\/\/finearts-exclusive.com\/wp-content\/uploads\/2021\/12\/kuenstler-allgemein-1024x683.jpg\" class=\"attachment-large size-large\" alt=\"\" srcset=\"https:\/\/finearts-exclusive.com\/wp-content\/uploads\/2021\/12\/kuenstler-allgemein-1024x683.jpg 1024w, https:\/\/finearts-exclusive.com\/wp-content\/uploads\/2021\/12\/kuenstler-allgemein-562x375.jpg 562w, https:\/\/finearts-exclusive.com\/wp-content\/uploads\/2021\/12\/kuenstler-allgemein-768x512.jpg 768w, https:\/\/finearts-exclusive.com\/wp-content\/uploads\/2021\/12\/kuenstler-allgemein-18x12.jpg 18w, https:\/\/finearts-exclusive.com\/wp-content\/uploads\/2021\/12\/kuenstler-allgemein.jpg 1920w\" sizes=\"auto, (max-width: 1020px) 100vw, 1020px\" \/>\t\t\t\t\t\t\n\t\t\t\t\t<\/div>\n\t\t\t\t\t\t\t\t\n<style>\n#image_950546846 {\n  width: 100%;\n}\n<\/style>\n\t<\/div>\n\t\n\n\n\t\t<\/div>\n\n\t\t\n<style>\n#section_2055985457 {\n  padding-top: 0px;\n  padding-bottom: 0px;\n}\n<\/style>\n\t<\/section>\n\t\n\n\t<section class=\"section\" id=\"section_952498498\">\n\t\t<div class=\"section-bg fill\" >\n\t\t\t\t\t\t\t\t\t\n\t\t\t\n\n\t\t<\/div>\n\n\t\t\n\n\t\t<div class=\"section-content relative\">\n\t\t\t\n\n\t<div id=\"gap-857584054\" class=\"gap-element clearfix\" style=\"display:block; height:auto;\">\n\t\t\n<style>\n#gap-857584054 {\n  padding-top: 90px;\n}\n<\/style>\n\t<\/div>\n\t\n\n\t<div id=\"text-3583496473\" class=\"text\">\n\t\t\n\n<h1 class=\"txt-gold\">Nos artistes<\/h1>\n\t\t\n<style>\n#text-3583496473 {\n  font-size: 2rem;\n  text-align: center;\n}\n<\/style>\n\t<\/div>\n\t\n\t<div id=\"text-2652971247\" class=\"text\">\n\t\t\n\n<div style=\"max-width: 700px; margin-left: auto; margin-right: auto;\">\n<p>Nous travaillons en \u00e9troite collaboration avec diff\u00e9rents artistes et designers du monde entier.<\/p>\n<p>Nous sommes ouverts \u00e0 de nouveaux projets et les sculpteurs internationaux avec de nouvelles id\u00e9es sont toujours sollicit\u00e9s pour rester \u00e0 la pointe de l'art \u00e9rotique. Alors si vous \u00eates un artiste ou un designer avec des visions en bronze ou avec un concept d'\u00e9dition limit\u00e9e, n'h\u00e9sitez pas \u00e0 nous contacter.<\/p>\n<p>Vous trouverez nos chefs-d'\u0153uvre uniques en bronze, prot\u00e9g\u00e9s par des droits d'auteur et en \u00e9dition limit\u00e9e, dans des villas et des expositions de luxe ainsi que dans des mus\u00e9es c\u00e9l\u00e8bres du monde entier.<\/p>\n<p>En outre, nous sommes membres de la Guilde des artistes \u00e9rotiques, bas\u00e9e \u00e0 Londres et \u00e0 Cologne. Ils ont cr\u00e9\u00e9 une nouvelle salle d'exposition \u00e0 Cologne, en Allemagne. Elle est situ\u00e9e dans le quartier artistique de la ville et s'appelle Galerie an Br\u00fcsseler Platz. Elle pr\u00e9sentera le meilleur de l'art figuratif ainsi que de l'art contemporain. En tant qu'organisation internationale, c'est la plus grande organisation d'art \u00e9rotique au monde.<\/p>\n<\/div>\n\t\t\n<style>\n#text-2652971247 {\n  text-align: center;\n}\n<\/style>\n\t<\/div>\n\t\n\t<div id=\"gap-737994506\" class=\"gap-element clearfix\" style=\"display:block; height:auto;\">\n\t\t\n<style>\n#gap-737994506 {\n  padding-top: 60px;\n}\n<\/style>\n\t<\/div>\n\t\n\n\n\t\t<\/div>\n\n\t\t\n<style>\n#section_952498498 {\n  padding-top: 30px;\n  padding-bottom: 30px;\n  background-color: rgb(0,0,0);\n}\n<\/style>\n\t<\/section>\n\t\n\n\t<section class=\"section dark\" id=\"section_856722301\">\n\t\t<div class=\"section-bg fill\" >\n\t\t\t\t\t\t\t\t\t<div class=\"section-bg-overlay absolute fill\"><\/div>\n\t\t\t\n\n\t\t<\/div>\n\n\t\t\n\n\t\t<div class=\"section-content relative\">\n\t\t\t\n\n<div class=\"row row-collapse row-full-width align-middle\"  id=\"row-1355051124\">\n\n\n\t<div id=\"col-141016354\" class=\"col medium-6 small-12 large-6\"  >\n\t\t\t\t<div class=\"col-inner\"  >\n\t\t\t\n\t\t\t\n\n\t<div class=\"img has-hover x md-x lg-x y md-y lg-y\" id=\"image_844994397\">\n\t\t\t\t\t\t\t\t<div class=\"img-inner dark\" >\n\t\t\t<img loading=\"lazy\" decoding=\"async\" width=\"636\" height=\"1024\" src=\"https:\/\/finearts-exclusive.com\/wp-content\/uploads\/2021\/12\/foto_kuenstler_don_alberto_carlos_mit_ohren-636x1024.jpg\" class=\"attachment-large size-large\" alt=\"\" srcset=\"https:\/\/finearts-exclusive.com\/wp-content\/uploads\/2021\/12\/foto_kuenstler_don_alberto_carlos_mit_ohren-636x1024.jpg 636w, https:\/\/finearts-exclusive.com\/wp-content\/uploads\/2021\/12\/foto_kuenstler_don_alberto_carlos_mit_ohren-562x904.jpg 562w, https:\/\/finearts-exclusive.com\/wp-content\/uploads\/2021\/12\/foto_kuenstler_don_alberto_carlos_mit_ohren-768x1236.jpg 768w, https:\/\/finearts-exclusive.com\/wp-content\/uploads\/2021\/12\/foto_kuenstler_don_alberto_carlos_mit_ohren-7x12.jpg 7w, https:\/\/finearts-exclusive.com\/wp-content\/uploads\/2021\/12\/foto_kuenstler_don_alberto_carlos_mit_ohren.jpg 895w\" sizes=\"auto, (max-width: 636px) 100vw, 636px\" \/>\t\t\t\t\t\t\n\t\t\t\t\t<\/div>\n\t\t\t\t\t\t\t\t\n<style>\n#image_844994397 {\n  width: 100%;\n}\n<\/style>\n\t<\/div>\n\t\n\n\n\t\t<\/div>\n\t\t\t\t\t<\/div>\n\n\t\n\n\t<div id=\"col-1685106959\" class=\"col medium-6 small-12 large-6\"  >\n\t\t\t\t<div class=\"col-inner text-left\"  >\n\t\t\t\n\t\t\t\n\n\t<div id=\"text-3744743031\" class=\"text\">\n\t\t\n\n<h2 class=\"txt-gold\">Don Alberto Carlos<\/h2>\n\t\t\n<style>\n#text-3744743031 {\n  font-size: 2rem;\n  text-align: left;\n}\n<\/style>\n\t<\/div>\n\t\n<p><strong>Allemagne<\/strong><\/p>\n<p>Inspir\u00e9 par ses parents, peintres et architectes de renom, l'artiste a d\u00e9velopp\u00e9 tr\u00e8s t\u00f4t un grand int\u00e9r\u00eat pour le monde des beaux-arts.<\/p>\n<p>Il a termin\u00e9 ses \u00e9tudes d'\u00e9conomie \u00e0 l'universit\u00e9 Johann Wolfgang von Goethe de Francfort-sur-le-Main par des cours sur l'histoire mondiale, la religion mondiale et l'art. Il s'est particuli\u00e8rement int\u00e9ress\u00e9 \u00e0 la sculpture moderne et futuriste.<\/p>\n<p>Au cours de ses voyages, il a rencontr\u00e9 des personnes de toutes origines et de toutes \u00e9ducations et a pu voir les grands t\u00e9moignages de l'histoire de l'art humain, qui remontent \u00e0 des mill\u00e9naires. Ce faisant, il a pris conscience du contact sans pr\u00e9jug\u00e9s avec l'art \u00e9rotique et \u00e9rotique dans la plupart des nations du monde. Ils vivent l'\u00e9rotisme comme une chose naturelle, comme une partie importante de leur vie et de leur culture.<\/p>\n<p>Motiv\u00e9 et inspir\u00e9 par ces exp\u00e9riences, il a commenc\u00e9 \u00e0 exprimer ses \u00e9motions dans des sculptures \u00e9rotiques. Ses chefs-d'\u0153uvre toucheront le moi le plus intime des gens et les emm\u00e8neront dans un monde de sens et de sensualit\u00e9. Il travaille de pr\u00e9f\u00e9rence avec le mat\u00e9riau noble qu'est le bronze, souvent en combinaison avec un placage en or et en argent 24 carats ou avec des pierres pr\u00e9cieuses.<\/p>\n<a href=\"\/fr\/boutique\/?filter_kuenstler=don-alberto-carlos\" class=\"button primary is-outline\" >\n\t\t<span>\u0152uvres de Don Alberto Carlos<\/span>\n\t<\/a>\n\n\n\n\t\t<\/div>\n\t\t\t\t\n<style>\n#col-1685106959 > .col-inner {\n  padding: 5% 5% 5% 5%;\n}\n<\/style>\n\t<\/div>\n\n\t\n\n<\/div>\n\n\t\t<\/div>\n\n\t\t\n<style>\n#section_856722301 {\n  padding-top: 0px;\n  padding-bottom: 0px;\n  background-color: rgb(0,0,0);\n}\n#section_856722301 .section-bg-overlay {\n  background-color: rgba(0, 0, 0, 0.73);\n}\n<\/style>\n\t<\/section>\n\t\n\n\t<section class=\"section dark\" id=\"section_2145640485\">\n\t\t<div class=\"section-bg fill\" >\n\t\t\t\t\t\t\t\t\t<div class=\"section-bg-overlay absolute fill\"><\/div>\n\t\t\t\n\n\t\t<\/div>\n\n\t\t\n\n\t\t<div class=\"section-content relative\">\n\t\t\t\n\n<div class=\"row row-collapse row-full-width align-middle mobile-reverse\"  id=\"row-1347029791\">\n\n\n\t<div id=\"col-274119928\" class=\"col medium-6 small-12 large-6\"  >\n\t\t\t\t<div class=\"col-inner text-left\"  >\n\t\t\t\n\t\t\t\n\n\t<div id=\"text-4278705164\" class=\"text\">\n\t\t\n\n<h2 class=\"txt-gold\">Paul John Ballard<\/h2>\n\t\t\n<style>\n#text-4278705164 {\n  font-size: 2rem;\n  text-align: left;\n}\n<\/style>\n\t<\/div>\n\t\n<p><strong>Angleterre<\/strong><\/p>\n<p>Paul John Ballard a toujours eu l'\u0153il pour trouver une jolie femme et un cadeau \u00e0 dessiner. Combinez les deux et vous obtiendrez une \u0153uvre d'art exceptionnelle. Le talent naturel de Paul a donn\u00e9 naissance \u00e0 des images iconiques. Certaines pleines de fantaisie, d'autres puissantes, mais toujours fines dans les d\u00e9tails. Son style a immortalis\u00e9 les belles femmes du monde entier.<\/p>\n<p>\"Chaque femme est soigneusement con\u00e7ue pour prendre vie\". Chacune a sa propre personnalit\u00e9, mais elles poss\u00e8dent toutes une individualit\u00e9. Un contraste \u00e9lev\u00e9 et des d\u00e9tails nets sont les deux \u00e9l\u00e9ments qui constituent la base de mon art....\"<\/p>\n<p>Paul John Ballard a toujours \u00e9t\u00e9 reconnu comme le meilleur artiste de l'\u00e9cole et devait poursuivre une carri\u00e8re dans les arts, mais au lieu de cela, il s'est engag\u00e9 dans l'arm\u00e9e. Apr\u00e8s avoir obtenu une qualification en g\u00e9nie \u00e9lectrique et m\u00e9canique, il a pass\u00e9 les 12 ann\u00e9es suivantes dans le secteur de la construction. Apr\u00e8s avoir \u00e9t\u00e9 dynamit\u00e9 et br\u00fbl\u00e9 \u00e0 plusieurs reprises, il a d\u00e9cid\u00e9 de changer de carri\u00e8re. En 1992, il a commenc\u00e9 une carri\u00e8re dans l'art.<\/p>\n<p>Aujourd'hui, il travaille depuis chez lui sur des dessins de d\u00e9tail et depuis ses studios sur des peintures \u00e0 l'huile de plus grande envergure. Ses studios abritent \u00e9galement \"la guilde des artistes \u00e9rotiques\", qu'il a fond\u00e9e avec Colin Ballard, Ken Clarke et Ray Leaning.<\/p>\n\n<a href=\"\/fr\/boutique\/?filter_kuenstler=paul-john-ballard\" class=\"button primary is-outline\" >\n\t\t<span>\u00c5'uvres de Paul John Ballard<\/span>\n\t<\/a>\n\n\n\n\t\t<\/div>\n\t\t\t\t\n<style>\n#col-274119928 > .col-inner {\n  padding: 5% 5% 5% 5%;\n}\n<\/style>\n\t<\/div>\n\n\t\n\n\t<div id=\"col-1437012887\" class=\"col medium-6 small-12 large-6\"  >\n\t\t\t\t<div class=\"col-inner\"  >\n\t\t\t\n\t\t\t\n\n\t<div class=\"img has-hover x md-x lg-x y md-y lg-y\" id=\"image_28424614\">\n\t\t\t\t\t\t\t\t<div class=\"img-inner dark\" >\n\t\t\t<img loading=\"lazy\" decoding=\"async\" width=\"711\" height=\"1024\" src=\"https:\/\/finearts-exclusive.com\/wp-content\/uploads\/2021\/12\/foto_kuenstler_paul_john_ballard_01-711x1024.jpg\" class=\"attachment-large size-large\" alt=\"\" srcset=\"https:\/\/finearts-exclusive.com\/wp-content\/uploads\/2021\/12\/foto_kuenstler_paul_john_ballard_01-711x1024.jpg 711w, https:\/\/finearts-exclusive.com\/wp-content\/uploads\/2021\/12\/foto_kuenstler_paul_john_ballard_01-562x810.jpg 562w, https:\/\/finearts-exclusive.com\/wp-content\/uploads\/2021\/12\/foto_kuenstler_paul_john_ballard_01-768x1106.jpg 768w, https:\/\/finearts-exclusive.com\/wp-content\/uploads\/2021\/12\/foto_kuenstler_paul_john_ballard_01-8x12.jpg 8w, https:\/\/finearts-exclusive.com\/wp-content\/uploads\/2021\/12\/foto_kuenstler_paul_john_ballard_01.jpg 960w\" sizes=\"auto, (max-width: 711px) 100vw, 711px\" \/>\t\t\t\t\t\t\n\t\t\t\t\t<\/div>\n\t\t\t\t\t\t\t\t\n<style>\n#image_28424614 {\n  width: 100%;\n}\n<\/style>\n\t<\/div>\n\t\n\n\n\t\t<\/div>\n\t\t\t\t\t<\/div>\n\n\t\n\n<\/div>\n\n\t\t<\/div>\n\n\t\t\n<style>\n#section_2145640485 {\n  padding-top: 0px;\n  padding-bottom: 0px;\n  background-color: rgb(0,0,0);\n}\n#section_2145640485 .section-bg-overlay {\n  background-color: rgba(0, 0, 0, 0.73);\n}\n<\/style>\n\t<\/section>\n\t\n\n\t<section class=\"section dark\" id=\"section_1813921193\">\n\t\t<div class=\"section-bg fill\" >\n\t\t\t\t\t\t\t\t\t<div class=\"section-bg-overlay absolute fill\"><\/div>\n\t\t\t\n\n\t\t<\/div>\n\n\t\t\n\n\t\t<div class=\"section-content relative\">\n\t\t\t\n\n<div class=\"row row-collapse row-full-width align-middle\"  id=\"row-1311037307\">\n\n\n\t<div id=\"col-991438263\" class=\"col medium-6 small-12 large-6\"  >\n\t\t\t\t<div class=\"col-inner\"  >\n\t\t\t\n\t\t\t\n\n\t<div class=\"img has-hover x md-x lg-x y md-y lg-y\" id=\"image_9456905\">\n\t\t\t\t\t\t\t\t<div class=\"img-inner dark\" >\n\t\t\t<img loading=\"lazy\" decoding=\"async\" width=\"682\" height=\"1024\" src=\"https:\/\/finearts-exclusive.com\/wp-content\/uploads\/2021\/12\/foto_kuenstler_rudolfo_bucacio_01-682x1024.jpg\" class=\"attachment-large size-large\" alt=\"\" srcset=\"https:\/\/finearts-exclusive.com\/wp-content\/uploads\/2021\/12\/foto_kuenstler_rudolfo_bucacio_01-682x1024.jpg 682w, https:\/\/finearts-exclusive.com\/wp-content\/uploads\/2021\/12\/foto_kuenstler_rudolfo_bucacio_01-562x844.jpg 562w, https:\/\/finearts-exclusive.com\/wp-content\/uploads\/2021\/12\/foto_kuenstler_rudolfo_bucacio_01-768x1153.jpg 768w, https:\/\/finearts-exclusive.com\/wp-content\/uploads\/2021\/12\/foto_kuenstler_rudolfo_bucacio_01-8x12.jpg 8w, https:\/\/finearts-exclusive.com\/wp-content\/uploads\/2021\/12\/foto_kuenstler_rudolfo_bucacio_01.jpg 960w\" sizes=\"auto, (max-width: 682px) 100vw, 682px\" \/>\t\t\t\t\t\t\n\t\t\t\t\t<\/div>\n\t\t\t\t\t\t\t\t\n<style>\n#image_9456905 {\n  width: 100%;\n}\n<\/style>\n\t<\/div>\n\t\n\n\n\t\t<\/div>\n\t\t\t\t\t<\/div>\n\n\t\n\n\t<div id=\"col-466825734\" class=\"col medium-6 small-12 large-6\"  >\n\t\t\t\t<div class=\"col-inner text-left\"  >\n\t\t\t\n\t\t\t\n\n\t<div id=\"text-3970957410\" class=\"text\">\n\t\t\n\n<h2 class=\"txt-gold\">Rudolfo Bucacio<\/h2>\n\t\t\n<style>\n#text-3970957410 {\n  font-size: 2rem;\n  text-align: left;\n}\n<\/style>\n\t<\/div>\n\t\n<p><strong>Allemagne<\/strong><\/p>\n<p>L'artiste a \u00e9tudi\u00e9 l'art et l'\u00e9ducation artistique \u00e0 l'universit\u00e9 Johann Wolfgang von Goethe de Francfort-sur-le-Main, accompagn\u00e9 d'\u00e9tudes de philosophie, de psychologie et d'histoire de l'art. Il a poursuivi ses \u00e9tudes \u00e0 l'acad\u00e9mie des arts d'Esslingen et \u00e0 l'\u00e9cole sup\u00e9rieure sp\u00e9cialis\u00e9e de Friedberg, notamment le moulage du bronze et l'interaction entre le design, les couleurs et l'\u00e9nergie, afin de porter sa sculpture \u00e0 un niveau sup\u00e9rieur.<\/p>\n<p>Ses sculptures magistrales et futuristes sont marqu\u00e9es par les personnes du 21e si\u00e8cle qui attachent de l'importance \u00e0 une composition optimale de la sculpture, de l'espace et du design, qui poss\u00e8dent des mat\u00e9riaux nobles, de l'\u00e9l\u00e9gance et de l'individualit\u00e9 et qui sont attir\u00e9es par la magie du perfectionnisme.  Finearts - des sculptures qui motivent, influencent, activent et harmonisent les gens - avec un effet curatif sur le corps et l'esprit.<\/p>\n<a href=\"\/fr\/boutique\/?filter_kuenstler=rudolfo-bucacio\" class=\"button primary is-outline\" >\n\t\t<span>\u00c5'uvres de Rudolfo Bucacio<\/span>\n\t<\/a>\n\n\n\n\t\t<\/div>\n\t\t\t\t\n<style>\n#col-466825734 > .col-inner {\n  padding: 5% 5% 5% 5%;\n}\n<\/style>\n\t<\/div>\n\n\t\n\n<\/div>\n\n\t\t<\/div>\n\n\t\t\n<style>\n#section_1813921193 {\n  padding-top: 0px;\n  padding-bottom: 0px;\n  background-color: rgb(0,0,0);\n}\n#section_1813921193 .section-bg-overlay {\n  background-color: rgba(0, 0, 0, 0.73);\n}\n<\/style>\n\t<\/section>\n\t\n\n\t<section class=\"section dark\" id=\"section_900876742\">\n\t\t<div class=\"section-bg fill\" >\n\t\t\t\t\t\t\t\t\t<div class=\"section-bg-overlay absolute fill\"><\/div>\n\t\t\t\n\n\t\t<\/div>\n\n\t\t\n\n\t\t<div class=\"section-content relative\">\n\t\t\t\n\n<div class=\"row row-collapse row-full-width align-middle mobile-reverse\"  id=\"row-1562360608\">\n\n\n\t<div id=\"col-358074222\" class=\"col medium-6 small-12 large-6\"  >\n\t\t\t\t<div class=\"col-inner text-left\"  >\n\t\t\t\n\t\t\t\n\n\t<div id=\"text-2295449437\" class=\"text\">\n\t\t\n\n<h2 class=\"txt-gold\">Ray Leaning<\/h2>\n\t\t\n<style>\n#text-2295449437 {\n  font-size: 2rem;\n  text-align: left;\n}\n<\/style>\n\t<\/div>\n\t\n<p><strong>Angleterre<\/strong><\/p>\n<p>L'artiste a fr\u00e9quent\u00e9 l'Art Foundation de Grimsby, dans le Lincolnshire. Puis il est retourn\u00e9 au coll\u00e8ge en 1981 en tant qu'\u00e9tudiant mature et a obtenu un BA (Hons) Fine Art d'Exeter et un PGCE (Art &amp; Design) de l'universit\u00e9 de Brighton en 1985. Il a pass\u00e9 ses ann\u00e9es d'\u00e9tudes dans son salon, suivant les comp\u00e9tences traditionnelles du dessin et de la peinture classiques. Un m\u00e9dium honn\u00eate et subtil qui exige de la ma\u00eetrise.<\/p>\n<a href=\"\/fr\/boutique\/?filter_kuenstler=ray-leaning\" class=\"button primary is-outline\" >\n\t\t<span>\u00c5'uvres de Ray Leaning<\/span>\n\t<\/a>\n\n\n\n\t\t<\/div>\n\t\t\t\t\n<style>\n#col-358074222 > .col-inner {\n  padding: 5% 5% 5% 5%;\n}\n<\/style>\n\t<\/div>\n\n\t\n\n\t<div id=\"col-913423857\" class=\"col medium-6 small-12 large-6\"  >\n\t\t\t\t<div class=\"col-inner\"  >\n\t\t\t\n\t\t\t\n\n\t<div class=\"img has-hover x md-x lg-x y md-y lg-y\" id=\"image_354191701\">\n\t\t\t\t\t\t\t\t<div class=\"img-inner dark\" >\n\t\t\t<img loading=\"lazy\" decoding=\"async\" width=\"576\" height=\"1024\" src=\"https:\/\/finearts-exclusive.com\/wp-content\/uploads\/2021\/12\/foto_kuenstler_ray_leaning-576x1024.jpg\" class=\"attachment-large size-large\" alt=\"\" srcset=\"https:\/\/finearts-exclusive.com\/wp-content\/uploads\/2021\/12\/foto_kuenstler_ray_leaning-576x1024.jpg 576w, https:\/\/finearts-exclusive.com\/wp-content\/uploads\/2021\/12\/foto_kuenstler_ray_leaning-562x999.jpg 562w, https:\/\/finearts-exclusive.com\/wp-content\/uploads\/2021\/12\/foto_kuenstler_ray_leaning-768x1365.jpg 768w, https:\/\/finearts-exclusive.com\/wp-content\/uploads\/2021\/12\/foto_kuenstler_ray_leaning-7x12.jpg 7w, https:\/\/finearts-exclusive.com\/wp-content\/uploads\/2021\/12\/foto_kuenstler_ray_leaning.jpg 810w\" sizes=\"auto, (max-width: 576px) 100vw, 576px\" \/>\t\t\t\t\t\t\n\t\t\t\t\t<\/div>\n\t\t\t\t\t\t\t\t\n<style>\n#image_354191701 {\n  width: 100%;\n}\n<\/style>\n\t<\/div>\n\t\n\n\n\t\t<\/div>\n\t\t\t\t\t<\/div>\n\n\t\n\n<\/div>\n\n\t\t<\/div>\n\n\t\t\n<style>\n#section_900876742 {\n  padding-top: 0px;\n  padding-bottom: 0px;\n  background-color: rgb(0,0,0);\n}\n#section_900876742 .section-bg-overlay {\n  background-color: rgba(0, 0, 0, 0.73);\n}\n<\/style>\n\t<\/section>\n\t\n\n\t<section class=\"section dark\" id=\"section_1933731665\">\n\t\t<div class=\"section-bg fill\" >\n\t\t\t\t\t\t\t\t\t<div class=\"section-bg-overlay absolute fill\"><\/div>\n\t\t\t\n\n\t\t<\/div>\n\n\t\t\n\n\t\t<div class=\"section-content relative\">\n\t\t\t\n\n<div class=\"row row-collapse row-full-width align-middle\"  id=\"row-1646500565\">\n\n\n\t<div id=\"col-1505525214\" class=\"col medium-6 small-12 large-6\"  >\n\t\t\t\t<div class=\"col-inner\"  >\n\t\t\t\n\t\t\t\n\n\t<div class=\"img has-hover x md-x lg-x y md-y lg-y\" id=\"image_1647344799\">\n\t\t\t\t\t\t\t\t<div class=\"img-inner dark\" >\n\t\t\t<img loading=\"lazy\" decoding=\"async\" width=\"683\" height=\"1024\" src=\"https:\/\/finearts-exclusive.com\/wp-content\/uploads\/2021\/12\/foto_kunstler_ze_nobre-683x1024.jpg\" class=\"attachment-large size-large\" alt=\"\" srcset=\"https:\/\/finearts-exclusive.com\/wp-content\/uploads\/2021\/12\/foto_kunstler_ze_nobre-683x1024.jpg 683w, https:\/\/finearts-exclusive.com\/wp-content\/uploads\/2021\/12\/foto_kunstler_ze_nobre-562x843.jpg 562w, https:\/\/finearts-exclusive.com\/wp-content\/uploads\/2021\/12\/foto_kunstler_ze_nobre-768x1152.jpg 768w, https:\/\/finearts-exclusive.com\/wp-content\/uploads\/2021\/12\/foto_kunstler_ze_nobre-8x12.jpg 8w, https:\/\/finearts-exclusive.com\/wp-content\/uploads\/2021\/12\/foto_kunstler_ze_nobre.jpg 960w\" sizes=\"auto, (max-width: 683px) 100vw, 683px\" \/>\t\t\t\t\t\t\n\t\t\t\t\t<\/div>\n\t\t\t\t\t\t\t\t\n<style>\n#image_1647344799 {\n  width: 100%;\n}\n<\/style>\n\t<\/div>\n\t\n\n\t<div id=\"gap-873562419\" class=\"gap-element clearfix\" style=\"display:block; height:auto;\">\n\t\t\n<style>\n#gap-873562419 {\n  padding-top: 50px;\n}\n<\/style>\n\t<\/div>\n\t\n\n\n\t\t<\/div>\n\t\t\t\t\t<\/div>\n\n\t\n\n\t<div id=\"col-2004014455\" class=\"col medium-6 small-12 large-6\"  >\n\t\t\t\t<div class=\"col-inner text-left\"  >\n\t\t\t\n\t\t\t\n\n\t<div id=\"text-3264023829\" class=\"text\">\n\t\t\n\n<h2 class=\"txt-gold\">Z\u00e9 Nobre<\/h2>\n\t\t\n<style>\n#text-3264023829 {\n  font-size: 2rem;\n  text-align: left;\n}\n<\/style>\n\t<\/div>\n\t\n<p><strong>Autriche<\/strong><\/p>\n<p>L'artiste est n\u00e9 en 1945 \u00e0 Eben, en Autriche.<\/p>\n<p>Ze Nobre a \u00e9tudi\u00e9 la sculpture \u00e0 l'Acad\u00e9mie des beaux-arts de Vienne. Depuis 1975, apr\u00e8s avoir travaill\u00e9 comme restaurateur, entre autres, des sculptures en plein air des ch\u00e2teaux du Belv\u00e9d\u00e8re et de Sch\u00f6nbrunn \u00e0 Vienne, il a cr\u00e9\u00e9 de nombreuses \u0153uvres plastiques.\u00a0<\/p>\n<p>Parall\u00e8lement, il se fait remarquer par des gravures, des pastels et des dessins.<\/p>\n<p>Mais l'artiste travaillait aussi parfois de mani\u00e8re figurative, voire r\u00e9aliste. Il allie une excellente technique \u00e0 une exigence esth\u00e9tique maximale.<\/p>\n<p>Le r\u00e9sultat de sa passion : l'\u00e9rotisme \u00e0 l'\u00e9tat pur.\u00a0<\/p>\n<p>Les sculptures de Ze Nobres sont fabriqu\u00e9es par ARA-Kunst Dr. Fritz Albrecht.<\/p>\n<p>Il a acquis une renomm\u00e9e mondiale gr\u00e2ce \u00e0 ses sculptures de grande et de petite taille. Ses \u0153uvres sont pr\u00e9sent\u00e9es dans de nombreuses expositions \u00e0 travers le monde.<\/p>\n<p>Les sculptures grandioses de Z\u00e9 Nobre sont d'une puissance \u00e9norme, presque archa\u00efque. Elles semblent comme hors du temps dans leur association de l'art moderne de notre \u00e9poque avec les conceptions formelles des cultures anciennes.<\/p>\n<a href=\"\/fr\/boutique\/?filter_kuenstler=ze-nobre\" class=\"button primary is-outline\" >\n\t\t<span>\u00c5'uvres de Z\u00e9 Nobre<\/span>\n\t<\/a>\n\n\n\n\t\t<\/div>\n\t\t\t\t\n<style>\n#col-2004014455 > .col-inner {\n  padding: 5% 5% 5% 5%;\n}\n<\/style>\n\t<\/div>\n\n\t\n\n<\/div>\n\n\t\t<\/div>\n\n\t\t\n<style>\n#section_1933731665 {\n  padding-top: 0px;\n  padding-bottom: 0px;\n  background-color: rgb(0,0,0);\n}\n#section_1933731665 .section-bg-overlay {\n  background-color: rgba(0, 0, 0, 0.73);\n}\n<\/style>\n\t<\/section>","protected":false},"excerpt":{"rendered":"","protected":false},"author":3,"featured_media":0,"parent":0,"menu_order":0,"comment_status":"closed","ping_status":"closed","template":"page-blank.php","meta":{"_seopress_robots_primary_cat":"","_seopress_titles_title":"","_seopress_titles_desc":"","_seopress_robots_index":"","footnotes":""},"class_list":["post-2513","page","type-page","status-publish","hentry"],"publishpress_future_workflow_manual_trigger":{"enabledWorkflows":[]},"_links":{"self":[{"href":"https:\/\/finearts-exclusive.com\/fr\/wp-json\/wp\/v2\/pages\/2513","targetHints":{"allow":["GET"]}}],"collection":[{"href":"https:\/\/finearts-exclusive.com\/fr\/wp-json\/wp\/v2\/pages"}],"about":[{"href":"https:\/\/finearts-exclusive.com\/fr\/wp-json\/wp\/v2\/types\/page"}],"author":[{"embeddable":true,"href":"https:\/\/finearts-exclusive.com\/fr\/wp-json\/wp\/v2\/users\/3"}],"replies":[{"embeddable":true,"href":"https:\/\/finearts-exclusive.com\/fr\/wp-json\/wp\/v2\/comments?post=2513"}],"version-history":[{"count":0,"href":"https:\/\/finearts-exclusive.com\/fr\/wp-json\/wp\/v2\/pages\/2513\/revisions"}],"wp:attachment":[{"href":"https:\/\/finearts-exclusive.com\/fr\/wp-json\/wp\/v2\/media?parent=2513"}],"curies":[{"name":"wp","href":"https:\/\/api.w.org\/{rel}","templated":true}]}}