{"id":29,"date":"2021-10-24T22:36:35","date_gmt":"2021-10-24T20:36:35","guid":{"rendered":"https:\/\/finearts-exclusive.com\/impressum"},"modified":"2025-07-21T10:47:13","modified_gmt":"2025-07-21T08:47:13","slug":"mentions-legales","status":"publish","type":"page","link":"https:\/\/finearts-exclusive.com\/fr\/impressum\/","title":{"rendered":"Mentions l\u00e9gales"},"content":{"rendered":"<div class=\"banner has-hover\" id=\"banner-1069025799\">\n          <div class=\"banner-inner fill\">\n        <div class=\"banner-bg fill\" >\n            <img loading=\"lazy\" decoding=\"async\" width=\"1020\" height=\"159\" src=\"https:\/\/finearts-exclusive.com\/wp-content\/uploads\/2021\/11\/inner-page-banner-bg-1024x160.jpg\" class=\"bg attachment-large size-large\" alt=\"\" \/>                                    \n                    <\/div>\n\t\t\n        <div class=\"banner-layers container\">\n            <div class=\"fill banner-link\"><\/div>            \n\n   <div id=\"text-box-889289196\" class=\"text-box banner-layer x50 md-x50 lg-x50 y50 md-y50 lg-y50 res-text\">\n                                <div class=\"text-box-content text dark\">\n              \n              <div class=\"text-inner text-center\">\n                  \n\n\t<div id=\"text-1181965993\" class=\"text heading-mobile\">\n\t\t\n\n<h1 class=\"uppercase txt-gold\">IMPRESSUM<\/h1>\n\t\t\t<\/div>\n\t\n<div class=\"text-center\"><div class=\"is-divider divider clearfix\" style=\"max-width:200px;background-color:rgb(220, 172, 72);\"><\/div><\/div>\n\n\n              <\/div>\n           <\/div>\n                            \n<style>\n#text-box-889289196 {\n  width: 90%;\n}\n#text-box-889289196 .text-box-content {\n  font-size: 100%;\n}\n<\/style>\n    <\/div>\n \n\n        <\/div>\n      <\/div>\n\n            \n<style>\n#banner-1069025799 {\n  padding-top: 200px;\n  background-color: rgb(0, 0, 0);\n}\n@media (min-width:550px) {\n  #banner-1069025799 {\n    padding-top: 300px;\n  }\n}\n<\/style>\n  <\/div>\n\n\n\n\t<section class=\"section\" id=\"section_2045700388\">\n\t\t<div class=\"section-bg fill\" >\n\t\t\t\t\t\t\t\t\t\n\t\t\t\n\n\t\t<\/div>\n\n\t\t\n\n\t\t<div class=\"section-content relative\">\n\t\t\t\n\n<div class=\"row\"  id=\"row-1962205182\">\n\n\n\t<div id=\"col-553149187\" class=\"col small-12 large-12\"  >\n\t\t\t\t<div class=\"col-inner\"  >\n\t\t\t\n\t\t\t\n\n<p><em>Informations conformes au \u00a7 5 DDG :<\/em><\/p>\n<p>FINE ARTS Wohnkultur GmbH<br \/>Rue Gwinner 40-42<br \/>60388 Francfort-sur-le-Main<br \/>Allemagne<br \/>Repr\u00e9sent\u00e9 par : Goetz Albert KAHL<br \/>T\u00e9l\u00e9phone : +49 (0) 69 942196-31<br \/>T\u00e9l\u00e9copieur : +49 (0) 69 942196-33<br \/>Courrier \u00e9lectronique :\u00a0<a href=\"https:\/\/finearts-exclusive.com\/fr\/impressum-agb\/info@finearts-exclusive.de\/\">info@finearts-exclusive.com<\/a><\/p>\n<p>Enregistr\u00e9 au tribunal d'instance de Francfort-sur-le-Main sous le num\u00e9ro HRB 38716<\/p>\n<p><em>Num\u00e9ro d'identification de la taxe sur le chiffre d'affaires conform\u00e9ment au \u00a727 a de la loi sur la taxe sur le chiffre d'affaires :<\/em><br \/>FR 166523935<\/p>\n<p>V.i.S.d.P. : La soci\u00e9t\u00e9 FINE ARTS Wohnkultur GmbH est responsable de tous les textes et images des pages regroup\u00e9es sous nos domaines.<\/p>\n<h3>Clause de non-responsabilit\u00e9 :<\/h3>\n<p><em>Responsabilit\u00e9 du contenu<\/em><br \/>Le contenu de nos pages a \u00e9t\u00e9 \u00e9labor\u00e9 avec le plus grand soin. Nous ne pouvons toutefois pas garantir l'exactitude, l'exhaustivit\u00e9 et l'actualit\u00e9 des contenus. En tant que prestataire de services, nous sommes responsables, conform\u00e9ment au \u00a7 7 alin\u00e9a 1 de la loi allemande sur les t\u00e9l\u00e9m\u00e9dias (TMG), de nos propres contenus sur ces pages selon les lois g\u00e9n\u00e9rales. Selon les \u00a7\u00a7 8 \u00e0 10 de la TMG, nous ne sommes toutefois pas tenus, en tant que prestataire de services, de surveiller les informations externes transmises ou enregistr\u00e9es ou de rechercher les circonstances qui indiquent une activit\u00e9 ill\u00e9gale. Les obligations de supprimer ou de bloquer l'utilisation d'informations conform\u00e9ment aux lois g\u00e9n\u00e9rales ne sont pas affect\u00e9es par cette disposition. Une responsabilit\u00e9 \u00e0 cet \u00e9gard n'est toutefois possible qu'\u00e0 partir du moment o\u00f9 une violation concr\u00e8te de la loi est connue. D\u00e8s la prise de connaissance d'une telle violation, nous supprimerons imm\u00e9diatement les contenus concern\u00e9s.<\/p>\n<h3><em>Responsabilit\u00e9 pour les liens<\/em><\/h3>\n<p>Notre offre contient des liens vers des sites web externes de tiers, sur le contenu desquels nous n'avons aucune influence. C'est pourquoi nous ne pouvons pas non plus nous porter garants de ces contenus externes. Le fournisseur ou l'exploitant des pages li\u00e9es est toujours responsable des contenus de ces pages. Les pages li\u00e9es ont \u00e9t\u00e9 contr\u00f4l\u00e9es au moment de la cr\u00e9ation du lien afin de v\u00e9rifier qu'elles ne pr\u00e9sentaient pas d'infraction \u00e0 la loi. Aucun contenu ill\u00e9gal n'a \u00e9t\u00e9 identifi\u00e9 au moment de la cr\u00e9ation du lien. Un contr\u00f4le permanent du contenu des pages li\u00e9es n'est toutefois pas exigible sans indices concrets d'une violation de la loi. D\u00e8s que nous aurons connaissance d'une violation de la loi, nous supprimerons imm\u00e9diatement les liens concern\u00e9s.<\/p>\n<h3>Droit d'auteur<\/h3>\n<p>Les contenus et les \u0153uvres cr\u00e9\u00e9s par les exploitants de ces pages sont soumis au droit d'auteur allemand. La reproduction, le traitement, la diffusion et toute forme d'exploitation en dehors des limites du droit d'auteur requi\u00e8rent l'accord \u00e9crit de l'auteur ou du cr\u00e9ateur concern\u00e9. Les t\u00e9l\u00e9chargements et les copies de ce site ne sont autoris\u00e9s que pour un usage priv\u00e9 et non commercial. Dans la mesure o\u00f9 les contenus de ce site n'ont pas \u00e9t\u00e9 cr\u00e9\u00e9s par l'exploitant, les droits d'auteur de tiers sont respect\u00e9s. Les contenus de tiers sont notamment identifi\u00e9s comme tels. Si vous deviez n\u00e9anmoins constater une violation des droits d'auteur, nous vous prions de nous en informer. D\u00e8s la prise de connaissance d'une violation de la loi, nous supprimerons imm\u00e9diatement les contenus concern\u00e9s.<\/p>\n<h3>Protection des donn\u00e9es<\/h3>\n<p>En r\u00e8gle g\u00e9n\u00e9rale, l'utilisation de notre site web est possible sans indication de donn\u00e9es personnelles. Dans la mesure o\u00f9 des donn\u00e9es personnelles (par exemple nom, adresse ou adresses e-mail) sont collect\u00e9es sur notre site, elles le sont toujours, dans la mesure du possible, sur une base volontaire. Ces donn\u00e9es ne sont pas transmises \u00e0 des tiers sans votre accord explicite. Nous attirons votre attention sur le fait que la transmission de donn\u00e9es sur Internet (par ex. lors de la communication par e-mail) peut pr\u00e9senter des failles de s\u00e9curit\u00e9. Une protection sans faille des donn\u00e9es contre l'acc\u00e8s par des tiers n'est pas possible. L'utilisation par des tiers des donn\u00e9es de contact publi\u00e9es dans le cadre des mentions l\u00e9gales obligatoires pour l'envoi de publicit\u00e9 et de mat\u00e9riel d'information non express\u00e9ment demand\u00e9s est express\u00e9ment interdite. Les exploitants des pages se r\u00e9servent express\u00e9ment le droit d'engager des poursuites judiciaires en cas d'envoi non sollicit\u00e9 d'informations publicitaires, par exemple par le biais de spams.<\/p>\n<p><em>Source : Disclaimer de eRecht24, le portail du droit Internet de l'avocat S\u00f6ren Siebert.<\/em><\/p>\n<div class=\"woocommerce woocommerce-gzd woocommerce-gzd-complaints-shortcode\">\n<h3>R\u00e8glement des litiges de consommation\/organe universel de conciliation<\/h3>\n<p>Nous ne sommes pas pr\u00eats ou oblig\u00e9s de participer \u00e0 des proc\u00e9dures de r\u00e8glement des litiges devant un organisme de conciliation des consommateurs.<\/p>\n<\/div>\n\n\t\t<\/div>\n\t\t\t\t\n<style>\n#col-553149187 > .col-inner {\n  padding: 50px 0px 50px 0px;\n}\n<\/style>\n\t<\/div>\n\n\t\n\n<\/div>\n\n\t\t<\/div>\n\n\t\t\n<style>\n#section_2045700388 {\n  padding-top: 30px;\n  padding-bottom: 30px;\n}\n<\/style>\n\t<\/section>","protected":false},"excerpt":{"rendered":"","protected":false},"author":3,"featured_media":0,"parent":0,"menu_order":0,"comment_status":"closed","ping_status":"closed","template":"page-blank.php","meta":{"_seopress_robots_primary_cat":"","_seopress_titles_title":"","_seopress_titles_desc":"","_seopress_robots_index":"","footnotes":""},"class_list":["post-29","page","type-page","status-publish","hentry"],"publishpress_future_workflow_manual_trigger":{"enabledWorkflows":[]},"_links":{"self":[{"href":"https:\/\/finearts-exclusive.com\/fr\/wp-json\/wp\/v2\/pages\/29","targetHints":{"allow":["GET"]}}],"collection":[{"href":"https:\/\/finearts-exclusive.com\/fr\/wp-json\/wp\/v2\/pages"}],"about":[{"href":"https:\/\/finearts-exclusive.com\/fr\/wp-json\/wp\/v2\/types\/page"}],"author":[{"embeddable":true,"href":"https:\/\/finearts-exclusive.com\/fr\/wp-json\/wp\/v2\/users\/3"}],"replies":[{"embeddable":true,"href":"https:\/\/finearts-exclusive.com\/fr\/wp-json\/wp\/v2\/comments?post=29"}],"version-history":[{"count":0,"href":"https:\/\/finearts-exclusive.com\/fr\/wp-json\/wp\/v2\/pages\/29\/revisions"}],"wp:attachment":[{"href":"https:\/\/finearts-exclusive.com\/fr\/wp-json\/wp\/v2\/media?parent=29"}],"curies":[{"name":"wp","href":"https:\/\/api.w.org\/{rel}","templated":true}]}}