{"id":31,"date":"2021-10-24T22:36:35","date_gmt":"2021-10-24T20:36:35","guid":{"rendered":"https:\/\/finearts-exclusive.com\/widerrufsbelehrung"},"modified":"2021-12-09T14:06:40","modified_gmt":"2021-12-09T13:06:40","slug":"information-sur-le-droit-de-retractation","status":"publish","type":"page","link":"https:\/\/finearts-exclusive.com\/fr\/widerrufsbelehrung\/","title":{"rendered":"Information sur le droit de r\u00e9tractation"},"content":{"rendered":"<div class=\"banner has-hover banner-mb\" id=\"banner-1045836256\">\n          <div class=\"banner-inner fill\">\n        <div class=\"banner-bg fill\" >\n            <img loading=\"lazy\" decoding=\"async\" width=\"1020\" height=\"159\" src=\"https:\/\/finearts-exclusive.com\/wp-content\/uploads\/2021\/11\/inner-page-banner-bg-1024x160.jpg\" class=\"bg attachment-large size-large\" alt=\"\" \/>                                    \n                    <\/div>\n\t\t\n        <div class=\"banner-layers container\">\n            <div class=\"fill banner-link\"><\/div>            \n\n   <div id=\"text-box-1246762817\" class=\"text-box banner-layer x50 md-x50 lg-x50 y50 md-y50 lg-y50 res-text\">\n                                <div class=\"text-box-content text dark\">\n              \n              <div class=\"text-inner text-center\">\n                  \n\n\t<div id=\"text-3662807327\" class=\"text heading-mobile\">\n\t\t\n\n<h1 class=\"uppercase txt-gold\">Information sur le droit de r\u00e9tractation<\/h1>\n\t\t\t<\/div>\n\t\n<div class=\"is-divider divider clearfix\" style=\"max-width:200px;background-color:rgb(220, 172, 72);\"><\/div>\n\n\n              <\/div>\n           <\/div>\n                            \n<style>\n#text-box-1246762817 {\n  width: 85%;\n}\n#text-box-1246762817 .text-box-content {\n  font-size: 100%;\n}\n<\/style>\n    <\/div>\n \n\n        <\/div>\n      <\/div>\n\n            \n<style>\n#banner-1045836256 {\n  padding-top: 200px;\n  background-color: rgb(0, 0, 0);\n}\n@media (min-width:550px) {\n  #banner-1045836256 {\n    padding-top: 300px;\n  }\n}\n<\/style>\n  <\/div>\n\n\n\n\t<section class=\"section\" id=\"section_559885618\">\n\t\t<div class=\"section-bg fill\" >\n\t\t\t\t\t\t\t\t\t\n\t\t\t\n\n\t\t<\/div>\n\n\t\t\n\n\t\t<div class=\"section-content relative\">\n\t\t\t\n\n<div class=\"row\"  id=\"row-672150505\">\n\n\n\t<div id=\"col-1793945374\" class=\"col small-12 large-12\"  >\n\t\t\t\t<div class=\"col-inner\"  >\n\t\t\t\n\t\t\t\n\n<h2><strong>Droit de r\u00e9tractation<\/strong><\/h2>\n<p>Vous avez le droit de vous r\u00e9tracter du pr\u00e9sent contrat sans donner de motif dans un d\u00e9lai de quatorze jours. Le d\u00e9lai de r\u00e9tractation est de quatorze jours \u00e0 compter de la date \u00e0 laquelle vous, ou un tiers autre que le transporteur et d\u00e9sign\u00e9 par vous, avez pris possession des marchandises.<\/p>\n<p>Pour exercer votre droit de r\u00e9tractation, vous devez nous informer (FINE ARTS Wohnkultur GmbH, Gwinnerstrasse 40-42, 60388 Francfort-sur-le-Main, Allemagne, t\u00e9l\u00e9phone +49 (0) 69 942196-31) de votre d\u00e9cision de vous r\u00e9tracter du pr\u00e9sent contrat au moyen d'une d\u00e9claration d\u00e9nu\u00e9e d'ambigu\u00eft\u00e9 (par ex. lettre envoy\u00e9e par la poste, t\u00e9l\u00e9copie ou courrier \u00e9lectronique). Pour respecter le d\u00e9lai de r\u00e9tractation, il suffit que vous envoyiez la communication relative \u00e0 l'exercice du droit de r\u00e9tractation avant l'expiration du d\u00e9lai de r\u00e9tractation.<\/p>\n<h2><strong>Cons\u00e9quences de la r\u00e9vocation<\/strong><\/h2>\n<p>En cas de r\u00e9tractation du pr\u00e9sent contrat, nous vous rembourserons tous les paiements re\u00e7us de vous, y compris les frais de livraison (\u00e0 l'exception des frais suppl\u00e9mentaires d\u00e9coulant du fait que vous avez choisi un mode de livraison autre que le mode de livraison standard le moins cher que nous proposons), sans retard excessif et au plus tard quatorze jours \u00e0 compter de la date \u00e0 laquelle nous avons \u00e9t\u00e9 inform\u00e9s de votre d\u00e9cision de r\u00e9tractation du pr\u00e9sent contrat. Pour ce remboursement, nous utilisons le m\u00eame moyen de paiement que celui que vous avez utilis\u00e9 pour la transaction initiale, \u00e0 moins qu'il n'en ait \u00e9t\u00e9 express\u00e9ment convenu autrement avec vous ; en aucun cas, des frais ne vous seront factur\u00e9s en raison d'un retard de paiement.<br \/>de ce remboursement, nous facturons des frais. Nous pouvons refuser le remboursement jusqu'\u00e0 ce que nous ayons r\u00e9cup\u00e9r\u00e9 les marchandises ou jusqu'\u00e0 ce que vous ayez fourni la preuve que vous avez renvoy\u00e9 les marchandises, la date retenue \u00e9tant celle du premier de ces faits.<\/p>\n<p>Vous devez nous renvoyer ou nous remettre les biens sans retard excessif et, en tout \u00e9tat de cause, au plus tard quatorze jours \u00e0 compter du jour o\u00f9 vous nous informez de votre d\u00e9cision de r\u00e9tractation du pr\u00e9sent contrat. Le d\u00e9lai est respect\u00e9 si vous renvoyez les marchandises avant l'expiration du d\u00e9lai de quatorze jours. Les frais directs de renvoi des marchandises sont \u00e0 votre charge.<\/p>\n<h2><strong>Mod\u00e8le de formulaire de r\u00e9tractation<\/strong><\/h2>\n<p>(Si vous souhaitez annuler le contrat, veuillez remplir et renvoyer ce formulaire).<\/p>\n<ul>\n<li>\u00c0 l'adresse<span>&nbsp;<\/span><strong>FINE ARTS Wohnkultur GmbH, Gwinnerstrasse 40-42, 60388 Francfort-sur-le-Main, Allemagne<\/strong>:<\/li>\n<li>Par la pr\u00e9sente, je r\u00e9voque\/nous r\u00e9voquons (*)<em><span>&nbsp;<\/span>le de moi\/nous (*)<\/em><span>&nbsp;<\/span>conclu un contrat pour l'achat des marchandises suivantes (*)<em>\/la fourniture du service suivant (*)<\/em><\/li>\n<li>Command\u00e9 le (*)<em>\/re\u00e7u le (*)<\/em><\/li>\n<li>Nom du\/des consommateur(s)<\/li>\n<li>Adresse du\/des consommateur(s)<\/li>\n<li>Signature du\/des consommateur(s) (uniquement en cas de communication sur papier)<\/li>\n<li>Date<\/li>\n<\/ul>\n<p>(*) Biffer la mention inutile.<\/p>\n\n\n\t\t<\/div>\n\t\t\t\t\t<\/div>\n\n\t\n\n<\/div>\n\n\t\t<\/div>\n\n\t\t\n<style>\n#section_559885618 {\n  padding-top: 60px;\n  padding-bottom: 60px;\n}\n<\/style>\n\t<\/section>","protected":false},"excerpt":{"rendered":"","protected":false},"author":3,"featured_media":0,"parent":0,"menu_order":0,"comment_status":"closed","ping_status":"closed","template":"page-blank.php","meta":{"_seopress_robots_primary_cat":"","_seopress_titles_title":"","_seopress_titles_desc":"","_seopress_robots_index":"","footnotes":""},"class_list":["post-31","page","type-page","status-publish","hentry"],"publishpress_future_workflow_manual_trigger":{"enabledWorkflows":[]},"_links":{"self":[{"href":"https:\/\/finearts-exclusive.com\/fr\/wp-json\/wp\/v2\/pages\/31","targetHints":{"allow":["GET"]}}],"collection":[{"href":"https:\/\/finearts-exclusive.com\/fr\/wp-json\/wp\/v2\/pages"}],"about":[{"href":"https:\/\/finearts-exclusive.com\/fr\/wp-json\/wp\/v2\/types\/page"}],"author":[{"embeddable":true,"href":"https:\/\/finearts-exclusive.com\/fr\/wp-json\/wp\/v2\/users\/3"}],"replies":[{"embeddable":true,"href":"https:\/\/finearts-exclusive.com\/fr\/wp-json\/wp\/v2\/comments?post=31"}],"version-history":[{"count":0,"href":"https:\/\/finearts-exclusive.com\/fr\/wp-json\/wp\/v2\/pages\/31\/revisions"}],"wp:attachment":[{"href":"https:\/\/finearts-exclusive.com\/fr\/wp-json\/wp\/v2\/media?parent=31"}],"curies":[{"name":"wp","href":"https:\/\/api.w.org\/{rel}","templated":true}]}}