{"id":32,"date":"2021-10-24T22:36:35","date_gmt":"2021-10-24T20:36:35","guid":{"rendered":"https:\/\/finearts-exclusive.com\/versandarten"},"modified":"2024-08-28T08:52:48","modified_gmt":"2024-08-28T06:52:48","slug":"modes-dexpedition","status":"publish","type":"page","link":"https:\/\/finearts-exclusive.com\/fr\/versandarten\/","title":{"rendered":"Frais d'exp\u00e9dition"},"content":{"rendered":"<div class=\"banner has-hover banner-mb\" id=\"banner-1052999611\">\n          <div class=\"banner-inner fill\">\n        <div class=\"banner-bg fill\" >\n            <img loading=\"lazy\" decoding=\"async\" width=\"1020\" height=\"159\" src=\"https:\/\/finearts-exclusive.com\/wp-content\/uploads\/2021\/11\/inner-page-banner-bg-1024x160.jpg\" class=\"bg attachment-large size-large\" alt=\"\" \/>                                    \n                    <\/div>\n\t\t\n        <div class=\"banner-layers container\">\n            <div class=\"fill banner-link\"><\/div>            \n\n   <div id=\"text-box-698959423\" class=\"text-box banner-layer x50 md-x50 lg-x50 y50 md-y50 lg-y50 res-text\">\n                                <div class=\"text-box-content text dark\">\n              \n              <div class=\"text-inner text-center\">\n                  \n\n\t<div id=\"text-127504318\" class=\"text heading-mobile\">\n\t\t\n\n<h1 class=\"uppercase txt-gold\">Frais d'exp\u00e9dition<\/h1>\n\t\t\t<\/div>\n\t\n<div class=\"is-divider divider clearfix\" style=\"max-width:200px;background-color:rgb(220, 172, 72);\"><\/div>\n\n\n              <\/div>\n           <\/div>\n                            \n<style>\n#text-box-698959423 {\n  width: 90%;\n}\n#text-box-698959423 .text-box-content {\n  font-size: 100%;\n}\n<\/style>\n    <\/div>\n \n\n        <\/div>\n      <\/div>\n\n            \n<style>\n#banner-1052999611 {\n  padding-top: 200px;\n  background-color: rgb(0, 0, 0);\n}\n@media (min-width:550px) {\n  #banner-1052999611 {\n    padding-top: 300px;\n  }\n}\n<\/style>\n  <\/div>\n\n\n\n\t<section class=\"section\" id=\"section_681487299\">\n\t\t<div class=\"section-bg fill\" >\n\t\t\t\t\t\t\t\t\t\n\t\t\t\n\n\t\t<\/div>\n\n\t\t\n\n\t\t<div class=\"section-content relative\">\n\t\t\t\n\n<div class=\"row\"  id=\"row-2011442185\">\n\n\n\t<div id=\"col-1271350462\" class=\"col small-12 large-12\"  >\n\t\t\t\t<div class=\"col-inner\"  >\n\t\t\t\n\t\t\t\n\n<p>Nous exp\u00e9dions dans le monde entier vers les pays mentionn\u00e9s ci-dessous. Nos frais d'exp\u00e9dition d\u00e9pendent des dimensions et du poids des produits, ainsi que de l'adresse du destinataire.<\/p>\n<p><strong>ZONE 1<\/strong>\u00a0Belgique, Allemagne, Luxembourg, Pays-Bas<\/p>\n<p><strong>ZONE 2<\/strong>\u00a0Autriche, Danemark, Espagne, France, Monaco, Pologne, Saint-Marin, Tch\u00e8ques<\/p>\n<p><strong>ZONE 3<\/strong>\u00a0: Bulgarie, Croatie, Chypre, Estonie, Finlande, Gr\u00e8ce, Hongrie, Irlande, Islande, Italie, Lettonie, Liechtenstein, Lituanie, Norv\u00e8ge, Portugal, Roumanie, Slovaquie, Slov\u00e9nie, Su\u00e8de, Suisse, Royaume-Uni, \u00eeles Canaries, Malte,<\/p>\n<p><strong>ZONE 4<\/strong>\u00a0Bosnie-Herz\u00e9govine, Mac\u00e9doine, Serbie, Ukraine, Russie, Albanie, Bi\u00e9lorussie, Moldavie, Mont\u00e9n\u00e9gro, Turquie<\/p>\n<p><strong>ZONE 5<\/strong>Canada, Mexique, \u00c9tats-Unis,<\/p>\n<p><strong>ZONE 6<\/strong>\u00a0Chine, Hong Kong, Inde, Japon, Singapour, Taiwan, Tha\u00eflande, Isra\u00ebl, Egypte, Argentine, Br\u00e9sil, Indon\u00e9sie, Qatar, Cor\u00e9e, Kowe\u00eft, Malaisie, Nigeria, Omar, Paraguay, Philippines, Arabie saoudite, Afrique du Sud, EAU, Australie, Nouvelle-Z\u00e9lande<\/p>\n\n\n\t\t<\/div>\n\t\t\t\t\t<\/div>\n\n\t\n\n<\/div>\n\n\t\t<\/div>\n\n\t\t\n<style>\n#section_681487299 {\n  padding-top: 60px;\n  padding-bottom: 60px;\n}\n<\/style>\n\t<\/section>","protected":false},"excerpt":{"rendered":"","protected":false},"author":3,"featured_media":0,"parent":0,"menu_order":0,"comment_status":"closed","ping_status":"closed","template":"page-blank.php","meta":{"_seopress_robots_primary_cat":"","_seopress_titles_title":"","_seopress_titles_desc":"","_seopress_robots_index":"yes","footnotes":""},"class_list":["post-32","page","type-page","status-publish","hentry"],"publishpress_future_workflow_manual_trigger":{"enabledWorkflows":[]},"_links":{"self":[{"href":"https:\/\/finearts-exclusive.com\/fr\/wp-json\/wp\/v2\/pages\/32","targetHints":{"allow":["GET"]}}],"collection":[{"href":"https:\/\/finearts-exclusive.com\/fr\/wp-json\/wp\/v2\/pages"}],"about":[{"href":"https:\/\/finearts-exclusive.com\/fr\/wp-json\/wp\/v2\/types\/page"}],"author":[{"embeddable":true,"href":"https:\/\/finearts-exclusive.com\/fr\/wp-json\/wp\/v2\/users\/3"}],"replies":[{"embeddable":true,"href":"https:\/\/finearts-exclusive.com\/fr\/wp-json\/wp\/v2\/comments?post=32"}],"version-history":[{"count":0,"href":"https:\/\/finearts-exclusive.com\/fr\/wp-json\/wp\/v2\/pages\/32\/revisions"}],"wp:attachment":[{"href":"https:\/\/finearts-exclusive.com\/fr\/wp-json\/wp\/v2\/media?parent=32"}],"curies":[{"name":"wp","href":"https:\/\/api.w.org\/{rel}","templated":true}]}}