{"id":10320,"date":"2022-07-11T17:12:30","date_gmt":"2022-07-11T15:12:30","guid":{"rendered":"https:\/\/finearts-exclusive.com\/?post_type=product&#038;p=10320"},"modified":"2023-02-22T18:31:26","modified_gmt":"2023-02-22T17:31:26","slug":"medusa-3d-relief-mural","status":"publish","type":"product","link":"https:\/\/finearts-exclusive.com\/fr\/p\/luxus-bronzeskulpturen\/medusa-3d-wandrelief\/","title":{"rendered":"Relief mural 3D Medusa"},"content":{"rendered":"<p>Le relief mural 3D \"Medusa\" (peinture murale en m\u00e9andres : art mural de la mythologie grecque) en bronze coul\u00e9 \u00e0 la main avec une dorure \u00e0 la feuille de 24 carats est un v\u00e9ritable point fort pour une ambiance luxueuse dans la maison.<\/p>","protected":false},"excerpt":{"rendered":"<p>Le relief mural 3D \"Medusa\" (peinture murale en m\u00e9andres : art mural de la mythologie grecque) en bronze coul\u00e9 \u00e0 la main avec une dorure \u00e0 la feuille de 24 carats est un v\u00e9ritable point fort pour une ambiance luxueuse dans la maison.<\/p>","protected":false},"featured_media":10326,"template":"","meta":{"_seopress_robots_primary_cat":"none","_seopress_titles_title":"","_seopress_titles_desc":"","_seopress_robots_index":""},"product_brand":[],"product_cat":[31],"product_tag":[62],"class_list":{"0":"post-10320","1":"product","2":"type-product","3":"status-publish","4":"has-post-thumbnail","6":"product_cat-luxus-bronzeskulpturen","7":"product_tag-preis-auf-anfrage","8":"product_shipping_class-skulpturen","10":"first","11":"instock","12":"taxable","13":"shipping-taxable","14":"product-type-variable","15":"has-default-attributes"},"publishpress_future_action":{"enabled":false,"date":"2026-04-19 12:31:59","action":"change-status","newStatus":"trash","terms":[],"taxonomy":"product_brand","extraData":[]},"publishpress_future_workflow_manual_trigger":{"enabledWorkflows":[]},"_links":{"self":[{"href":"https:\/\/finearts-exclusive.com\/fr\/wp-json\/wp\/v2\/product\/10320","targetHints":{"allow":["GET"]}}],"collection":[{"href":"https:\/\/finearts-exclusive.com\/fr\/wp-json\/wp\/v2\/product"}],"about":[{"href":"https:\/\/finearts-exclusive.com\/fr\/wp-json\/wp\/v2\/types\/product"}],"wp:featuredmedia":[{"embeddable":true,"href":"https:\/\/finearts-exclusive.com\/fr\/wp-json\/wp\/v2\/media\/10326"}],"wp:attachment":[{"href":"https:\/\/finearts-exclusive.com\/fr\/wp-json\/wp\/v2\/media?parent=10320"}],"wp:term":[{"taxonomy":"product_brand","embeddable":true,"href":"https:\/\/finearts-exclusive.com\/fr\/wp-json\/wp\/v2\/product_brand?post=10320"},{"taxonomy":"product_cat","embeddable":true,"href":"https:\/\/finearts-exclusive.com\/fr\/wp-json\/wp\/v2\/product_cat?post=10320"},{"taxonomy":"product_tag","embeddable":true,"href":"https:\/\/finearts-exclusive.com\/fr\/wp-json\/wp\/v2\/product_tag?post=10320"}],"curies":[{"name":"wp","href":"https:\/\/api.w.org\/{rel}","templated":true}]}}