{"id":326,"date":"2021-11-06T13:12:48","date_gmt":"2021-11-06T12:12:48","guid":{"rendered":"https:\/\/finearts-exclusive.com\/p\/unkategorisiert\/david-super-size\/"},"modified":"2023-02-22T19:25:11","modified_gmt":"2023-02-22T18:25:11","slug":"david-super-size","status":"publish","type":"product","link":"https:\/\/finearts-exclusive.com\/fr\/p\/luxus-bronzeskulpturen\/david-super-size\/","title":{"rendered":"David - Super Size"},"content":{"rendered":"<p>Avec cette statue de \"David\", le Florentin Michel-Ange a ouvert de nouvelles voies dans l'art de la sculpture de la Haute Renaissance. Sa conception et sa repr\u00e9sentation naturelle du corps humain masculin sont les plus \u00e9videntes.<\/p>\n<p>L'exclusivit\u00e9 <strong>Sculpture en bronze David Super Size<\/strong> repr\u00e9sente le David biblique au moment o\u00f9 il met d\u00e9j\u00e0 le lance-pierre sur son \u00e9paule et entame le combat contre le g\u00e9ant Goliath. Dans cette sculpture en bronze, le corps de David appara\u00eet dans une position contract\u00e9e et d\u00e9tendue, portant n\u00e9gligemment la fronde sur son \u00e9paule gauche. La tension pr\u00eate au combat est perceptible dans les veines saillantes de la main droite qui enserre le projectile - mais surtout dans la nuque et le visage. Les tendons du cou tendus, les l\u00e8vres et les ailes du nez tendues, tout comme les yeux et le front, font de la sculpture en bronze Super Size de David un chef-d'\u0153uvre visuel. Le regard de la <strong>Sculpture en bronze de David <\/strong>est dirig\u00e9 vers un point au loin. Michelangelo attire l'attention du spectateur sur l'imminence de la victoire.<\/p>\n<p>Le nu masculin David en marbre, achev\u00e9 par Michel-Ange en 1504, est l'une des plus grandes \u0153uvres d'art jamais cr\u00e9\u00e9es par l'humanit\u00e9. Aucune autre \u0153uvre d'art ne lui arrive \u00e0 la cheville, avec des proportions aussi parfaites, une telle beaut\u00e9 et une telle excellence dans le rayonnement.<\/p>\n<p>La cr\u00e9ation de la merveille de Michel-Ange a si profond\u00e9ment impressionn\u00e9 notre artiste Don Alberto qu'il a r\u00e9alis\u00e9, dans une taille monumentale, la <strong>Sculpture en bronze de David<\/strong> a cr\u00e9\u00e9. Le site <strong>David Super Size statue en bronze<\/strong> est un hommage au sculpteur le plus c\u00e9l\u00e8bre que l'humanit\u00e9 ait jamais produit.<\/p>","protected":false},"excerpt":{"rendered":"<p>Mit dieser Statue des \u201eDavid\u201c beschritt der Florentiner Michelangelo neue Wege in der Bildhauer Kunst der Hochrenaissance. Am deutlichsten ist seine Auffassung und nat\u00fcrliche Darstellung des humanen m\u00e4nnlichen K\u00f6rpers. Die exklusive David Super Size Bronzeskulptur stellt den biblischen David in dem Augenblick dar, in dem er die Steinschleuder bereits auf die Schulter anlegt, und den [&#8230;]\n","protected":false},"featured_media":2636,"template":"","meta":{"_seopress_robots_primary_cat":"none","_seopress_titles_title":"","_seopress_titles_desc":"","_seopress_robots_index":""},"product_brand":[],"product_cat":[31],"product_tag":[62],"class_list":{"0":"post-326","1":"product","2":"type-product","3":"status-publish","4":"has-post-thumbnail","6":"product_cat-luxus-bronzeskulpturen","7":"product_tag-preis-auf-anfrage","8":"product_shipping_class-skulpturen","9":"pa_kuenstler-don-alberto-carlos","11":"first","12":"instock","13":"taxable","14":"shipping-taxable","15":"product-type-variable","16":"has-default-attributes"},"publishpress_future_action":{"enabled":false,"date":"2026-04-19 12:20:41","action":"change-status","newStatus":"trash","terms":[],"taxonomy":"product_brand","extraData":[]},"publishpress_future_workflow_manual_trigger":{"enabledWorkflows":[]},"_links":{"self":[{"href":"https:\/\/finearts-exclusive.com\/fr\/wp-json\/wp\/v2\/product\/326","targetHints":{"allow":["GET"]}}],"collection":[{"href":"https:\/\/finearts-exclusive.com\/fr\/wp-json\/wp\/v2\/product"}],"about":[{"href":"https:\/\/finearts-exclusive.com\/fr\/wp-json\/wp\/v2\/types\/product"}],"wp:featuredmedia":[{"embeddable":true,"href":"https:\/\/finearts-exclusive.com\/fr\/wp-json\/wp\/v2\/media\/2636"}],"wp:attachment":[{"href":"https:\/\/finearts-exclusive.com\/fr\/wp-json\/wp\/v2\/media?parent=326"}],"wp:term":[{"taxonomy":"product_brand","embeddable":true,"href":"https:\/\/finearts-exclusive.com\/fr\/wp-json\/wp\/v2\/product_brand?post=326"},{"taxonomy":"product_cat","embeddable":true,"href":"https:\/\/finearts-exclusive.com\/fr\/wp-json\/wp\/v2\/product_cat?post=326"},{"taxonomy":"product_tag","embeddable":true,"href":"https:\/\/finearts-exclusive.com\/fr\/wp-json\/wp\/v2\/product_tag?post=326"}],"curies":[{"name":"wp","href":"https:\/\/api.w.org\/{rel}","templated":true}]}}