{"id":327,"date":"2021-11-06T13:12:48","date_gmt":"2021-11-06T12:12:48","guid":{"rendered":"https:\/\/finearts-exclusive.com\/p\/unkategorisiert\/fallen-angel-super-size\/"},"modified":"2023-02-22T19:25:59","modified_gmt":"2023-02-22T18:25:59","slug":"fallen-angel-super-size","status":"publish","type":"product","link":"https:\/\/finearts-exclusive.com\/fr\/p\/luxus-bronzeskulpturen\/fallen-angel-super-size\/","title":{"rendered":"Fallen Angel - Super Size"},"content":{"rendered":"<p>D\u00e9j\u00e0 dans l'Ancien Testament apparaissaient les interpr\u00e9tations chr\u00e9tiennes d'un ange ren\u00e9gat, <strong>appel\u00e9 Fallen Angel<\/strong> (<strong>fr : Ange d\u00e9chu<\/strong>). L'ange est puni pour sa r\u00e9bellion par l'expulsion du ciel par Dieu et ses autres anges.<\/p>\n<p>Souvent, cet ange d\u00e9chu a \u00e9t\u00e9 associ\u00e9 au mal personnifi\u00e9, c'est-\u00e0-dire \u00e0 Satan. Le monde surnaturel, beau et intact de l'ange d\u00e9chu passe du r\u00eave au cauchemar. C'est comme une guerre entre des \u00eatres de lumi\u00e8re et des \u00eatres de t\u00e9n\u00e8bres. L'ange d\u00e9chu, un \u00eatre c\u00e9leste mal\u00e9fique.<\/p>\n<p>La grandeur nature, <strong>ange en bronze argent\u00e9 \"Ange d\u00e9chu<\/strong>L'ange ren\u00e9gat, qui a \u00e9t\u00e9 chass\u00e9 de la lumi\u00e8re du ciel, est r\u00e9confort\u00e9 dans les t\u00e9n\u00e8bres terrestres par un ange f\u00e9minin dor\u00e9. Un retour au paradis c\u00e9leste est possible pour nos enfants. <strong>Ange<\/strong> <strong>Sculpture en bronze \"Ange d\u00e9chu<\/strong> n'est plus possible.<\/p>\n<p>L'artiste Don Alberto Carlos a \u00e9t\u00e9 profond\u00e9ment impressionn\u00e9 par le message chr\u00e9tien selon lequel l'inconduite au ciel conduit \u00e0 une chute dans les t\u00e9n\u00e8bres terrestres.<\/p>\n<p>L'artiste s'est alors pos\u00e9 la question de l'inconduite d'un p\u00e9ch\u00e9. Cette question est bien plus excitante que celle de la bont\u00e9 \u00e9ternelle, car les m\u00e9chants vont partout, tandis que les bons ne vont qu'au ciel.<\/p>\n<p>Don Albert Carlos a cr\u00e9\u00e9 un chef-d'\u0153uvre en filigrane d'une grande qualit\u00e9 artistique.<\/p>\n<p>La grandeur nature <strong>argent\u00e9<\/strong> <strong>Figurine en bronze \"Ange d\u00e9chu<\/strong> est \u00e9galement utilisable comme puits\/r\u00e9servoir d'eau sur demande !<\/p>","protected":false},"excerpt":{"rendered":"<p>Bereits im Alten Testament erschien die christlichen Interpretationen eines abtr\u00fcnnigen Engels, genannt Fallen Angel (de.: Gefallener Engel). Der Engel wird f\u00fcr seine Auflehnung mit der Vertreibung aus dem Himmel durch Gott und seine \u00fcbrigen Engel bestraft. H\u00e4ufig wurde dieser gefallene Engel mit personifizierten B\u00f6sen, also mit dem Satan, in Verbindung gebracht. Die heile, sch\u00f6ne \u00fcberirdische [&#8230;]\n","protected":false},"featured_media":2653,"template":"","meta":{"_seopress_robots_primary_cat":"none","_seopress_titles_title":"","_seopress_titles_desc":"","_seopress_robots_index":""},"product_brand":[],"product_cat":[31],"product_tag":[62],"class_list":{"0":"post-327","1":"product","2":"type-product","3":"status-publish","4":"has-post-thumbnail","6":"product_cat-luxus-bronzeskulpturen","7":"product_tag-preis-auf-anfrage","8":"product_shipping_class-skulpturen","9":"pa_kuenstler-don-alberto-carlos","11":"first","12":"instock","13":"taxable","14":"shipping-taxable","15":"product-type-variable","16":"has-default-attributes"},"publishpress_future_action":{"enabled":false,"date":"2026-05-16 04:50:34","action":"change-status","newStatus":"trash","terms":[],"taxonomy":"product_brand","extraData":[]},"publishpress_future_workflow_manual_trigger":{"enabledWorkflows":[]},"_links":{"self":[{"href":"https:\/\/finearts-exclusive.com\/fr\/wp-json\/wp\/v2\/product\/327","targetHints":{"allow":["GET"]}}],"collection":[{"href":"https:\/\/finearts-exclusive.com\/fr\/wp-json\/wp\/v2\/product"}],"about":[{"href":"https:\/\/finearts-exclusive.com\/fr\/wp-json\/wp\/v2\/types\/product"}],"wp:featuredmedia":[{"embeddable":true,"href":"https:\/\/finearts-exclusive.com\/fr\/wp-json\/wp\/v2\/media\/2653"}],"wp:attachment":[{"href":"https:\/\/finearts-exclusive.com\/fr\/wp-json\/wp\/v2\/media?parent=327"}],"wp:term":[{"taxonomy":"product_brand","embeddable":true,"href":"https:\/\/finearts-exclusive.com\/fr\/wp-json\/wp\/v2\/product_brand?post=327"},{"taxonomy":"product_cat","embeddable":true,"href":"https:\/\/finearts-exclusive.com\/fr\/wp-json\/wp\/v2\/product_cat?post=327"},{"taxonomy":"product_tag","embeddable":true,"href":"https:\/\/finearts-exclusive.com\/fr\/wp-json\/wp\/v2\/product_tag?post=327"}],"curies":[{"name":"wp","href":"https:\/\/api.w.org\/{rel}","templated":true}]}}