{"id":328,"date":"2021-11-06T13:12:48","date_gmt":"2021-11-06T12:12:48","guid":{"rendered":"https:\/\/finearts-exclusive.com\/p\/unkategorisiert\/torso-female\/"},"modified":"2023-02-22T19:26:49","modified_gmt":"2023-02-22T18:26:49","slug":"torse-feminin","status":"publish","type":"product","link":"https:\/\/finearts-exclusive.com\/fr\/p\/luxus-erotik-bronzeskulpturen\/torso-female\/","title":{"rendered":"Torso Femme"},"content":{"rendered":"<p>L'inachev\u00e9, en tant que plastique artistique ouvert, \u00e9tait d\u00e9j\u00e0 consid\u00e9r\u00e9 comme une \u0153uvre d'art \u00e0 part enti\u00e8re depuis l'Antiquit\u00e9, chez les Romains et les Grecs.<\/p>\n<p>Au fil des si\u00e8cles, de nombreux artistes c\u00e9l\u00e8bres, dont Michel-Ange, Auguste Rodin et bien d'autres, ont \u00e9lev\u00e9 le torse au rang de genre \u00e0 part enti\u00e8re dans le domaine des arts plastiques.  En sculpture, un torse est la repr\u00e9sentation plastique consciente d'un corps humain sans membres, par opposition \u00e0 un \u00eatre humain entier.<\/p>\n<p>Le site <strong>torse f\u00e9minin<\/strong>Une \u0153uvre d'art \u00e0 la forme imparfaite exerce un charme et une attraction particuliers sur le spectateur. Son aura myst\u00e9rieuse d'imperfection, avec son esth\u00e9tique propre et sa grande force d'expression artistique, enthousiasme tout connaisseur d'art.<\/p>\n<p>Don Alberto Carlos a pr\u00e9cis\u00e9ment cr\u00e9\u00e9 cette intention dans sa cr\u00e9ation d'un corps f\u00e9minin id\u00e9alement model\u00e9 et \u00e9rotique, avec des muscles d\u00e9finis et jeunes et des seins fermes. Le site <strong>Sculpture en bronze \"torse f\u00e9minin<\/strong> est un chef-d'\u0153uvre r\u00e9ussi et de grande qualit\u00e9 de l'art du bronze.<\/p>","protected":false},"excerpt":{"rendered":"<p>Das Unvollendete als offene k\u00fcnstlerische Plastik wurde schon seit der Antike, bei den R\u00f6mern und Griechen, als vollwertiges Kunstwerk betrachtet. Im Laufe der Jahrhunderte hatten viele ber\u00fchmte K\u00fcnstler u.a. Michelangelo und Auguste Rodin u.v.m. den Torso zu einer eigenen Gattung in der plastischen Kunst erhoben.\u00a0 In der Bildhauerei ist ein Torso die bewusste, plastische Darstellung [&#8230;]\n","protected":false},"featured_media":2700,"template":"","meta":{"_seopress_robots_primary_cat":"none","_seopress_titles_title":"","_seopress_titles_desc":"","_seopress_robots_index":""},"product_brand":[],"product_cat":[33],"product_tag":[62],"class_list":{"0":"post-328","1":"product","2":"type-product","3":"status-publish","4":"has-post-thumbnail","6":"product_cat-luxus-erotik-bronzeskulpturen","7":"product_tag-preis-auf-anfrage","8":"product_shipping_class-skulpturen","9":"pa_kuenstler-don-alberto-carlos","11":"first","12":"instock","13":"taxable","14":"shipping-taxable","15":"product-type-variable","16":"has-default-attributes"},"publishpress_future_action":{"enabled":false,"date":"2026-04-15 16:46:16","action":"change-status","newStatus":"trash","terms":[],"taxonomy":"product_brand","extraData":[]},"publishpress_future_workflow_manual_trigger":{"enabledWorkflows":[]},"_links":{"self":[{"href":"https:\/\/finearts-exclusive.com\/fr\/wp-json\/wp\/v2\/product\/328","targetHints":{"allow":["GET"]}}],"collection":[{"href":"https:\/\/finearts-exclusive.com\/fr\/wp-json\/wp\/v2\/product"}],"about":[{"href":"https:\/\/finearts-exclusive.com\/fr\/wp-json\/wp\/v2\/types\/product"}],"wp:featuredmedia":[{"embeddable":true,"href":"https:\/\/finearts-exclusive.com\/fr\/wp-json\/wp\/v2\/media\/2700"}],"wp:attachment":[{"href":"https:\/\/finearts-exclusive.com\/fr\/wp-json\/wp\/v2\/media?parent=328"}],"wp:term":[{"taxonomy":"product_brand","embeddable":true,"href":"https:\/\/finearts-exclusive.com\/fr\/wp-json\/wp\/v2\/product_brand?post=328"},{"taxonomy":"product_cat","embeddable":true,"href":"https:\/\/finearts-exclusive.com\/fr\/wp-json\/wp\/v2\/product_cat?post=328"},{"taxonomy":"product_tag","embeddable":true,"href":"https:\/\/finearts-exclusive.com\/fr\/wp-json\/wp\/v2\/product_tag?post=328"}],"curies":[{"name":"wp","href":"https:\/\/api.w.org\/{rel}","templated":true}]}}