{"id":329,"date":"2021-11-06T13:12:48","date_gmt":"2021-11-06T12:12:48","guid":{"rendered":"https:\/\/finearts-exclusive.com\/p\/unkategorisiert\/elefant-tusk-dining-table\/"},"modified":"2023-02-22T19:27:40","modified_gmt":"2023-02-22T18:27:40","slug":"elefant-tusk-dining-table","status":"publish","type":"product","link":"https:\/\/finearts-exclusive.com\/fr\/p\/luxus-bronzemoebel-wohnbereich\/elefant-tusk-dining-table\/","title":{"rendered":"El\u00e9phant Tusk Dining Table"},"content":{"rendered":"<p>Depuis des si\u00e8cles, les d\u00e9fenses d'\u00e9l\u00e9phants, d'apparence imposante, fascinent l'homme. Cette attirance pour les d\u00e9fenses et leur mat\u00e9riau unique est rest\u00e9e inchang\u00e9e \u00e0 travers les diff\u00e9rentes cultures au cours des si\u00e8cles. D\u00e8s les premiers temps, les puissantes d\u00e9fenses de mammouths ont \u00e9t\u00e9 utilis\u00e9es pour fabriquer des pi\u00e8ces pr\u00e9cieuses et raffin\u00e9es. Certaines cultures lui attribuent force et pouvoir, pour d'autres, elle est synonyme de sant\u00e9 et de longue vie. Cette fascination ininterrompue a inspir\u00e9 l'artiste Don Alberto Carlos pour la table de salle \u00e0 manger exclusive <strong>\"Elephant Tusk Dining Table\".<\/strong> Ses trois grandes d\u00e9fenses en bronze dor\u00e9, avec un cordage argent\u00e9 comme \u00e9l\u00e9ment d\u00e9coratif, d\u00e9gagent beaucoup de force et de gr\u00e2ce. Ainsi, le <strong>Elephant Tusk Dining Table exclusive<\/strong> un rayonnement tr\u00e8s noble et raffin\u00e9 dans tout int\u00e9rieur haut de gamme.<\/p>\n<p>Le luxueux produit est livr\u00e9 <strong>Elephant Tusk Table \u00e0 manger<\/strong> avec un plateau en verre rond de 12 mm et de 120 cm de diam\u00e8tre, qui se caract\u00e9rise par un biseau de 30 mm sur la partie sup\u00e9rieure du plateau en verre. D'autres variantes de forme et de taille de la plaque de verre sont bien entendu disponibles sur demande.<\/p>\n<p><strong>Sculpture :<\/strong><\/p>\n<p>hauteur : 78 cm<br \/>\nlargeur : 75 cm<br \/>\nlongueur : 75 cm<br \/>\npoids : environ 80 kg<\/p>\n<p>&nbsp;<\/p>\n<p><strong>Plaque de verre :<\/strong><\/p>\n<p>diam\u00e8tre : 120 cm<br \/>\n\u00c9paisseur du verre : 12 mm<br \/>\nPoids : 34 kg<\/p>\n<p>&nbsp;<\/p>","protected":false},"excerpt":{"rendered":"<p>Schon seit Jahrhunderten faszinieren die gewaltig wirkenden Sto\u00dfz\u00e4hne von Elefanten den Menschen. \u00dcber die verschiedenen Kulturen der Jahrhunderte der Geschichte blieb diese Anziehung des Sto\u00dfzahnes mit seinem einzigartigen Material unver\u00e4ndert. Schon in fr\u00fchem Zeitalter wurden aus den m\u00e4chtigen Sto\u00dfz\u00e4hnen der Mammuts wertvolle und edle St\u00fccke gefertigt. Manche Kulturen sprechen Ihm St\u00e4rke und Macht zu, bei [&#8230;]\n","protected":false},"featured_media":2643,"template":"","meta":{"_seopress_robots_primary_cat":"none","_seopress_titles_title":"","_seopress_titles_desc":"","_seopress_robots_index":""},"product_brand":[],"product_cat":[32],"product_tag":[62],"class_list":{"0":"post-329","1":"product","2":"type-product","3":"status-publish","4":"has-post-thumbnail","6":"product_cat-luxus-bronzemoebel-wohnbereich","7":"product_tag-preis-auf-anfrage","8":"product_shipping_class-skulpturen","9":"pa_kuenstler-don-alberto-carlos","11":"first","12":"instock","13":"taxable","14":"shipping-taxable","15":"product-type-variable","16":"has-default-attributes"},"publishpress_future_action":{"enabled":false,"date":"2026-05-11 12:56:06","action":"change-status","newStatus":"trash","terms":[],"taxonomy":"product_brand","extraData":[]},"publishpress_future_workflow_manual_trigger":{"enabledWorkflows":[]},"_links":{"self":[{"href":"https:\/\/finearts-exclusive.com\/fr\/wp-json\/wp\/v2\/product\/329","targetHints":{"allow":["GET"]}}],"collection":[{"href":"https:\/\/finearts-exclusive.com\/fr\/wp-json\/wp\/v2\/product"}],"about":[{"href":"https:\/\/finearts-exclusive.com\/fr\/wp-json\/wp\/v2\/types\/product"}],"wp:featuredmedia":[{"embeddable":true,"href":"https:\/\/finearts-exclusive.com\/fr\/wp-json\/wp\/v2\/media\/2643"}],"wp:attachment":[{"href":"https:\/\/finearts-exclusive.com\/fr\/wp-json\/wp\/v2\/media?parent=329"}],"wp:term":[{"taxonomy":"product_brand","embeddable":true,"href":"https:\/\/finearts-exclusive.com\/fr\/wp-json\/wp\/v2\/product_brand?post=329"},{"taxonomy":"product_cat","embeddable":true,"href":"https:\/\/finearts-exclusive.com\/fr\/wp-json\/wp\/v2\/product_cat?post=329"},{"taxonomy":"product_tag","embeddable":true,"href":"https:\/\/finearts-exclusive.com\/fr\/wp-json\/wp\/v2\/product_tag?post=329"}],"curies":[{"name":"wp","href":"https:\/\/api.w.org\/{rel}","templated":true}]}}