{"id":330,"date":"2021-11-06T13:12:48","date_gmt":"2021-11-06T12:12:48","guid":{"rendered":"https:\/\/finearts-exclusive.com\/p\/unkategorisiert\/ballett-paar-dining-table\/"},"modified":"2024-03-21T20:38:26","modified_gmt":"2024-03-21T19:38:26","slug":"ballet-couple-dining-table","status":"publish","type":"product","link":"https:\/\/finearts-exclusive.com\/fr\/p\/luxus-bronzemoebel-wohnbereich\/ballett-paar-dining-table\/","title":{"rendered":"Couple de ballet - Dining Table"},"content":{"rendered":"<div>Dans l'obscurit\u00e9 myst\u00e9rieuse de la for\u00eat de Wilis, o\u00f9 la trag\u00e9die immortelle et l'amour tendre du ballet \"Giselle\" prennent vie \u00e0 chaque pas de danse, Don Alberto Carlos, artiste \u00e0 l'\u00e2me d'alchimiste, a immortalis\u00e9 la l\u00e9gende dans sa sculpture en bronze \"Gracieux couple de ballet dansant\".<br \/>\n&nbsp;<br \/>\nCarlos, avec les mains d'un v\u00e9ritable magicien, a non seulement captur\u00e9 la douceur et la gr\u00e2ce de Giselle, devenue par amour et trahison le fant\u00f4me tragique de la nuit, mais il a \u00e9galement transform\u00e9 la force et la cause d'Albrecht, son amant malheureux, en un pied de table inoubliable.<br \/>\n&nbsp;<br \/>\nLe d\u00eener devient une repr\u00e9sentation vivante lorsque cette table se transforme en sc\u00e8ne. Le couple de danseurs en bronze recouvert d'or et d'argent n'est pas seulement stable, il se d\u00e9place aussi en douceur sous l'\u00e9l\u00e9gante plaque de verre ovale de 12 mm d'\u00e9paisseur, facett\u00e9e sur 30 mm, qui refl\u00e8te leur image \u00e0 chaque repas, \u00e0 chaque conversation et \u00e0 chaque rire, portant ainsi l'histoire imp\u00e9rissable de Giselle et Albrecht dans le c\u0153ur de ceux qui sont r\u00e9unis autour de la table.<\/div>\n<div>&nbsp;<\/div>\n<div class=\"row\"  id=\"row-1968780658\">\n\n\t<div id=\"col-634269175\" class=\"col medium-1\/3 large-4\"  >\n\t\t\t\t<div class=\"col-inner\"  >\n\t\t\t\n\t\t\t\n<p><strong>Sculpture :<\/strong><\/p>\n<ul>\n<li>hauteur : environ 78 cm<\/li>\n<li>largeur : environ 75 cm<\/li>\n<li>longueur : environ 125 cm<\/li>\n<li>poids : environ 53 kg<\/li>\n<\/ul>\n\t\t<\/div>\n\t\t\t\t\t<\/div>\n\n\t\n\n\t<div id=\"col-1816750953\" class=\"col medium-1\/3 large-4\"  >\n\t\t\t\t<div class=\"col-inner\"  >\n\t\t\t\n\t\t\t\n<p><strong>Plaque de verre :<\/strong><\/p>\n<ul>\n<li>largeur : environ 105 cm<\/li>\n<li>longueur : environ 180 cm<\/li>\n<li>\u00c9paisseur du verre : 12 mm<\/li>\n<li>Poids : 51 kg<\/li>\n<\/ul>\n\t\t<\/div>\n\t\t\t\t\t<\/div>\n\n\t\n\n\t<div id=\"col-180961673\" class=\"col medium-1\/3 large-4\"  >\n\t\t\t\t<div class=\"col-inner\"  >\n\t\t\t\n\t\t\t\n<p><strong>Socle en t\u00edch :<\/strong><\/p>\n<ul>\n<li>largeur : environ 40 cm<\/li>\n<li>longueur : environ 90 cm<\/li>\n<\/ul>\n\t\t<\/div>\n\t\t\t\t\t<\/div>\n\n\t\n<\/div>\n<div>D'autres variantes de forme et de taille de la plaque de verre sont disponibles sur demande.<\/div>","protected":false},"excerpt":{"rendered":"<div class=\"video video-fit mb\" style=\"padding-top:56.25%;\">\n<div class=\"brlbs-cmpnt-container brlbs-cmpnt-content-blocker brlbs-cmpnt-with-individual-styles\" data-borlabs-cookie-content-blocker-id=\"youtube-content-blocker\" data-borlabs-cookie-content=\"PGlmcmFtZSB0aXRsZT0iRmluZSBBcnRzIFdvaG5rdWx0dXIgLSBCcm9uemUgLSBiYWxsZXRwYWFyIHRhYmxlIiB3aWR0aD0iMTAyMCIgaGVpZ2h0PSI1NzQiIHNyYz0iaHR0cHM6Ly93d3cueW91dHViZS1ub2Nvb2tpZS5jb20vZW1iZWQvMnBWd3htZy1BVk0\/ZmVhdHVyZT1vZW1iZWQiIGZyYW1lYm9yZGVyPSIwIiBhbGxvdz0iYWNjZWxlcm9tZXRlcjsgYXV0b3BsYXk7IGNsaXBib2FyZC13cml0ZTsgZW5jcnlwdGVkLW1lZGlhOyBneXJvc2NvcGU7IHBpY3R1cmUtaW4tcGljdHVyZTsgd2ViLXNoYXJlIiBhbGxvd2Z1bGxzY3JlZW4+PC9pZnJhbWU+\">\n<div class=\"brlbs-cmpnt-cb-preset-c brlbs-cmpnt-cb-youtube\">\n<div class=\"brlbs-cmpnt-cb-thumbnail\" style=\"background-image: url('https:\/\/finearts-exclusive.com\/wp-content\/uploads\/borlabs-cookie\/1\/yt_2pVwxmg-AVM_hqdefault.jpg')\"><\/div>\n<div class=\"brlbs-cmpnt-cb-main\">\n<div class=\"brlbs-cmpnt-cb-play-button\"><\/div>\n<div class=\"brlbs-cmpnt-cb-content\">\n<p class=\"brlbs-cmpnt-cb-description\">Vous \u00eates actuellement en train de consulter le contenu d'un espace r\u00e9serv\u00e9 de <strong>YouTube<\/strong>. Pour acc\u00e9der au contenu r\u00e9el, cliquez sur le bouton ci-dessous. Veuillez noter que ce faisant, des donn\u00e9es seront partag\u00e9es avec des fournisseurs tiers.<\/p>\n<p> <a class=\"brlbs-cmpnt-cb-provider-toggle\" href=\"#\" data-borlabs-cookie-show-provider-information role=\"button\">Plus d'informations<\/a> <\/div>\n<div class=\"brlbs-cmpnt-cb-buttons\"> <a class=\"brlbs-cmpnt-cb-btn\" href=\"#\" data-borlabs-cookie-unblock role=\"button\">D\u00e9bloquer le contenu<\/a> <a class=\"brlbs-cmpnt-cb-btn\" href=\"#\" data-borlabs-cookie-accept-service role=\"button\" style=\"display: inherit\">Accepter le service requis et d\u00e9bloquer les contenus<\/a> <\/div>\n<\/p><\/div>\n<\/p><\/div>\n<\/div>\n<\/div>","protected":false},"featured_media":44130,"template":"","meta":{"_seopress_robots_primary_cat":"none","_seopress_titles_title":"","_seopress_titles_desc":"","_seopress_robots_index":""},"product_brand":[],"product_cat":[32],"product_tag":[62],"class_list":{"0":"post-330","1":"product","2":"type-product","3":"status-publish","4":"has-post-thumbnail","6":"product_cat-luxus-bronzemoebel-wohnbereich","7":"product_tag-preis-auf-anfrage","8":"product_shipping_class-skulpturen","9":"pa_kuenstler-don-alberto-carlos","11":"first","12":"instock","13":"taxable","14":"shipping-taxable","15":"product-type-variable","16":"has-default-attributes"},"publishpress_future_action":{"enabled":false,"date":"2026-04-17 10:57:13","action":"change-status","newStatus":"trash","terms":[],"taxonomy":"product_brand","extraData":[]},"publishpress_future_workflow_manual_trigger":{"enabledWorkflows":[]},"_links":{"self":[{"href":"https:\/\/finearts-exclusive.com\/fr\/wp-json\/wp\/v2\/product\/330","targetHints":{"allow":["GET"]}}],"collection":[{"href":"https:\/\/finearts-exclusive.com\/fr\/wp-json\/wp\/v2\/product"}],"about":[{"href":"https:\/\/finearts-exclusive.com\/fr\/wp-json\/wp\/v2\/types\/product"}],"wp:featuredmedia":[{"embeddable":true,"href":"https:\/\/finearts-exclusive.com\/fr\/wp-json\/wp\/v2\/media\/44130"}],"wp:attachment":[{"href":"https:\/\/finearts-exclusive.com\/fr\/wp-json\/wp\/v2\/media?parent=330"}],"wp:term":[{"taxonomy":"product_brand","embeddable":true,"href":"https:\/\/finearts-exclusive.com\/fr\/wp-json\/wp\/v2\/product_brand?post=330"},{"taxonomy":"product_cat","embeddable":true,"href":"https:\/\/finearts-exclusive.com\/fr\/wp-json\/wp\/v2\/product_cat?post=330"},{"taxonomy":"product_tag","embeddable":true,"href":"https:\/\/finearts-exclusive.com\/fr\/wp-json\/wp\/v2\/product_tag?post=330"}],"curies":[{"name":"wp","href":"https:\/\/api.w.org\/{rel}","templated":true}]}}