{"id":334,"date":"2021-11-06T13:12:49","date_gmt":"2021-11-06T12:12:49","guid":{"rendered":"https:\/\/finearts-exclusive.com\/p\/unkategorisiert\/beauty-beast-supersize\/"},"modified":"2023-02-22T19:22:32","modified_gmt":"2023-02-22T18:22:32","slug":"beauty-beast-supersize","status":"publish","type":"product","link":"https:\/\/finearts-exclusive.com\/fr\/p\/luxus-erotik-bronzeskulpturen\/beauty-beast-supersize\/","title":{"rendered":"Beauty &amp; Beast Supersize"},"content":{"rendered":"<p>Un sujet d'actualit\u00e9 qui touche toujours les hommes :<\/p>\n<p>\"Pourquoi les mecs les plus moches ont les femmes les plus jolies comme partenaires ?\"<\/p>\n<p>L'artiste Rudolfo Bucacio s'est pench\u00e9 sur la question de savoir pourquoi il existe aussi des couples dont l'attrait est tr\u00e8s in\u00e9gal.  Il en est arriv\u00e9 \u00e0 la conclusion que l'attrait de la beaut\u00e9, en tant que caract\u00e9ristique la plus importante d'une relation, passe au second plan lorsque d'autres caract\u00e9ristiques du partenaire id\u00e9al, telles que l'intelligence, la fiabilit\u00e9, la loyaut\u00e9, l'honn\u00eatet\u00e9 ou le rayonnement \u00e9rotique, dominent.<\/p>\n<p>C'est pour cette raison que l'artiste Rudolf Bucacio a cr\u00e9\u00e9 une sculpture en bronze grandiose, grandeur nature et expressive, intitul\u00e9e \"<strong>la Belle et la B\u00eate<\/strong>\". Cette <strong>sculpture exclusive en bronze<\/strong> est consid\u00e9r\u00e9 comme un avertissement pour l'humanit\u00e9.<\/p>\n<p>La redoutable b\u00eate laide extraterrestre ail\u00e9e est accept\u00e9e comme partenaire par une charmante beaut\u00e9 terrestre, car ses valeurs\/caract\u00e9ristiques int\u00e9rieures l'ont plus convaincue que l'attrait de la beaut\u00e9.<\/p>","protected":false},"excerpt":{"rendered":"<p>Ein aktuelles Thema das M\u00e4nner immer wieder ber\u00fchrt: \u201eWarum bekommen die h\u00e4sslichsten Kerle, die h\u00fcbschesten Frauen als Partner?\u201c Der K\u00fcnstler Rudolfo Bucacio besch\u00e4ftigte sich mit der Frage, warum es auch Paare gibt deren Attraktivit\u00e4t sehr ungleich sind.\u00a0 Er kam zu der Erkenntnis, dass die Attraktivit\u00e4t der Sch\u00f6nheit als wichtigstes Merkmal einer Beziehung in den Hintergrund [&#8230;]\n","protected":false},"featured_media":2632,"template":"","meta":{"_seopress_robots_primary_cat":"none","_seopress_titles_title":"","_seopress_titles_desc":"","_seopress_robots_index":""},"product_brand":[],"product_cat":[33],"product_tag":[62],"class_list":{"0":"post-334","1":"product","2":"type-product","3":"status-publish","4":"has-post-thumbnail","6":"product_cat-luxus-erotik-bronzeskulpturen","7":"product_tag-preis-auf-anfrage","8":"product_shipping_class-skulpturen","9":"pa_kuenstler-rudolfo-bucacio","11":"first","12":"instock","13":"taxable","14":"shipping-taxable","15":"product-type-variable","16":"has-default-attributes"},"publishpress_future_action":{"enabled":false,"date":"2026-05-11 13:01:16","action":"change-status","newStatus":"trash","terms":[],"taxonomy":"product_brand","extraData":[]},"publishpress_future_workflow_manual_trigger":{"enabledWorkflows":[]},"_links":{"self":[{"href":"https:\/\/finearts-exclusive.com\/fr\/wp-json\/wp\/v2\/product\/334","targetHints":{"allow":["GET"]}}],"collection":[{"href":"https:\/\/finearts-exclusive.com\/fr\/wp-json\/wp\/v2\/product"}],"about":[{"href":"https:\/\/finearts-exclusive.com\/fr\/wp-json\/wp\/v2\/types\/product"}],"wp:featuredmedia":[{"embeddable":true,"href":"https:\/\/finearts-exclusive.com\/fr\/wp-json\/wp\/v2\/media\/2632"}],"wp:attachment":[{"href":"https:\/\/finearts-exclusive.com\/fr\/wp-json\/wp\/v2\/media?parent=334"}],"wp:term":[{"taxonomy":"product_brand","embeddable":true,"href":"https:\/\/finearts-exclusive.com\/fr\/wp-json\/wp\/v2\/product_brand?post=334"},{"taxonomy":"product_cat","embeddable":true,"href":"https:\/\/finearts-exclusive.com\/fr\/wp-json\/wp\/v2\/product_cat?post=334"},{"taxonomy":"product_tag","embeddable":true,"href":"https:\/\/finearts-exclusive.com\/fr\/wp-json\/wp\/v2\/product_tag?post=334"}],"curies":[{"name":"wp","href":"https:\/\/api.w.org\/{rel}","templated":true}]}}