{"id":336,"date":"2021-11-06T13:12:49","date_gmt":"2021-11-06T12:12:49","guid":{"rendered":"https:\/\/finearts-exclusive.com\/p\/unkategorisiert\/adam-eve-life-size\/"},"modified":"2022-06-13T17:26:21","modified_gmt":"2022-06-13T15:26:21","slug":"adam-eve-life-size","status":"publish","type":"product","link":"https:\/\/finearts-exclusive.com\/fr\/p\/luxus-bronzeskulpturen\/adam-eve-life-size\/","title":{"rendered":"Adam &amp; Eve - Life Size"},"content":{"rendered":"<p>L'Ancien Testament raconte l'histoire de la premi\u00e8re s\u00e9duction (<strong>Adam &amp; Eve<\/strong>). Le serpent (le diable) les a incit\u00e9s \u00e0 manger le fruit interdit de la pomme. Apr\u00e8s cette chute, Adam a appel\u00e9 sa femme Eve (en h\u00e9breu : la vie), ce qui, en tant que m\u00e8re de tous les hommes, la renvoie \u00e0 l'amour \u00e9rotique. S'aimaient-ils, avaient-ils des relations sexuelles ? La tr\u00e8s ancienne l\u00e9gende de <strong>Adam &amp; Eve<\/strong> a inspir\u00e9 \u00e0 notre grand artiste John Paul Ballard la <strong>sculpture en bronze grandeur nature \"Adam &amp; Eve<\/strong> de cr\u00e9er des personnages. Sa r\u00e9flexion sur la morale, le genre et l'avenir sexuel libre influence la cr\u00e9ation de ces fantastiques <strong>Sculpture de luxe en bronze \"Adam &amp; Eve<\/strong><\/p>\n<p>Il a cr\u00e9\u00e9 un magnifique chef-d'\u0153uvre de 180 cm de haut, 75 x 150 cm de large et pesant environ 220 kg de bronze dor\u00e9 et argent\u00e9.  Ce message intemporel de l'immense <strong>Sculpture en bronze \"Adam &amp; Eve<\/strong> refl\u00e8te le d\u00e9sir humain pour la sexualit\u00e9 de l'homme et de la femme.<\/p>","protected":false},"excerpt":{"rendered":"<p>Das Alte Testament erz\u00e4hlt von der Geschichte der ersten Verf\u00fchrung (Adam &amp; Eva). Die Schlange (der Teufel) verf\u00fchrte beide dazu, die verbotene Apfel-Frucht zu essen. Nach diesem S\u00fcndenfall nannte Adam sein Frau Eva (hebr\u00e4isch: das Leben), was sie wiederum als Stammmutter aller Menschen auf die erotische Liebe verweist. Liebten sie einander, hatten sie Sex? Die [&#8230;]\n","protected":false},"featured_media":2618,"template":"","meta":{"_seopress_robots_primary_cat":"none","_seopress_titles_title":"","_seopress_titles_desc":"","_seopress_robots_index":""},"product_brand":[],"product_cat":[31],"product_tag":[62],"class_list":{"0":"post-336","1":"product","2":"type-product","3":"status-publish","4":"has-post-thumbnail","6":"product_cat-luxus-bronzeskulpturen","7":"product_tag-preis-auf-anfrage","8":"product_shipping_class-skulpturen","9":"pa_kuenstler-paul-john-ballard","11":"first","12":"instock","13":"taxable","14":"shipping-taxable","15":"product-type-variable","16":"has-default-attributes"},"publishpress_future_action":{"enabled":false,"date":"2026-04-15 13:38:58","action":"change-status","newStatus":"trash","terms":[],"taxonomy":"product_brand","extraData":[]},"publishpress_future_workflow_manual_trigger":{"enabledWorkflows":[]},"_links":{"self":[{"href":"https:\/\/finearts-exclusive.com\/fr\/wp-json\/wp\/v2\/product\/336","targetHints":{"allow":["GET"]}}],"collection":[{"href":"https:\/\/finearts-exclusive.com\/fr\/wp-json\/wp\/v2\/product"}],"about":[{"href":"https:\/\/finearts-exclusive.com\/fr\/wp-json\/wp\/v2\/types\/product"}],"wp:featuredmedia":[{"embeddable":true,"href":"https:\/\/finearts-exclusive.com\/fr\/wp-json\/wp\/v2\/media\/2618"}],"wp:attachment":[{"href":"https:\/\/finearts-exclusive.com\/fr\/wp-json\/wp\/v2\/media?parent=336"}],"wp:term":[{"taxonomy":"product_brand","embeddable":true,"href":"https:\/\/finearts-exclusive.com\/fr\/wp-json\/wp\/v2\/product_brand?post=336"},{"taxonomy":"product_cat","embeddable":true,"href":"https:\/\/finearts-exclusive.com\/fr\/wp-json\/wp\/v2\/product_cat?post=336"},{"taxonomy":"product_tag","embeddable":true,"href":"https:\/\/finearts-exclusive.com\/fr\/wp-json\/wp\/v2\/product_tag?post=336"}],"curies":[{"name":"wp","href":"https:\/\/api.w.org\/{rel}","templated":true}]}}