{"id":337,"date":"2021-11-06T13:12:49","date_gmt":"2021-11-06T12:12:49","guid":{"rendered":"https:\/\/finearts-exclusive.com\/p\/unkategorisiert\/angelina-with-two-trays-medium-size\/"},"modified":"2022-06-13T17:25:28","modified_gmt":"2022-06-13T15:25:28","slug":"angelina-avec-deux-plateaux-taille-moyenne","status":"publish","type":"product","link":"https:\/\/finearts-exclusive.com\/fr\/p\/luxus-bronzeskulpturen\/angelina-with-two-trays-medium-size\/","title":{"rendered":"Angelina avec deux plateaux - Taille moyenne"},"content":{"rendered":"<p>La moyenne <strong>Sculpture en bronze \"Angelina with two trays\" (Angelina avec deux plateaux)<\/strong> est un chef-d'\u0153uvre artistique id\u00e9al. L'aspect \u00e9rotique de cette sculpture est soulign\u00e9 par son apparence parfaite, avec son nez finement dessin\u00e9 et sa bouche boudeuse, ainsi que par sa beaut\u00e9 \u00e9rotique figurative bien proportionn\u00e9e. Le site <strong>sculpture \u00e9rotique en bronze \"Angelina with two trays\" (Angelina avec deux plateaux) <\/strong>est presque trop parfait pour \u00eatre vrai !<\/p>\n<p>La belle apparence \u00e9rotique de la <strong>sculpture sexy en bronze Angelina,<\/strong> dans son corset de dentelle sexy en filigrane, rayonne comme le symbole sexuel ultime. La sculpture en bronze convient parfaitement \u00e0 une ambiance d'int\u00e9rieur luxueuse qui doit d\u00e9gager une touche \u00e9rotique.<\/p>\n<p>La figurine \u00e9rotique en bronze de taille moyenne \"Angelina with two trays\" est un chef-d'\u0153uvre de qualit\u00e9 sup\u00e9rieure, de niveau mus\u00e9al, de l'artiste Paul John Ballard.<\/p>","protected":false},"excerpt":{"rendered":"<p>Die mittelgro\u00dfe Bronzeskulptur \u201eAngelina with two trays\u201c ist ein k\u00fcnstlerisches idealtypisches Meisterwerk. Die erotische Erscheinung dieser Skulptur wird durch das perfekte Aussehen, mit ihrer fein geformten Nase und ihrem Schmollmund, sowie Ihrer fig\u00fcrlichen wohlproportionierten erotischen Sch\u00f6nheit unterstrichen. Die erotische Bronzeskulptur \u201eAngelina with two trays\u201c ist fast zu perfekt um wirklich zu sein! Die wundersch\u00f6ne erotische [&#8230;]\n","protected":false},"featured_media":2621,"template":"","meta":{"_seopress_robots_primary_cat":"none","_seopress_titles_title":"","_seopress_titles_desc":"","_seopress_robots_index":""},"product_brand":[],"product_cat":[31],"product_tag":[62],"class_list":{"0":"post-337","1":"product","2":"type-product","3":"status-publish","4":"has-post-thumbnail","6":"product_cat-luxus-bronzeskulpturen","7":"product_tag-preis-auf-anfrage","8":"product_shipping_class-skulpturen","9":"pa_kuenstler-paul-john-ballard","11":"first","12":"instock","13":"taxable","14":"shipping-taxable","15":"product-type-variable","16":"has-default-attributes"},"publishpress_future_action":{"enabled":false,"date":"2026-04-17 12:52:31","action":"change-status","newStatus":"trash","terms":[],"taxonomy":"product_brand","extraData":[]},"publishpress_future_workflow_manual_trigger":{"enabledWorkflows":[]},"_links":{"self":[{"href":"https:\/\/finearts-exclusive.com\/fr\/wp-json\/wp\/v2\/product\/337","targetHints":{"allow":["GET"]}}],"collection":[{"href":"https:\/\/finearts-exclusive.com\/fr\/wp-json\/wp\/v2\/product"}],"about":[{"href":"https:\/\/finearts-exclusive.com\/fr\/wp-json\/wp\/v2\/types\/product"}],"wp:featuredmedia":[{"embeddable":true,"href":"https:\/\/finearts-exclusive.com\/fr\/wp-json\/wp\/v2\/media\/2621"}],"wp:attachment":[{"href":"https:\/\/finearts-exclusive.com\/fr\/wp-json\/wp\/v2\/media?parent=337"}],"wp:term":[{"taxonomy":"product_brand","embeddable":true,"href":"https:\/\/finearts-exclusive.com\/fr\/wp-json\/wp\/v2\/product_brand?post=337"},{"taxonomy":"product_cat","embeddable":true,"href":"https:\/\/finearts-exclusive.com\/fr\/wp-json\/wp\/v2\/product_cat?post=337"},{"taxonomy":"product_tag","embeddable":true,"href":"https:\/\/finearts-exclusive.com\/fr\/wp-json\/wp\/v2\/product_tag?post=337"}],"curies":[{"name":"wp","href":"https:\/\/api.w.org\/{rel}","templated":true}]}}