{"id":338,"date":"2021-11-06T13:12:49","date_gmt":"2021-11-06T12:12:49","guid":{"rendered":"https:\/\/finearts-exclusive.com\/p\/unkategorisiert\/bunny-waitress-medium-size\/"},"modified":"2025-09-06T15:00:36","modified_gmt":"2025-09-06T13:00:36","slug":"bunny-waitress-medium-size","status":"publish","type":"product","link":"https:\/\/finearts-exclusive.com\/fr\/p\/luxus-bronzeskulpturen\/bunny-waitress-medium-size\/","title":{"rendered":"Bunny Waitress - Taille moyenne"},"content":{"rendered":"<p>Depuis des d\u00e9cennies, nous vous connaissons, vous, les h\u00f4tesses Bunny, ou \"Bunny Waitress\", avec votre gracieuse apparence sexy et votre hospitalit\u00e9 sans limites. Au fil des ann\u00e9es, de nombreux mythes et myst\u00e8res ont vu le jour autour des Bunnys, mais comme tout dans la vie, la r\u00e9alit\u00e9 est souvent tr\u00e8s \u00e9loign\u00e9e de l'imaginaire. Les serveuses sexy \"Bunny Waitress\" avec leur costume de lapin, leurs grandes oreilles de lapin, leur queue et leur manchette en peluche, ainsi que leur d\u00e9collet\u00e9 plongeant et leurs seins gonfl\u00e9s \u00e0 bloc ont beaucoup de sex-appeal, mais elles ne sont jamais bon march\u00e9 ni lascives. La t\u00e2che d'une Bunny Waitress consistait notamment \u00e0 servir les invit\u00e9s avec amour dans sa \"pose de Bunny\" sexy.<\/p>\n<p>Cette t\u00e2che des h\u00f4tesses Bunny \u00e9rotiques a inspir\u00e9 l'artiste Don Alberto Carlos qui a cr\u00e9\u00e9 une serveuse Bunny grandeur nature avec ses nombreux d\u00e9tails \u00e9rotiques et un plateau dans sa main comme servante muette. La Bunny, avec son look sexy et son costume de lapin sexy, offre du champagne de qualit\u00e9 aux invit\u00e9s sur un plateau dans de nombreuses coupes.<\/p>\n<p>La moyenne <strong>Sculpture en bronze Bunny serveuse<\/strong> avec ses nombreux d\u00e9tails \u00e9rotiques en filigrane est un chef-d'\u0153uvre artistique exceptionnel de l'art de la fonderie de bronze de Fein.<\/p>","protected":false},"excerpt":{"rendered":"<p>Seit Jahrzehnten kennen wir Sie, die Bunny Hostessen, oder auch \u201eBunny Waitress\u201c, mit ihrem anmutigen sexy Aussehen und grenzenloser Gastlichkeit. Im Laufe der Jahre sind zahlreiche Mythen und Geheimnisse rund um die Bunnys entstanden, aber wie alles im Leben liegt die Realit\u00e4t oft weit von der Fantasievorstellung entfernt. Die sexy Kellnerinnen \u201eBunny Waitress\u201c mit Ihrem [&#8230;]\n","protected":false},"featured_media":2629,"template":"","meta":{"_seopress_robots_primary_cat":"none","_seopress_titles_title":"","_seopress_titles_desc":"","_seopress_robots_index":""},"product_brand":[],"product_cat":[31],"product_tag":[62],"class_list":{"0":"post-338","1":"product","2":"type-product","3":"status-publish","4":"has-post-thumbnail","6":"product_cat-luxus-bronzeskulpturen","7":"product_tag-preis-auf-anfrage","8":"product_shipping_class-skulpturen","9":"pa_kuenstler-don-alberto-carlos","11":"first","12":"instock","13":"taxable","14":"shipping-taxable","15":"product-type-variable","16":"has-default-attributes"},"publishpress_future_action":{"enabled":false,"date":"2026-04-17 12:53:03","action":"change-status","newStatus":"trash","terms":[],"taxonomy":"product_brand","extraData":[]},"publishpress_future_workflow_manual_trigger":{"enabledWorkflows":[]},"_links":{"self":[{"href":"https:\/\/finearts-exclusive.com\/fr\/wp-json\/wp\/v2\/product\/338","targetHints":{"allow":["GET"]}}],"collection":[{"href":"https:\/\/finearts-exclusive.com\/fr\/wp-json\/wp\/v2\/product"}],"about":[{"href":"https:\/\/finearts-exclusive.com\/fr\/wp-json\/wp\/v2\/types\/product"}],"wp:featuredmedia":[{"embeddable":true,"href":"https:\/\/finearts-exclusive.com\/fr\/wp-json\/wp\/v2\/media\/2629"}],"wp:attachment":[{"href":"https:\/\/finearts-exclusive.com\/fr\/wp-json\/wp\/v2\/media?parent=338"}],"wp:term":[{"taxonomy":"product_brand","embeddable":true,"href":"https:\/\/finearts-exclusive.com\/fr\/wp-json\/wp\/v2\/product_brand?post=338"},{"taxonomy":"product_cat","embeddable":true,"href":"https:\/\/finearts-exclusive.com\/fr\/wp-json\/wp\/v2\/product_cat?post=338"},{"taxonomy":"product_tag","embeddable":true,"href":"https:\/\/finearts-exclusive.com\/fr\/wp-json\/wp\/v2\/product_tag?post=338"}],"curies":[{"name":"wp","href":"https:\/\/api.w.org\/{rel}","templated":true}]}}