{"id":340,"date":"2021-11-06T13:12:50","date_gmt":"2021-11-06T12:12:50","guid":{"rendered":"https:\/\/finearts-exclusive.com\/p\/unkategorisiert\/dragons-beauty-life-size\/"},"modified":"2025-06-27T10:22:24","modified_gmt":"2025-06-27T08:22:24","slug":"dragons-beauty-life-size","status":"publish","type":"product","link":"https:\/\/finearts-exclusive.com\/fr\/p\/luxus-erotik-bronzeskulpturen\/dragons-beauty-life-size\/","title":{"rendered":"Dragons Beauty - Taille r\u00e9elle"},"content":{"rendered":"<p>Il \u00e9tait une fois un jeune homme sage, Jonas, qui aimait plus que tout sa petite amie nomm\u00e9e \"Beauty\". Mais elle refusait toutes ses demandes en mariage.<\/p>\n<p>C'est pourquoi il inventa une ruse. Un jour, une f\u00e9e lui apparut et exau\u00e7a tous ses v\u0153ux. Il souhaita \u00eatre transform\u00e9 en un dragon muscl\u00e9 et puissant avec deux t\u00eates. La f\u00e9e exau\u00e7a son v\u0153u, mais \u00e0 la condition qu'il ne puisse \u00eatre retransform\u00e9 un jour que s'il rendait son amie \"Beauty\" heureuse physiquement et psychologiquement. Son v\u0153u a \u00e9t\u00e9 exauc\u00e9. Lorsque son amie vit le magnifique dragon muscl\u00e9, elle fut enchant\u00e9e et tomba imm\u00e9diatement amoureuse. Le dragon l'enla\u00e7a par derri\u00e8re et lui fit l'amour sensuellement, l'embrassant sur les deux joues avec ses deux t\u00eates en m\u00eame temps. Dragons Beauty se sentait heureuse, en s\u00e9curit\u00e9 et prot\u00e9g\u00e9e.<\/p>\n<p>Comme il avait rempli la condition de la f\u00e9e, il fut retransform\u00e9 en jeune Jonas. Son amie \"Beauty\" a reconnu et \u00e9pous\u00e9 son pr\u00e9tendant Jonas. Ils furent heureux jusqu'\u00e0 la fin de leur vie, car Beauty a compris que ce ne sont pas les crit\u00e8res superficiels qui sont d\u00e9terminants pour le v\u00e9ritable amour, mais les valeurs int\u00e9rieures de l'\u00eatre humain.<\/p>\n<p>L'artiste Rudolfo Bucacio a cr\u00e9\u00e9 une impressionnante sculpture en bronze fantaisie d'une importance monumentale, grandeur nature. Le site <strong>Sculpture en bronze Dragons Beauty<\/strong> est un v\u00e9ritable accroche-regard qui fait sensation et suscite l'admiration de tous ceux qui le regardent.<\/p>","protected":false},"excerpt":{"rendered":"<div class=\"video video-fit mb\" style=\"padding-top:56.25%;\">\n<div class=\"brlbs-cmpnt-container brlbs-cmpnt-content-blocker brlbs-cmpnt-with-individual-styles\" data-borlabs-cookie-content-blocker-id=\"youtube-content-blocker\" data-borlabs-cookie-content=\"PGlmcmFtZSB0aXRsZT0iRmluZSBBcnRzIFdvaG5rdWx0dXIgLSBCcm9uemUgLSBEcmFnb25zIEJlYXV0eSIgd2lkdGg9IjEwMjAiIGhlaWdodD0iNTc0IiBzcmM9Imh0dHBzOi8vd3d3LnlvdXR1YmUtbm9jb29raWUuY29tL2VtYmVkL2VsZ2t2TEtJSmpNP2ZlYXR1cmU9b2VtYmVkIiBmcmFtZWJvcmRlcj0iMCIgYWxsb3c9ImFjY2VsZXJvbWV0ZXI7IGF1dG9wbGF5OyBjbGlwYm9hcmQtd3JpdGU7IGVuY3J5cHRlZC1tZWRpYTsgZ3lyb3Njb3BlOyBwaWN0dXJlLWluLXBpY3R1cmU7IHdlYi1zaGFyZSIgYWxsb3dmdWxsc2NyZWVuPjwvaWZyYW1lPg==\">\n<div class=\"brlbs-cmpnt-cb-preset-c brlbs-cmpnt-cb-youtube\">\n<div class=\"brlbs-cmpnt-cb-thumbnail\" style=\"background-image: url('https:\/\/finearts-exclusive.com\/wp-content\/uploads\/borlabs-cookie\/1\/yt_elgkvLKIJjM_hqdefault.jpg')\"><\/div>\n<div class=\"brlbs-cmpnt-cb-main\">\n<div class=\"brlbs-cmpnt-cb-play-button\"><\/div>\n<div class=\"brlbs-cmpnt-cb-content\">\n<p class=\"brlbs-cmpnt-cb-description\">Vous \u00eates actuellement en train de consulter le contenu d'un espace r\u00e9serv\u00e9 de <strong>YouTube<\/strong>. Pour acc\u00e9der au contenu r\u00e9el, cliquez sur le bouton ci-dessous. Veuillez noter que ce faisant, des donn\u00e9es seront partag\u00e9es avec des fournisseurs tiers.<\/p>\n<p> <a class=\"brlbs-cmpnt-cb-provider-toggle\" href=\"#\" data-borlabs-cookie-show-provider-information role=\"button\">Plus d'informations<\/a> <\/div>\n<div class=\"brlbs-cmpnt-cb-buttons\"> <a class=\"brlbs-cmpnt-cb-btn\" href=\"#\" data-borlabs-cookie-unblock role=\"button\">D\u00e9bloquer le contenu<\/a> <a class=\"brlbs-cmpnt-cb-btn\" href=\"#\" data-borlabs-cookie-accept-service role=\"button\" style=\"display: inherit\">Accepter le service requis et d\u00e9bloquer les contenus<\/a> <\/div>\n<\/p><\/div>\n<\/p><\/div>\n<\/div>\n<\/div>","protected":false},"featured_media":61904,"template":"","meta":{"_seopress_robots_primary_cat":"none","_seopress_titles_title":"","_seopress_titles_desc":"","_seopress_robots_index":""},"product_brand":[],"product_cat":[33],"product_tag":[62],"class_list":{"0":"post-340","1":"product","2":"type-product","3":"status-publish","4":"has-post-thumbnail","6":"product_cat-luxus-erotik-bronzeskulpturen","7":"product_tag-preis-auf-anfrage","8":"product_shipping_class-skulpturen","9":"pa_kuenstler-rudolfo-bucacio","11":"first","12":"instock","13":"taxable","14":"shipping-taxable","15":"product-type-variable","16":"has-default-attributes"},"publishpress_future_action":{"enabled":false,"date":"2026-04-11 14:53:04","action":"change-status","newStatus":"trash","terms":[],"taxonomy":"product_brand","extraData":[]},"publishpress_future_workflow_manual_trigger":{"enabledWorkflows":[]},"_links":{"self":[{"href":"https:\/\/finearts-exclusive.com\/fr\/wp-json\/wp\/v2\/product\/340","targetHints":{"allow":["GET"]}}],"collection":[{"href":"https:\/\/finearts-exclusive.com\/fr\/wp-json\/wp\/v2\/product"}],"about":[{"href":"https:\/\/finearts-exclusive.com\/fr\/wp-json\/wp\/v2\/types\/product"}],"wp:featuredmedia":[{"embeddable":true,"href":"https:\/\/finearts-exclusive.com\/fr\/wp-json\/wp\/v2\/media\/61904"}],"wp:attachment":[{"href":"https:\/\/finearts-exclusive.com\/fr\/wp-json\/wp\/v2\/media?parent=340"}],"wp:term":[{"taxonomy":"product_brand","embeddable":true,"href":"https:\/\/finearts-exclusive.com\/fr\/wp-json\/wp\/v2\/product_brand?post=340"},{"taxonomy":"product_cat","embeddable":true,"href":"https:\/\/finearts-exclusive.com\/fr\/wp-json\/wp\/v2\/product_cat?post=340"},{"taxonomy":"product_tag","embeddable":true,"href":"https:\/\/finearts-exclusive.com\/fr\/wp-json\/wp\/v2\/product_tag?post=340"}],"curies":[{"name":"wp","href":"https:\/\/api.w.org\/{rel}","templated":true}]}}