{"id":341,"date":"2021-11-06T13:12:50","date_gmt":"2021-11-06T12:12:50","guid":{"rendered":"https:\/\/finearts-exclusive.com\/p\/unkategorisiert\/harlekin-lady-in-love\/"},"modified":"2023-03-15T18:14:16","modified_gmt":"2023-03-15T17:14:16","slug":"arlequin-lady-in-love","status":"publish","type":"product","link":"https:\/\/finearts-exclusive.com\/fr\/p\/luxus-bronzeskulpturen\/harlekin-lady-in-love\/","title":{"rendered":"Arlequin &amp; Lady in Love"},"content":{"rendered":"<p>Arlequin est plus que tout autre un homme qui cherche, qui s'interroge, marqu\u00e9 par la prise de conscience suivante : deux \u00e2mes habitent dans ma poitrine, \u00e0 la recherche \u00e9ternelle du v\u00e9ritable amour.<\/p>\n<p>L'artiste Don Alberto Carlos, uni par le style \u00e0 sa bien-aim\u00e9e, a cr\u00e9\u00e9 une \u0153uvre d'art qui a \u00e9t\u00e9 pr\u00e9sent\u00e9e au public.<\/p>\n<p>la petite <strong>Sculpture en bronze Arlequin &amp; Lady in Love.<\/strong><\/p>","protected":false},"excerpt":{"rendered":"<p>Arlequin est plus que tout autre un homme qui cherche, qui s'interroge, marqu\u00e9 par le constat suivant : deux \u00e2mes habitent dans ma poitrine, \u00e0 la recherche \u00e9ternelle du v\u00e9ritable amour. L'artiste Don Alberto Carlos a cr\u00e9\u00e9 la petite sculpture en bronze Arlequin &amp; Lady in Love, dont le style s'accorde avec celui de sa bien-aim\u00e9e.<\/p>","protected":false},"featured_media":2654,"template":"","meta":{"_seopress_robots_primary_cat":"none","_seopress_titles_title":"","_seopress_titles_desc":"","_seopress_robots_index":""},"product_brand":[],"product_cat":[31],"product_tag":[62],"class_list":{"0":"post-341","1":"product","2":"type-product","3":"status-publish","4":"has-post-thumbnail","6":"product_cat-luxus-bronzeskulpturen","7":"product_tag-preis-auf-anfrage","8":"product_shipping_class-skulpturen","9":"pa_kuenstler-don-alberto-carlos","11":"first","12":"instock","13":"taxable","14":"shipping-taxable","15":"product-type-variable","16":"has-default-attributes"},"publishpress_future_action":{"enabled":false,"date":"2026-04-13 19:43:29","action":"change-status","newStatus":"trash","terms":[],"taxonomy":"product_brand","extraData":[]},"publishpress_future_workflow_manual_trigger":{"enabledWorkflows":[]},"_links":{"self":[{"href":"https:\/\/finearts-exclusive.com\/fr\/wp-json\/wp\/v2\/product\/341","targetHints":{"allow":["GET"]}}],"collection":[{"href":"https:\/\/finearts-exclusive.com\/fr\/wp-json\/wp\/v2\/product"}],"about":[{"href":"https:\/\/finearts-exclusive.com\/fr\/wp-json\/wp\/v2\/types\/product"}],"wp:featuredmedia":[{"embeddable":true,"href":"https:\/\/finearts-exclusive.com\/fr\/wp-json\/wp\/v2\/media\/2654"}],"wp:attachment":[{"href":"https:\/\/finearts-exclusive.com\/fr\/wp-json\/wp\/v2\/media?parent=341"}],"wp:term":[{"taxonomy":"product_brand","embeddable":true,"href":"https:\/\/finearts-exclusive.com\/fr\/wp-json\/wp\/v2\/product_brand?post=341"},{"taxonomy":"product_cat","embeddable":true,"href":"https:\/\/finearts-exclusive.com\/fr\/wp-json\/wp\/v2\/product_cat?post=341"},{"taxonomy":"product_tag","embeddable":true,"href":"https:\/\/finearts-exclusive.com\/fr\/wp-json\/wp\/v2\/product_tag?post=341"}],"curies":[{"name":"wp","href":"https:\/\/api.w.org\/{rel}","templated":true}]}}