{"id":342,"date":"2021-11-06T13:12:50","date_gmt":"2021-11-06T12:12:50","guid":{"rendered":"https:\/\/finearts-exclusive.com\/p\/unkategorisiert\/harlekin-maske\/"},"modified":"2023-03-15T18:13:31","modified_gmt":"2023-03-15T17:13:31","slug":"masque-darlequin","status":"publish","type":"product","link":"https:\/\/finearts-exclusive.com\/fr\/p\/luxus-bronzeskulpturen\/harlekin-maske\/","title":{"rendered":"Masque d'Arlequin"},"content":{"rendered":"<p>Le site <strong>Masque d'arlequin<\/strong> est l'une des caract\u00e9ristiques les plus importantes de son costume.  La tradition de l'Arlequin, personnage de sc\u00e8ne particulier dans son costume typique, remonte d\u00e9j\u00e0 au 12e si\u00e8cle et est devenu au fil des si\u00e8cles un ph\u00e9nom\u00e8ne europ\u00e9en. Aujourd'hui encore, cette fascination pour ce personnage tragique et comique aux multiples facettes perdure. Les th\u00e8mes de pr\u00e9dilection d'Arlequin, qui est avant tout existentiel et corporel, sont soulign\u00e9s par ce costume qui met l'accent sur le bas du corps : La nourriture, la faim permanente, le fait de manger, de cracher, de chier, de roter, l'\u00e9rotisme, le d\u00e9sir, l'amour, la mort.<\/p>","protected":false},"excerpt":{"rendered":"<p>Die Maske eines Harlekines ist eines der bedeutendsten Merkmale seiner Kost\u00fcmierung.\u00a0 Bereits aus dem 12. Jahrhundert gibt es \u00dcberlieferungen vom Harlekin, der besonderen B\u00fchnenfigur in seinem Typischen Kost\u00fcm, welche \u00fcber die Jahrhunderte zu einem europ\u00e4ischen Ph\u00e4nomen wurde. Bis heute h\u00e4lt diese Faszination der tragisch komm\u00f6dialen Figur mit seiner Vielseitigkeit bei vielen an. Die prim\u00e4r existenziell [&#8230;]\n","protected":false},"featured_media":2655,"template":"","meta":{"_seopress_robots_primary_cat":"none","_seopress_titles_title":"","_seopress_titles_desc":"","_seopress_robots_index":""},"product_brand":[],"product_cat":[31],"product_tag":[62],"class_list":{"0":"post-342","1":"product","2":"type-product","3":"status-publish","4":"has-post-thumbnail","6":"product_cat-luxus-bronzeskulpturen","7":"product_tag-preis-auf-anfrage","8":"product_shipping_class-skulpturen","9":"pa_kuenstler-don-alberto-carlos","11":"first","12":"instock","13":"taxable","14":"shipping-taxable","15":"product-type-variable","16":"has-default-attributes"},"publishpress_future_action":{"enabled":false,"date":"2026-04-17 12:52:40","action":"change-status","newStatus":"trash","terms":[],"taxonomy":"product_brand","extraData":[]},"publishpress_future_workflow_manual_trigger":{"enabledWorkflows":[]},"_links":{"self":[{"href":"https:\/\/finearts-exclusive.com\/fr\/wp-json\/wp\/v2\/product\/342","targetHints":{"allow":["GET"]}}],"collection":[{"href":"https:\/\/finearts-exclusive.com\/fr\/wp-json\/wp\/v2\/product"}],"about":[{"href":"https:\/\/finearts-exclusive.com\/fr\/wp-json\/wp\/v2\/types\/product"}],"wp:featuredmedia":[{"embeddable":true,"href":"https:\/\/finearts-exclusive.com\/fr\/wp-json\/wp\/v2\/media\/2655"}],"wp:attachment":[{"href":"https:\/\/finearts-exclusive.com\/fr\/wp-json\/wp\/v2\/media?parent=342"}],"wp:term":[{"taxonomy":"product_brand","embeddable":true,"href":"https:\/\/finearts-exclusive.com\/fr\/wp-json\/wp\/v2\/product_brand?post=342"},{"taxonomy":"product_cat","embeddable":true,"href":"https:\/\/finearts-exclusive.com\/fr\/wp-json\/wp\/v2\/product_cat?post=342"},{"taxonomy":"product_tag","embeddable":true,"href":"https:\/\/finearts-exclusive.com\/fr\/wp-json\/wp\/v2\/product_tag?post=342"}],"curies":[{"name":"wp","href":"https:\/\/api.w.org\/{rel}","templated":true}]}}