{"id":348,"date":"2021-11-06T13:12:51","date_gmt":"2021-11-06T12:12:51","guid":{"rendered":"https:\/\/finearts-exclusive.com\/p\/unkategorisiert\/relaxa\/"},"modified":"2023-02-22T19:02:26","modified_gmt":"2023-02-22T18:02:26","slug":"relaxa","status":"publish","type":"product","link":"https:\/\/finearts-exclusive.com\/fr\/p\/luxus-erotik-bronzeskulpturen\/relaxa\/","title":{"rendered":"Relaxa"},"content":{"rendered":"<p>Cette beaut\u00e9 nue allong\u00e9e cache presque tous ses charmes f\u00e9minins gr\u00e2ce \u00e0 sa position d\u00e9tendue. Pourtant, la sculpture en bronze est tr\u00e8s sexy et \u00e9rotique. Avec son dos creux, la sculpture en bronze Relaxa met d\u00e9lib\u00e9r\u00e9ment l'accent sur ses fesses rebondies en forme de pomme, attirant ainsi le regard des spectateurs de mani\u00e8re magn\u00e9tique.<\/p>","protected":false},"excerpt":{"rendered":"<p>Cette beaut\u00e9 nue allong\u00e9e cache presque tous ses charmes f\u00e9minins gr\u00e2ce \u00e0 sa position d\u00e9tendue. Pourtant, la sculpture en bronze est tr\u00e8s sexy et \u00e9rotique. Avec son dos creux, la sculpture en bronze Relaxa met d\u00e9lib\u00e9r\u00e9ment l'accent sur ses fesses rebondies en forme de pomme, attirant ainsi le regard des spectateurs de mani\u00e8re magn\u00e9tique.<\/p>","protected":false},"featured_media":2670,"template":"","meta":{"_seopress_robots_primary_cat":"none","_seopress_titles_title":"","_seopress_titles_desc":"","_seopress_robots_index":""},"product_brand":[],"product_cat":[33],"product_tag":[62],"class_list":{"0":"post-348","1":"product","2":"type-product","3":"status-publish","4":"has-post-thumbnail","6":"product_cat-luxus-erotik-bronzeskulpturen","7":"product_tag-preis-auf-anfrage","8":"product_shipping_class-skulpturen","9":"pa_kuenstler-don-alberto-carlos","11":"first","12":"instock","13":"taxable","14":"shipping-taxable","15":"product-type-variable","16":"has-default-attributes"},"publishpress_future_action":{"enabled":false,"date":"2026-05-07 18:10:29","action":"change-status","newStatus":"trash","terms":[],"taxonomy":"product_brand","extraData":[]},"publishpress_future_workflow_manual_trigger":{"enabledWorkflows":[]},"_links":{"self":[{"href":"https:\/\/finearts-exclusive.com\/fr\/wp-json\/wp\/v2\/product\/348","targetHints":{"allow":["GET"]}}],"collection":[{"href":"https:\/\/finearts-exclusive.com\/fr\/wp-json\/wp\/v2\/product"}],"about":[{"href":"https:\/\/finearts-exclusive.com\/fr\/wp-json\/wp\/v2\/types\/product"}],"wp:featuredmedia":[{"embeddable":true,"href":"https:\/\/finearts-exclusive.com\/fr\/wp-json\/wp\/v2\/media\/2670"}],"wp:attachment":[{"href":"https:\/\/finearts-exclusive.com\/fr\/wp-json\/wp\/v2\/media?parent=348"}],"wp:term":[{"taxonomy":"product_brand","embeddable":true,"href":"https:\/\/finearts-exclusive.com\/fr\/wp-json\/wp\/v2\/product_brand?post=348"},{"taxonomy":"product_cat","embeddable":true,"href":"https:\/\/finearts-exclusive.com\/fr\/wp-json\/wp\/v2\/product_cat?post=348"},{"taxonomy":"product_tag","embeddable":true,"href":"https:\/\/finearts-exclusive.com\/fr\/wp-json\/wp\/v2\/product_tag?post=348"}],"curies":[{"name":"wp","href":"https:\/\/api.w.org\/{rel}","templated":true}]}}