{"id":350,"date":"2021-11-06T13:12:51","date_gmt":"2021-11-06T12:12:51","guid":{"rendered":"https:\/\/finearts-exclusive.com\/p\/unkategorisiert\/waitress-lifesize\/"},"modified":"2023-02-22T19:06:03","modified_gmt":"2023-02-22T18:06:03","slug":"waitress-lifesize","status":"publish","type":"product","link":"https:\/\/finearts-exclusive.com\/fr\/p\/luxus-bronzeskulpturen\/waitress-lifesize\/","title":{"rendered":"Waitress - Lifesize"},"content":{"rendered":"<p>Nous les connaissons depuis des d\u00e9cennies, ces h\u00f4tesses \u00e0 l'allure gracieuse et sexy et \u00e0 l'hospitalit\u00e9 sans limite.<\/p>\n<p>Les serveuses sexy avec leur costume et leurs manchettes, ainsi que leur d\u00e9collet\u00e9 plongeant avec leurs hauts seins bouffants, ont beaucoup de sex-appeal, mais ne sont jamais bon march\u00e9 ni lascives. L'une de leurs t\u00e2ches consistait \u00e0 servir les clients avec amour dans leur \"pose\" sexy.<\/p>\n<p>Cette mission d'h\u00f4tesses \u00e9rotiques a inspir\u00e9 l'artiste Don Alberto Carlos, qui a cr\u00e9\u00e9 une \u0153uvre d'art grandeur nature. <strong>Sculpture en bronze Waitress<\/strong> avec ses nombreux d\u00e9tails \u00e9rotiques, et un plateau \u00e0 la main, comme une servante muette.<\/p>\n<p>Le site <strong>Sculpture de luxe en bronze \"Serveuse<\/strong>\"Avec ses nombreux d\u00e9tails \u00e9rotiques en filigrane, cette statue est un chef-d'\u0153uvre artistique exceptionnel de l'art raffin\u00e9 de la fonte du bronze.<\/p>","protected":false},"excerpt":{"rendered":"<p>Seit Jahrzehnten kennen wir sie, die Hostessen mit ihrer anmutigen sexy Erscheinung und ihrer grenzenlosen Gastfreundschaft. Die sexy Kellnerinnen mit ihrem Kost\u00fcm und den Manschetten sowie dem tiefen Dekollet\u00e9 mit den hohen Puff-Br\u00fcsten haben viel Sexappeal, sind aber nie billig und l\u00fcstern. Eine ihrer Aufgaben war es, die G\u00e4ste in ihrer sexy \u201cPose\u201d liebevoll zu [&#8230;]\n","protected":false},"featured_media":2686,"template":"","meta":{"_seopress_robots_primary_cat":"none","_seopress_titles_title":"","_seopress_titles_desc":"","_seopress_robots_index":""},"product_brand":[],"product_cat":[31],"product_tag":[62],"class_list":{"0":"post-350","1":"product","2":"type-product","3":"status-publish","4":"has-post-thumbnail","6":"product_cat-luxus-bronzeskulpturen","7":"product_tag-preis-auf-anfrage","8":"product_shipping_class-skulpturen","9":"pa_kuenstler-don-alberto-carlos","11":"first","12":"instock","13":"taxable","14":"shipping-taxable","15":"product-type-variable","16":"has-default-attributes"},"publishpress_future_action":{"enabled":false,"date":"2026-04-19 12:16:41","action":"change-status","newStatus":"trash","terms":[],"taxonomy":"product_brand","extraData":[]},"publishpress_future_workflow_manual_trigger":{"enabledWorkflows":[]},"_links":{"self":[{"href":"https:\/\/finearts-exclusive.com\/fr\/wp-json\/wp\/v2\/product\/350","targetHints":{"allow":["GET"]}}],"collection":[{"href":"https:\/\/finearts-exclusive.com\/fr\/wp-json\/wp\/v2\/product"}],"about":[{"href":"https:\/\/finearts-exclusive.com\/fr\/wp-json\/wp\/v2\/types\/product"}],"wp:featuredmedia":[{"embeddable":true,"href":"https:\/\/finearts-exclusive.com\/fr\/wp-json\/wp\/v2\/media\/2686"}],"wp:attachment":[{"href":"https:\/\/finearts-exclusive.com\/fr\/wp-json\/wp\/v2\/media?parent=350"}],"wp:term":[{"taxonomy":"product_brand","embeddable":true,"href":"https:\/\/finearts-exclusive.com\/fr\/wp-json\/wp\/v2\/product_brand?post=350"},{"taxonomy":"product_cat","embeddable":true,"href":"https:\/\/finearts-exclusive.com\/fr\/wp-json\/wp\/v2\/product_cat?post=350"},{"taxonomy":"product_tag","embeddable":true,"href":"https:\/\/finearts-exclusive.com\/fr\/wp-json\/wp\/v2\/product_tag?post=350"}],"curies":[{"name":"wp","href":"https:\/\/api.w.org\/{rel}","templated":true}]}}