{"id":352,"date":"2021-11-06T13:12:51","date_gmt":"2021-11-06T12:12:51","guid":{"rendered":"https:\/\/finearts-exclusive.com\/p\/unkategorisiert\/bondage-girl-on-chair\/"},"modified":"2025-09-06T14:52:35","modified_gmt":"2025-09-06T12:52:35","slug":"bondage-girl-on-chair","status":"publish","type":"product","link":"https:\/\/finearts-exclusive.com\/fr\/p\/luxus-erotik-bronzeskulpturen\/bondage-girl-on-chair\/","title":{"rendered":"Bondage Girl sur une chaise"},"content":{"rendered":"<p>De nos jours, de plus en plus de personnes profitent d'un nouveau mode de vie sexuel avec les jeux sexuels de bondage. Le bondage d\u00e9signe le fait d'\u00eatre attach\u00e9 de mani\u00e8re artistique avec des ficelles et des n\u0153uds lors de relations sexuelles pleines de passion. Ils le font parce qu'ils veulent plaire \u00e0 leur partenaire, parce qu'ils aiment se sentir hors de contr\u00f4le de leur propre plaisir ou parce qu'ils aiment l'id\u00e9e d'\u00eatre \"utilis\u00e9s\", m\u00eame si c'est de mani\u00e8re consensuelle. Ce qui est passionnant, c'est d'une part l'aspect de la soumission - laisser la responsabilit\u00e9 de tout \u00e0 son partenaire peut avoir quelque chose de lib\u00e9rateur - et d'autre part le fait que vous vous concentrez beaucoup plus sur ce qui se passe avec votre corps.<\/p>\n<p>Notre artiste Paul John Ballard a \u00e9t\u00e9 profond\u00e9ment inspir\u00e9 par le la\u00e7age \u00e9rotique lors des jeux sexuels de bondage, si bien qu'il a cr\u00e9\u00e9 la <strong>figure \u00e9rotique en bronze \"Bondage Girl on Chair<\/strong> avec une ligature artistique sur une chaise en bronze s\u00e9par\u00e9e. La fille de bondage est assise \u00e0 <strong>Sculpture en bronze \"Bondage Girl on Chair\" (Fille de bondage sur chaise)<\/strong> \u00e0 l'envers sur une chaise, elle a \u00e9t\u00e9 nou\u00e9e \u00e0 la main de mani\u00e8re artistique et individuelle avec une corde de couleur argent\u00e9e par notre ma\u00eetre du bondage dans le style japonais Shibari et attach\u00e9e \u00e0 la chaise.  De minimes diff\u00e9rences de la\u00e7age par rapport \u00e0 l'illustration sont possibles lors de l'utilisation. <strong>sculpture \u00e9rotique en bronze \"Bondage Girl on Chair\".<\/strong> possible.<\/p>","protected":false},"excerpt":{"rendered":"<div class=\"video video-fit mb\" style=\"padding-top:56.25%;\">\n<div class=\"brlbs-cmpnt-container brlbs-cmpnt-content-blocker brlbs-cmpnt-with-individual-styles\" data-borlabs-cookie-content-blocker-id=\"youtube-content-blocker\" data-borlabs-cookie-content=\"PGlmcmFtZSB0aXRsZT0iRmluZSBBcnRzIFdvaG5rdWx0dXIgLSBCcm9uemUgLSBHaXJsIE9uIENoYWlyIiB3aWR0aD0iMTAyMCIgaGVpZ2h0PSI1NzQiIHNyYz0iaHR0cHM6Ly93d3cueW91dHViZS1ub2Nvb2tpZS5jb20vZW1iZWQvU1VTQ3dRX1BrYTQ\/ZmVhdHVyZT1vZW1iZWQiIGZyYW1lYm9yZGVyPSIwIiBhbGxvdz0iYWNjZWxlcm9tZXRlcjsgYXV0b3BsYXk7IGNsaXBib2FyZC13cml0ZTsgZW5jcnlwdGVkLW1lZGlhOyBneXJvc2NvcGU7IHBpY3R1cmUtaW4tcGljdHVyZTsgd2ViLXNoYXJlIiBhbGxvd2Z1bGxzY3JlZW4+PC9pZnJhbWU+\">\n<div class=\"brlbs-cmpnt-cb-preset-c brlbs-cmpnt-cb-youtube\">\n<div class=\"brlbs-cmpnt-cb-thumbnail\" style=\"background-image: url('https:\/\/finearts-exclusive.com\/wp-content\/uploads\/borlabs-cookie\/1\/yt_SUSCwQ_Pka4_hqdefault.jpg')\"><\/div>\n<div class=\"brlbs-cmpnt-cb-main\">\n<div class=\"brlbs-cmpnt-cb-play-button\"><\/div>\n<div class=\"brlbs-cmpnt-cb-content\">\n<p class=\"brlbs-cmpnt-cb-description\">Vous \u00eates actuellement en train de consulter le contenu d'un espace r\u00e9serv\u00e9 de <strong>YouTube<\/strong>. Pour acc\u00e9der au contenu r\u00e9el, cliquez sur le bouton ci-dessous. Veuillez noter que ce faisant, des donn\u00e9es seront partag\u00e9es avec des fournisseurs tiers.<\/p>\n<p> <a class=\"brlbs-cmpnt-cb-provider-toggle\" href=\"#\" data-borlabs-cookie-show-provider-information role=\"button\">Plus d'informations<\/a> <\/div>\n<div class=\"brlbs-cmpnt-cb-buttons\"> <a class=\"brlbs-cmpnt-cb-btn\" href=\"#\" data-borlabs-cookie-unblock role=\"button\">D\u00e9bloquer le contenu<\/a> <a class=\"brlbs-cmpnt-cb-btn\" href=\"#\" data-borlabs-cookie-accept-service role=\"button\" style=\"display: inherit\">Accepter le service requis et d\u00e9bloquer les contenus<\/a> <\/div>\n<\/p><\/div>\n<\/p><\/div>\n<\/div>\n<\/div>","protected":false},"featured_media":61903,"template":"","meta":{"_seopress_robots_primary_cat":"none","_seopress_titles_title":"","_seopress_titles_desc":"","_seopress_robots_index":""},"product_brand":[],"product_cat":[33],"product_tag":[62],"class_list":{"0":"post-352","1":"product","2":"type-product","3":"status-publish","4":"has-post-thumbnail","6":"product_cat-luxus-erotik-bronzeskulpturen","7":"product_tag-preis-auf-anfrage","8":"product_shipping_class-skulpturen","9":"pa_kuenstler-paul-john-ballard","11":"first","12":"instock","13":"taxable","14":"shipping-taxable","15":"product-type-variable","16":"has-default-attributes"},"publishpress_future_action":{"enabled":false,"date":"2026-04-17 10:56:44","action":"change-status","newStatus":"trash","terms":[],"taxonomy":"product_brand","extraData":[]},"publishpress_future_workflow_manual_trigger":{"enabledWorkflows":[]},"_links":{"self":[{"href":"https:\/\/finearts-exclusive.com\/fr\/wp-json\/wp\/v2\/product\/352","targetHints":{"allow":["GET"]}}],"collection":[{"href":"https:\/\/finearts-exclusive.com\/fr\/wp-json\/wp\/v2\/product"}],"about":[{"href":"https:\/\/finearts-exclusive.com\/fr\/wp-json\/wp\/v2\/types\/product"}],"wp:featuredmedia":[{"embeddable":true,"href":"https:\/\/finearts-exclusive.com\/fr\/wp-json\/wp\/v2\/media\/61903"}],"wp:attachment":[{"href":"https:\/\/finearts-exclusive.com\/fr\/wp-json\/wp\/v2\/media?parent=352"}],"wp:term":[{"taxonomy":"product_brand","embeddable":true,"href":"https:\/\/finearts-exclusive.com\/fr\/wp-json\/wp\/v2\/product_brand?post=352"},{"taxonomy":"product_cat","embeddable":true,"href":"https:\/\/finearts-exclusive.com\/fr\/wp-json\/wp\/v2\/product_cat?post=352"},{"taxonomy":"product_tag","embeddable":true,"href":"https:\/\/finearts-exclusive.com\/fr\/wp-json\/wp\/v2\/product_tag?post=352"}],"curies":[{"name":"wp","href":"https:\/\/api.w.org\/{rel}","templated":true}]}}