{"id":355,"date":"2021-11-06T13:12:51","date_gmt":"2021-11-06T12:12:51","guid":{"rendered":"https:\/\/finearts-exclusive.com\/p\/unkategorisiert\/devote-lady\/"},"modified":"2025-09-09T11:46:49","modified_gmt":"2025-09-09T09:46:49","slug":"femme-soumise","status":"publish","type":"product","link":"https:\/\/finearts-exclusive.com\/fr\/p\/luxus-erotik-bronzeskulpturen\/devote-lady\/","title":{"rendered":"Dame soumise"},"content":{"rendered":"<p>L'artiste Paul John Ballard s'int\u00e9resse au malentendu g\u00e9n\u00e9ral concernant une femme soumise.<\/p>\n<p>Il a donc cr\u00e9\u00e9 une magnifique <strong>figurine \u00e9rotique en bronze nomm\u00e9e \"Devote Lady\". <\/strong><\/p>\n<p>D\u00e9vot est un autre mot pour soumis ou d\u00e9vou\u00e9.<\/p>\n<p>Une femme sexuellement d\u00e9vote au lit signifie donc qu'elle se montre passive, qu'elle abandonne compl\u00e8tement les r\u00eanes et que son partenaire prend le r\u00f4le dominant dans la confiance totale et le respect mutuel.<\/p>\n<p>Selon l'artiste, le comportement d\u00e9vot n'est pas une faiblesse, mais t\u00e9moigne d'une grande confiance en soi pour communiquer et r\u00e9aliser son fantasme sexuel de soumission. Notre <strong>sculpture \u00e9rotique en bronze \"Devote Lady\".<\/strong> rayonne pr\u00e9cis\u00e9ment de cette mani\u00e8re.<\/p>\n<p>De nos jours, de nombreuses femmes soumises avouent publiquement leur d\u00e9sir d'\u00eatre une amante soumise passionn\u00e9e de leur mari, ainsi que son plus grand soutien et son aide d\u00e9sint\u00e9ress\u00e9e.<\/p>","protected":false},"excerpt":{"rendered":"<p>Der K\u00fcnstler Paul John Ballard besch\u00e4ftigt sich mit dem allgemeinen Missverst\u00e4ndnis einer devoten Frau. Deshalb kreierte er eine wundersch\u00f6ne erotische Bronzefigur mit dem Namen \u201cDevote Lady\u201d. Devote ist ein anderes Wort f\u00fcr unterw\u00fcrfig oder ergeben. Eine sexuell devote Frau im Bett bedeutet also, dass sie sich passiv gibt, die Z\u00fcgel komplett abgibt und der Partner [&#8230;]\n","protected":false},"featured_media":2638,"template":"","meta":{"_seopress_robots_primary_cat":"none","_seopress_titles_title":"","_seopress_titles_desc":"","_seopress_robots_index":""},"product_brand":[],"product_cat":[33],"product_tag":[62],"class_list":{"0":"post-355","1":"product","2":"type-product","3":"status-publish","4":"has-post-thumbnail","6":"product_cat-luxus-erotik-bronzeskulpturen","7":"product_tag-preis-auf-anfrage","8":"product_shipping_class-skulpturen","9":"pa_kuenstler-paul-john-ballard","11":"first","12":"instock","13":"taxable","14":"shipping-taxable","15":"product-type-variable","16":"has-default-attributes"},"publishpress_future_action":{"enabled":false,"date":"2026-04-21 11:55:00","action":"change-status","newStatus":"trash","terms":[],"taxonomy":"product_brand","extraData":[]},"publishpress_future_workflow_manual_trigger":{"enabledWorkflows":[]},"_links":{"self":[{"href":"https:\/\/finearts-exclusive.com\/fr\/wp-json\/wp\/v2\/product\/355","targetHints":{"allow":["GET"]}}],"collection":[{"href":"https:\/\/finearts-exclusive.com\/fr\/wp-json\/wp\/v2\/product"}],"about":[{"href":"https:\/\/finearts-exclusive.com\/fr\/wp-json\/wp\/v2\/types\/product"}],"wp:featuredmedia":[{"embeddable":true,"href":"https:\/\/finearts-exclusive.com\/fr\/wp-json\/wp\/v2\/media\/2638"}],"wp:attachment":[{"href":"https:\/\/finearts-exclusive.com\/fr\/wp-json\/wp\/v2\/media?parent=355"}],"wp:term":[{"taxonomy":"product_brand","embeddable":true,"href":"https:\/\/finearts-exclusive.com\/fr\/wp-json\/wp\/v2\/product_brand?post=355"},{"taxonomy":"product_cat","embeddable":true,"href":"https:\/\/finearts-exclusive.com\/fr\/wp-json\/wp\/v2\/product_cat?post=355"},{"taxonomy":"product_tag","embeddable":true,"href":"https:\/\/finearts-exclusive.com\/fr\/wp-json\/wp\/v2\/product_tag?post=355"}],"curies":[{"name":"wp","href":"https:\/\/api.w.org\/{rel}","templated":true}]}}