{"id":356,"date":"2021-11-06T13:12:52","date_gmt":"2021-11-06T12:12:52","guid":{"rendered":"https:\/\/finearts-exclusive.com\/p\/unkategorisiert\/devote-lady-bondage\/"},"modified":"2025-09-06T14:48:57","modified_gmt":"2025-09-06T12:48:57","slug":"devote-lady-bondage","status":"publish","type":"product","link":"https:\/\/finearts-exclusive.com\/fr\/p\/luxus-erotik-bronzeskulpturen\/devote-lady-bondage\/","title":{"rendered":"Bondage de dame soumise"},"content":{"rendered":"<p>De nos jours, de plus en plus de personnes profitent d'un nouveau mode de vie sexuel avec les jeux sexuels de bondage.<\/p>\n<p>Le bondage d\u00e9signe le fait d'\u00eatre attach\u00e9 avec art \u00e0 l'aide de ficelles et de n\u0153uds lors d'un rapport sexuel plein de passion. Ils peuvent le faire parce qu'ils veulent plaire \u00e0 leur partenaire, parce qu'ils aiment se sentir hors de contr\u00f4le de leur propre plaisir ou parce qu'ils aiment l'id\u00e9e d'\u00eatre \"utilis\u00e9s\", m\u00eame si c'est de mani\u00e8re consensuelle. Ce qui est passionnant, c'est d'une part l'aspect de soumission (d\u00e9vote) - laisser la responsabilit\u00e9 de tout \u00e0 son partenaire peut avoir quelque chose de lib\u00e9rateur - et d'autre part le fait que vous vous concentrez beaucoup plus sur ce qui se passe avec votre corps.<\/p>\n<p>Notre artiste Paul John Ballard a \u00e9t\u00e9 profond\u00e9ment inspir\u00e9 par le la\u00e7age \u00e9rotique lors des jeux sexuels de bondage d\u00e9voil\u00e9s, si bien qu'il a cr\u00e9\u00e9 <strong>sculpture \u00e9rotique en bronze \"Devote Bondage Lady\".<\/strong> avec des liens artistiques.<\/p>\n<p>Le site <strong>Sculpture en bronze \"Devote Lady Bondage<\/strong> a \u00e9t\u00e9 nou\u00e9 \u00e0 la main avec une corde de couleur argent\u00e9e par notre ma\u00eetre du bondage dans le style japonais Shibari, de mani\u00e8re artistique et individuelle pour chaque sculpture. Des \u00e9carts minimes de la\u00e7age des <strong>Figurine en bronze \"Devote Lady Bondage<\/strong> sont possibles.<\/p>","protected":false},"excerpt":{"rendered":"<p>In der heutigen Zeit genie\u00dfen immer mehr Menschen ein sexuell neues Lebensgef\u00fchl mit Bondage Sexspiele. Bondage seht f\u00fcr die kunstvolle Fesselung mit Schn\u00fcren und Knoten beim Sex voller Leidenschaft. Sie m\u00f6gen es tun, weil sie ihrem Partner gefallen wollen, weil sie das Gef\u00fchl m\u00f6gen, au\u00dfer Kontrolle \u00fcber ihr eigenes Vergn\u00fcgen zu sein, oder weil sie [&#8230;]\n","protected":false},"featured_media":61900,"template":"","meta":{"_seopress_robots_primary_cat":"none","_seopress_titles_title":"","_seopress_titles_desc":"","_seopress_robots_index":""},"product_brand":[],"product_cat":[33],"product_tag":[62],"class_list":{"0":"post-356","1":"product","2":"type-product","3":"status-publish","4":"has-post-thumbnail","6":"product_cat-luxus-erotik-bronzeskulpturen","7":"product_tag-preis-auf-anfrage","8":"product_shipping_class-skulpturen","9":"pa_kuenstler-paul-john-ballard","11":"first","12":"instock","13":"taxable","14":"shipping-taxable","15":"product-type-variable","16":"has-default-attributes"},"publishpress_future_action":{"enabled":false,"date":"2026-04-13 16:14:03","action":"change-status","newStatus":"trash","terms":[],"taxonomy":"product_brand","extraData":[]},"publishpress_future_workflow_manual_trigger":{"enabledWorkflows":[]},"_links":{"self":[{"href":"https:\/\/finearts-exclusive.com\/fr\/wp-json\/wp\/v2\/product\/356","targetHints":{"allow":["GET"]}}],"collection":[{"href":"https:\/\/finearts-exclusive.com\/fr\/wp-json\/wp\/v2\/product"}],"about":[{"href":"https:\/\/finearts-exclusive.com\/fr\/wp-json\/wp\/v2\/types\/product"}],"wp:featuredmedia":[{"embeddable":true,"href":"https:\/\/finearts-exclusive.com\/fr\/wp-json\/wp\/v2\/media\/61900"}],"wp:attachment":[{"href":"https:\/\/finearts-exclusive.com\/fr\/wp-json\/wp\/v2\/media?parent=356"}],"wp:term":[{"taxonomy":"product_brand","embeddable":true,"href":"https:\/\/finearts-exclusive.com\/fr\/wp-json\/wp\/v2\/product_brand?post=356"},{"taxonomy":"product_cat","embeddable":true,"href":"https:\/\/finearts-exclusive.com\/fr\/wp-json\/wp\/v2\/product_cat?post=356"},{"taxonomy":"product_tag","embeddable":true,"href":"https:\/\/finearts-exclusive.com\/fr\/wp-json\/wp\/v2\/product_tag?post=356"}],"curies":[{"name":"wp","href":"https:\/\/api.w.org\/{rel}","templated":true}]}}