{"id":358,"date":"2021-11-06T13:12:52","date_gmt":"2021-11-06T12:12:52","guid":{"rendered":"https:\/\/finearts-exclusive.com\/p\/unkategorisiert\/ladys-candleholder\/"},"modified":"2025-09-06T14:51:31","modified_gmt":"2025-09-06T12:51:31","slug":"ladys-candleholder","status":"publish","type":"product","link":"https:\/\/finearts-exclusive.com\/fr\/p\/luxus-bronzemoebel-wohnbereich\/ladys-candleholder\/","title":{"rendered":"Porte-bougies Lady's Candleholder"},"content":{"rendered":"<p>La figurine en bronze \"Ladys Candleholder\" ou \"Ladys Candleholder\" est un bougeoir tr\u00e8s raffin\u00e9 et \u00e9rotique d'un genre exclusif. L'ouverture du bougeoir en bronze symbolise les l\u00e8vres bien dessin\u00e9es de la vulve. Dans l'ouverture sensuelle du chandelier, votre source de lumi\u00e8re se tient droite comme un piquet.<\/p>\n<p>Le soir, \u00e0 la lumi\u00e8re harmonieuse des bougies et en compagnie affectueuse, lors d'un romantique \"Dinner for Two\", vous pouvez oublier un peu le monde avec la sculpture en bronze \"Ladys Kerzenhalter\". Le scintillement chaleureux de la bougie du <strong>Porte-bougies Lady's Candleholder<\/strong> cr\u00e9e comme par magie des jeux d'ombres fascinants et g\u00e9n\u00e8re une atmosph\u00e8re \u00e9rotique. L'\u00e9rotisme symbolique du <strong>Lady`s bougeoir<\/strong> cr\u00e9e non seulement une ambiance \u00e9rotique, mais aussi des moments de bonheur.<\/p>\n<p>Le site <strong>chandeliers \u00e9rotiques \"Ladys Candleholder<\/strong> est un v\u00e9ritable accroche-regard qui vous permet de souligner votre style individuel de mani\u00e8re d\u00e9corative.<\/p>","protected":false},"excerpt":{"rendered":"<p>Die Bronzefigur \u201eLadys Kerzenhalter\u201c oder \u201eLadys Candleholder\u201c ist ein sehr feiner und erotischer Kerzenhalter der exklusiven Art. Die \u00d6ffnung des Bronze Kerzenhalters symbolisieren die wohl geformten Vulva-Lippen. In der ausgefallen sinnlichen \u00d6ffnung des Kerzenhalters steht Ihre Lichtquelle kerzengerade. Abends mit harmonischem Kerzenlicht und in liebevoller Gesellschaft, bei einem romantischen \u201eDinner for Two\u201d, k\u00f6nnen Sie die [&#8230;]\n","protected":false},"featured_media":2663,"template":"","meta":{"_seopress_robots_primary_cat":"none","_seopress_titles_title":"","_seopress_titles_desc":"","_seopress_robots_index":""},"product_brand":[],"product_cat":[32],"product_tag":[62],"class_list":{"0":"post-358","1":"product","2":"type-product","3":"status-publish","4":"has-post-thumbnail","6":"product_cat-luxus-bronzemoebel-wohnbereich","7":"product_tag-preis-auf-anfrage","8":"product_shipping_class-skulpturen","9":"pa_kuenstler-rudolfo-bucacio","11":"first","12":"instock","13":"taxable","14":"shipping-taxable","15":"product-type-variable","16":"has-default-attributes"},"publishpress_future_action":{"enabled":false,"date":"2026-05-07 20:29:59","action":"change-status","newStatus":"trash","terms":[],"taxonomy":"product_brand","extraData":[]},"publishpress_future_workflow_manual_trigger":{"enabledWorkflows":[]},"_links":{"self":[{"href":"https:\/\/finearts-exclusive.com\/fr\/wp-json\/wp\/v2\/product\/358","targetHints":{"allow":["GET"]}}],"collection":[{"href":"https:\/\/finearts-exclusive.com\/fr\/wp-json\/wp\/v2\/product"}],"about":[{"href":"https:\/\/finearts-exclusive.com\/fr\/wp-json\/wp\/v2\/types\/product"}],"wp:featuredmedia":[{"embeddable":true,"href":"https:\/\/finearts-exclusive.com\/fr\/wp-json\/wp\/v2\/media\/2663"}],"wp:attachment":[{"href":"https:\/\/finearts-exclusive.com\/fr\/wp-json\/wp\/v2\/media?parent=358"}],"wp:term":[{"taxonomy":"product_brand","embeddable":true,"href":"https:\/\/finearts-exclusive.com\/fr\/wp-json\/wp\/v2\/product_brand?post=358"},{"taxonomy":"product_cat","embeddable":true,"href":"https:\/\/finearts-exclusive.com\/fr\/wp-json\/wp\/v2\/product_cat?post=358"},{"taxonomy":"product_tag","embeddable":true,"href":"https:\/\/finearts-exclusive.com\/fr\/wp-json\/wp\/v2\/product_tag?post=358"}],"curies":[{"name":"wp","href":"https:\/\/api.w.org\/{rel}","templated":true}]}}