{"id":359,"date":"2021-11-06T13:12:52","date_gmt":"2021-11-06T12:12:52","guid":{"rendered":"https:\/\/finearts-exclusive.com\/p\/unkategorisiert\/dali-head\/"},"modified":"2024-03-20T14:49:41","modified_gmt":"2024-03-20T13:49:41","slug":"dali-head","status":"publish","type":"product","link":"https:\/\/finearts-exclusive.com\/fr\/p\/luxus-erotik-bronzeskulpturen\/dali-head\/","title":{"rendered":"T\u00eate de Dali"},"content":{"rendered":"<p>Toute sa vie, l'artiste Don Alberto Carlos a \u00e9t\u00e9 fascin\u00e9 par l'\u0153uvre ph\u00e9nom\u00e9nale surr\u00e9aliste du grand ma\u00eetre Salvador Dali, un g\u00e9nie entre folie et conscience qui a polaris\u00e9 le monde : entre art et commerce, entre \u00e9rotisme et mort et entre savoir-faire et kitsch.<\/p>\n<p>Le traumatisme psychologique de son enfance, qui a d\u00e9tourn\u00e9 Dali du sexe toute sa vie, est devenu le motif principal de ses c\u00e9l\u00e8bres \u0153uvres. Dali d\u00e9crit sans retenue ses fantasmes sexuels scandaleux et ses perversions principalement dans ses tableaux de r\u00eaveries \u00e9rotiques.<\/p>\n<p>Dali, g\u00e9nie de la folie, a cr\u00e9\u00e9 des nus enchanteurs de femmes et d'hommes, entre \u00e9rotisme et pornographie.<\/p>\n<p>Les pens\u00e9es sensuelles du grand ma\u00eetre Salvador Dali ont inspir\u00e9 notre artiste Don Alberto Carlos pour la cr\u00e9ation de cette t\u00eate d'homme hautement \u00e9rotique. Le site <strong>Sculpture en bronze T\u00eate de Dali<\/strong> - un hommage au grand ma\u00eetre.<\/p>","protected":false},"excerpt":{"rendered":"<div class=\"video video-fit mb\" style=\"padding-top:56.25%;\">\n<div class=\"brlbs-cmpnt-container brlbs-cmpnt-content-blocker brlbs-cmpnt-with-individual-styles\" data-borlabs-cookie-content-blocker-id=\"youtube-content-blocker\" data-borlabs-cookie-content=\"PGlmcmFtZSB0aXRsZT0iRmluZSBBcnRzIFdvaG5rdWx0dXIgLSBCcm9uemUgLSBkYWxpIGhlYWQiIHdpZHRoPSIxMDIwIiBoZWlnaHQ9IjU3NCIgc3JjPSJodHRwczovL3d3dy55b3V0dWJlLW5vY29va2llLmNvbS9lbWJlZC9tREJnNDBSYjFkWT9mZWF0dXJlPW9lbWJlZCIgZnJhbWVib3JkZXI9IjAiIGFsbG93PSJhY2NlbGVyb21ldGVyOyBhdXRvcGxheTsgY2xpcGJvYXJkLXdyaXRlOyBlbmNyeXB0ZWQtbWVkaWE7IGd5cm9zY29wZTsgcGljdHVyZS1pbi1waWN0dXJlOyB3ZWItc2hhcmUiIGFsbG93ZnVsbHNjcmVlbj48L2lmcmFtZT4=\">\n<div class=\"brlbs-cmpnt-cb-preset-c brlbs-cmpnt-cb-youtube\">\n<div class=\"brlbs-cmpnt-cb-thumbnail\" style=\"background-image: url('https:\/\/finearts-exclusive.com\/wp-content\/uploads\/borlabs-cookie\/1\/yt_mDBg40Rb1dY_hqdefault.jpg')\"><\/div>\n<div class=\"brlbs-cmpnt-cb-main\">\n<div class=\"brlbs-cmpnt-cb-play-button\"><\/div>\n<div class=\"brlbs-cmpnt-cb-content\">\n<p class=\"brlbs-cmpnt-cb-description\">Vous \u00eates actuellement en train de consulter le contenu d'un espace r\u00e9serv\u00e9 de <strong>YouTube<\/strong>. Pour acc\u00e9der au contenu r\u00e9el, cliquez sur le bouton ci-dessous. Veuillez noter que ce faisant, des donn\u00e9es seront partag\u00e9es avec des fournisseurs tiers.<\/p>\n<p> <a class=\"brlbs-cmpnt-cb-provider-toggle\" href=\"#\" data-borlabs-cookie-show-provider-information role=\"button\">Plus d'informations<\/a> <\/div>\n<div class=\"brlbs-cmpnt-cb-buttons\"> <a class=\"brlbs-cmpnt-cb-btn\" href=\"#\" data-borlabs-cookie-unblock role=\"button\">D\u00e9bloquer le contenu<\/a> <a class=\"brlbs-cmpnt-cb-btn\" href=\"#\" data-borlabs-cookie-accept-service role=\"button\" style=\"display: inherit\">Accepter le service requis et d\u00e9bloquer les contenus<\/a> <\/div>\n<\/p><\/div>\n<\/p><\/div>\n<\/div>\n<\/div>","protected":false},"featured_media":2616,"template":"","meta":{"_seopress_robots_primary_cat":"none","_seopress_titles_title":"","_seopress_titles_desc":"","_seopress_robots_index":""},"product_brand":[],"product_cat":[33],"product_tag":[62],"class_list":{"0":"post-359","1":"product","2":"type-product","3":"status-publish","4":"has-post-thumbnail","6":"product_cat-luxus-erotik-bronzeskulpturen","7":"product_tag-preis-auf-anfrage","8":"product_shipping_class-skulpturen","9":"pa_kuenstler-don-alberto-carlos","11":"first","12":"instock","13":"taxable","14":"shipping-taxable","15":"product-type-variable","16":"has-default-attributes"},"publishpress_future_action":{"enabled":false,"date":"2026-05-11 14:08:03","action":"change-status","newStatus":"trash","terms":[],"taxonomy":"product_brand","extraData":[]},"publishpress_future_workflow_manual_trigger":{"enabledWorkflows":[]},"_links":{"self":[{"href":"https:\/\/finearts-exclusive.com\/fr\/wp-json\/wp\/v2\/product\/359","targetHints":{"allow":["GET"]}}],"collection":[{"href":"https:\/\/finearts-exclusive.com\/fr\/wp-json\/wp\/v2\/product"}],"about":[{"href":"https:\/\/finearts-exclusive.com\/fr\/wp-json\/wp\/v2\/types\/product"}],"wp:featuredmedia":[{"embeddable":true,"href":"https:\/\/finearts-exclusive.com\/fr\/wp-json\/wp\/v2\/media\/2616"}],"wp:attachment":[{"href":"https:\/\/finearts-exclusive.com\/fr\/wp-json\/wp\/v2\/media?parent=359"}],"wp:term":[{"taxonomy":"product_brand","embeddable":true,"href":"https:\/\/finearts-exclusive.com\/fr\/wp-json\/wp\/v2\/product_brand?post=359"},{"taxonomy":"product_cat","embeddable":true,"href":"https:\/\/finearts-exclusive.com\/fr\/wp-json\/wp\/v2\/product_cat?post=359"},{"taxonomy":"product_tag","embeddable":true,"href":"https:\/\/finearts-exclusive.com\/fr\/wp-json\/wp\/v2\/product_tag?post=359"}],"curies":[{"name":"wp","href":"https:\/\/api.w.org\/{rel}","templated":true}]}}