{"id":361,"date":"2022-01-06T13:12:52","date_gmt":"2022-01-06T12:12:52","guid":{"rendered":"https:\/\/finearts-exclusive.com\/p\/unkategorisiert\/techno-lover-small-size\/"},"modified":"2025-09-06T14:37:14","modified_gmt":"2025-09-06T12:37:14","slug":"techno-lover-small-size","status":"publish","type":"product","link":"https:\/\/finearts-exclusive.com\/fr\/p\/luxus-erotik-bronzeskulpturen\/techno-lover-small-size\/","title":{"rendered":"Techno Lover petite taille"},"content":{"rendered":"<p>L'amour de l'homme pour le reflet de son imagination n'est pas une cr\u00e9ation de l'\u00e9poque moderne, les po\u00e8tes romains en r\u00eavaient d\u00e9j\u00e0 ! Depuis des d\u00e9cennies, les cin\u00e9astes d'Hollywood sont fascin\u00e9s par le th\u00e8me du \"sexe avec des robots\".<\/p>\n<p>L'artiste Rudolfo Bucacio a lui aussi \u00e9t\u00e9 profond\u00e9ment impressionn\u00e9 par notre quotidien num\u00e9rique, qui a \u00e9galement conduit \u00e0 l'entr\u00e9e dans notre vie sexuelle num\u00e9rique. Il s'est pos\u00e9 la question suivante : l'avenir est-il au sexe avec des robots et au sexe avec des machines ? Aujourd'hui, les robots d'amour humano\u00efdes sont si r\u00e9alistes qu'ils ne se distinguent plus des humains - m\u00eame en mati\u00e8re de sexe. Les utilisateurs peuvent r\u00e9aliser sans retenue leurs (pires) fantasmes - sans pour autant blesser un \u00eatre humain.<\/p>\n<p>Rudolfo Bucacio a transform\u00e9 cette profonde connaissance en un chef-d'\u0153uvre ultime, une petite, <strong>sculpture \u00e9rotique en bronze \"TECHNO LOVER<\/strong>\". Son <strong>figure \u00e9rotique en bronze TECHNO LOVER<\/strong> raconte l'amour inassouvi d'une femme sensuelle.<\/p>\n<p>Comme elle a toujours \u00e9t\u00e9 d\u00e9\u00e7ue par ses amants dans la r\u00e9alit\u00e9, elle a cr\u00e9\u00e9 l'homme id\u00e9al de ses r\u00eaves - un robot au chalumeau, avec lequel elle peut d\u00e9sormais r\u00e9aliser ses (pires) fantasmes et ses d\u00e9sirs les plus secrets.<\/p>\n<p>Le chef-d'\u0153uvre de l'art du bronze, <strong>TECHNO LOVER,<\/strong> est l'une de nos sculptures \u00e9rotiques les plus r\u00e9ussies.<\/p>","protected":false},"excerpt":{"rendered":"<p>Die Liebe des Menschen zum Abbild seiner Fantasie ist keineswegs eine Kopfgeburt der Neuzeit, sondern schon die r\u00f6mischen Dichter tr\u00e4umten davon! Seit Jahrzehnten fasziniert die Filmemachern in Hollywood das Thema \u201eSex mit Robotern\u201e. Auch der K\u00fcnstler Rudolfo Bucacio war tief beeindruckt von unserem digitalen Alltag, der auch zum Einzug in unser digitales Sexleben f\u00fchrte. Er [&#8230;]\n","protected":false},"featured_media":2694,"template":"","meta":{"_seopress_robots_primary_cat":"none","_seopress_titles_title":"","_seopress_titles_desc":"","_seopress_robots_index":""},"product_brand":[],"product_cat":[33],"product_tag":[62],"class_list":{"0":"post-361","1":"product","2":"type-product","3":"status-publish","4":"has-post-thumbnail","6":"product_cat-luxus-erotik-bronzeskulpturen","7":"product_tag-preis-auf-anfrage","8":"product_shipping_class-skulpturen","9":"pa_kuenstler-rudolfo-bucacio","11":"first","12":"instock","13":"taxable","14":"shipping-taxable","15":"product-type-variable","16":"has-default-attributes"},"publishpress_future_action":{"enabled":false,"date":"2026-05-07 15:31:27","action":"change-status","newStatus":"trash","terms":[],"taxonomy":"product_brand","extraData":[]},"publishpress_future_workflow_manual_trigger":{"enabledWorkflows":[]},"_links":{"self":[{"href":"https:\/\/finearts-exclusive.com\/fr\/wp-json\/wp\/v2\/product\/361","targetHints":{"allow":["GET"]}}],"collection":[{"href":"https:\/\/finearts-exclusive.com\/fr\/wp-json\/wp\/v2\/product"}],"about":[{"href":"https:\/\/finearts-exclusive.com\/fr\/wp-json\/wp\/v2\/types\/product"}],"wp:featuredmedia":[{"embeddable":true,"href":"https:\/\/finearts-exclusive.com\/fr\/wp-json\/wp\/v2\/media\/2694"}],"wp:attachment":[{"href":"https:\/\/finearts-exclusive.com\/fr\/wp-json\/wp\/v2\/media?parent=361"}],"wp:term":[{"taxonomy":"product_brand","embeddable":true,"href":"https:\/\/finearts-exclusive.com\/fr\/wp-json\/wp\/v2\/product_brand?post=361"},{"taxonomy":"product_cat","embeddable":true,"href":"https:\/\/finearts-exclusive.com\/fr\/wp-json\/wp\/v2\/product_cat?post=361"},{"taxonomy":"product_tag","embeddable":true,"href":"https:\/\/finearts-exclusive.com\/fr\/wp-json\/wp\/v2\/product_tag?post=361"}],"curies":[{"name":"wp","href":"https:\/\/api.w.org\/{rel}","templated":true}]}}