{"id":363,"date":"2021-11-06T13:12:53","date_gmt":"2021-11-06T12:12:53","guid":{"rendered":"https:\/\/finearts-exclusive.com\/p\/unkategorisiert\/rubina-coffee-table\/"},"modified":"2025-06-27T10:14:12","modified_gmt":"2025-06-27T08:14:12","slug":"rubina-table-basse","status":"publish","type":"product","link":"https:\/\/finearts-exclusive.com\/fr\/p\/luxus-bronzemoebel-wohnbereich\/rubina-coffee-table\/","title":{"rendered":"Rubina Table basse"},"content":{"rendered":"<p>Ce film hautement \u00e9rotique <strong>Table basse \"Rubina Coffee Table<\/strong>Le \"plateau de table\", avec un plateau en verre ovale, est une forme particuli\u00e8re de la culture gastronomique moderne.  Un corps de femme bien proportionn\u00e9 et \u00e9rotique comme plat de service est d\u00e9j\u00e0 connu dans la culture des geishas du Japon.<\/p>\n<p>Cette dame \u00e9rotique aux jambes largement \u00e9cart\u00e9es dissimule son secret particulier sous une feuille de figuier amovible. Une fois la feuille de figuier retir\u00e9e, le secret intime est d\u00e9voil\u00e9, car un petit rubis v\u00e9ritable orne la t\u00eate de sa perle de plaisir, qui d\u00e9gage un \u00e9rotisme de haut niveau.<\/p>\n<p>Le noble petit rubis a donn\u00e9 \u00e0 cette dame \u00e9rotique son nom de \"Rubina\". Cette dame figurative hautement \u00e9rotique et bien proportionn\u00e9e a \u00e9t\u00e9 cr\u00e9\u00e9e avec beaucoup d'imagination et d'amour pour les d\u00e9tails \u00e9rotiques par le grand artiste Ma\u00eetre Rudolfo Bucacio.<\/p>\n<p>Ce bijou enti\u00e8rement r\u00e9alis\u00e9 \u00e0 la main n'est pas seulement une table basse d\u00e9corative hautement \u00e9rotique, mais avec sa patine dor\u00e9e raffin\u00e9e, c'est un m\u00e9lange de mat\u00e9riau noble en bronze, de luxe et d'enchantement des sens !<\/p>\n<p>Le long du magnifique <strong>table basse sensuelle<\/strong>En se retrouvant autour de leur caf\u00e9 pr\u00e9f\u00e9r\u00e9, les gens se rapprochent rapidement.<\/p>\n<p>Le sensuel <strong>Table basse \"Rubina Coffee Table<\/strong> est un compl\u00e9ment optimal pour toute ambiance d'habitation exigeante et exclusive.<\/p>\n<p><strong>Sculpture :<\/strong><\/p>\n<p>hauteur : 45 cm<br \/>\nlargeur : 148 cm<br \/>\nlongueur : 80 cm<br \/>\npoids : environ 50 kg<\/p>\n<p>&nbsp;<\/p>\n<p><strong>Plaque de verre :<\/strong><\/p>\n<p>diam\u00e8tre : 120 cm<br \/>\n\u00c9paisseur du verre : 12 mm<br \/>\nPoids : 34 kg<\/p>","protected":false},"excerpt":{"rendered":"<div class=\"video video-fit mb\" style=\"padding-top:56.25%;\">\n<div class=\"brlbs-cmpnt-container brlbs-cmpnt-content-blocker brlbs-cmpnt-with-individual-styles\" data-borlabs-cookie-content-blocker-id=\"youtube-content-blocker\" data-borlabs-cookie-content=\"PGlmcmFtZSB0aXRsZT0iRmluZSBBcnRzIFdvaG5rdWx0dXIgLSBCcm9uemUgLSBSdWJpbmEgQ29mZmVldGFibGUiIHdpZHRoPSIxMDIwIiBoZWlnaHQ9IjU3NCIgc3JjPSJodHRwczovL3d3dy55b3V0dWJlLW5vY29va2llLmNvbS9lbWJlZC9selBEVkhPYkVWST9mZWF0dXJlPW9lbWJlZCIgZnJhbWVib3JkZXI9IjAiIGFsbG93PSJhY2NlbGVyb21ldGVyOyBhdXRvcGxheTsgY2xpcGJvYXJkLXdyaXRlOyBlbmNyeXB0ZWQtbWVkaWE7IGd5cm9zY29wZTsgcGljdHVyZS1pbi1waWN0dXJlOyB3ZWItc2hhcmUiIGFsbG93ZnVsbHNjcmVlbj48L2lmcmFtZT4=\">\n<div class=\"brlbs-cmpnt-cb-preset-c brlbs-cmpnt-cb-youtube\">\n<div class=\"brlbs-cmpnt-cb-thumbnail\" style=\"background-image: url('https:\/\/finearts-exclusive.com\/wp-content\/uploads\/borlabs-cookie\/1\/yt_lzPDVHObEVI_hqdefault.jpg')\"><\/div>\n<div class=\"brlbs-cmpnt-cb-main\">\n<div class=\"brlbs-cmpnt-cb-play-button\"><\/div>\n<div class=\"brlbs-cmpnt-cb-content\">\n<p class=\"brlbs-cmpnt-cb-description\">Vous \u00eates actuellement en train de consulter le contenu d'un espace r\u00e9serv\u00e9 de <strong>YouTube<\/strong>. Pour acc\u00e9der au contenu r\u00e9el, cliquez sur le bouton ci-dessous. Veuillez noter que ce faisant, des donn\u00e9es seront partag\u00e9es avec des fournisseurs tiers.<\/p>\n<p> <a class=\"brlbs-cmpnt-cb-provider-toggle\" href=\"#\" data-borlabs-cookie-show-provider-information role=\"button\">Plus d'informations<\/a> <\/div>\n<div class=\"brlbs-cmpnt-cb-buttons\"> <a class=\"brlbs-cmpnt-cb-btn\" href=\"#\" data-borlabs-cookie-unblock role=\"button\">D\u00e9bloquer le contenu<\/a> <a class=\"brlbs-cmpnt-cb-btn\" href=\"#\" data-borlabs-cookie-accept-service role=\"button\" style=\"display: inherit\">Accepter le service requis et d\u00e9bloquer les contenus<\/a> <\/div>\n<\/p><\/div>\n<\/p><\/div>\n<\/div>\n<\/div>","protected":false},"featured_media":61894,"template":"","meta":{"_seopress_robots_primary_cat":"none","_seopress_titles_title":"","_seopress_titles_desc":"","_seopress_robots_index":""},"product_brand":[],"product_cat":[32],"product_tag":[62],"class_list":{"0":"post-363","1":"product","2":"type-product","3":"status-publish","4":"has-post-thumbnail","6":"product_cat-luxus-bronzemoebel-wohnbereich","7":"product_tag-preis-auf-anfrage","8":"product_shipping_class-skulpturen","9":"pa_kuenstler-rudolfo-bucacio","11":"first","12":"instock","13":"taxable","14":"shipping-taxable","15":"product-type-variable","16":"has-default-attributes"},"publishpress_future_action":{"enabled":false,"date":"2026-05-07 20:39:44","action":"change-status","newStatus":"trash","terms":[],"taxonomy":"product_brand","extraData":[]},"publishpress_future_workflow_manual_trigger":{"enabledWorkflows":[]},"_links":{"self":[{"href":"https:\/\/finearts-exclusive.com\/fr\/wp-json\/wp\/v2\/product\/363","targetHints":{"allow":["GET"]}}],"collection":[{"href":"https:\/\/finearts-exclusive.com\/fr\/wp-json\/wp\/v2\/product"}],"about":[{"href":"https:\/\/finearts-exclusive.com\/fr\/wp-json\/wp\/v2\/types\/product"}],"wp:featuredmedia":[{"embeddable":true,"href":"https:\/\/finearts-exclusive.com\/fr\/wp-json\/wp\/v2\/media\/61894"}],"wp:attachment":[{"href":"https:\/\/finearts-exclusive.com\/fr\/wp-json\/wp\/v2\/media?parent=363"}],"wp:term":[{"taxonomy":"product_brand","embeddable":true,"href":"https:\/\/finearts-exclusive.com\/fr\/wp-json\/wp\/v2\/product_brand?post=363"},{"taxonomy":"product_cat","embeddable":true,"href":"https:\/\/finearts-exclusive.com\/fr\/wp-json\/wp\/v2\/product_cat?post=363"},{"taxonomy":"product_tag","embeddable":true,"href":"https:\/\/finearts-exclusive.com\/fr\/wp-json\/wp\/v2\/product_tag?post=363"}],"curies":[{"name":"wp","href":"https:\/\/api.w.org\/{rel}","templated":true}]}}