{"id":366,"date":"2021-11-06T13:12:53","date_gmt":"2021-11-06T12:12:53","guid":{"rendered":"https:\/\/finearts-exclusive.com\/p\/unkategorisiert\/devote-bondage-lady-life-size-console-table\/"},"modified":"2025-06-27T10:13:20","modified_gmt":"2025-06-27T08:13:20","slug":"devote-bondage-lady-life-size-console-table","status":"publish","type":"product","link":"https:\/\/finearts-exclusive.com\/fr\/p\/luxus-bronzemoebel-wohnbereich\/devote-bondage-lady-life-size-console-table\/","title":{"rendered":"Devote Bondage Lady Life Size - Table de Console"},"content":{"rendered":"<p>De nos jours, de plus en plus de personnes profitent d'un nouveau mode de vie sexuel avec des jeux sexuels \u00e9rotiques de bondage. Le bondage est synonyme de ligotage artistique avec des ficelles et des n\u0153uds lors de relations sexuelles pleines de passion. Ils peuvent le faire parce qu'ils veulent plaire \u00e0 leur partenaire, parce qu'ils aiment se sentir hors de contr\u00f4le de leur propre plaisir ou parce qu'ils aiment l'id\u00e9e d'\u00eatre \"utilis\u00e9s\", m\u00eame si c'est de mani\u00e8re consensuelle. Ce qui est passionnant, c'est d'une part l'aspect de soumission (d\u00e9vot) - laisser la responsabilit\u00e9 de tout \u00e0 son partenaire peut avoir quelque chose de lib\u00e9rateur - et d'autre part le fait que vous vous concentrez beaucoup plus sur ce qui se passe avec votre corps.<\/p>\n<p>L'artiste Ze Nobre a cr\u00e9\u00e9 la sculpture grandeur nature <strong>sculpture \u00e9rotique en bronze \"Devote Bondage Lady\".<\/strong> dans la fonction d'une table de console exclusive. La dame soumise, avec ses bas nylon sexy, son bandeau sur les yeux et ses gants de bondage, est un r\u00e9gal pour les yeux hautement \u00e9rotique pour le spectateur.<\/p>\n<p>Le filigrane <strong>\u0152uvre d'art en bronze \"Devote Bondage Lady\".<\/strong> est d'un haut niveau artistique et constitue une sensation grandiose pour une ambiance d'habitation exclusive particuli\u00e8re.<\/p>\n<p>La lourde <strong>Figurine en bronze \"Devote Bondage Lady<\/strong> repose sur une haute et massive colonne de marbre\/granit. Sur le dos sexy de la <strong>Sculpture Devote Bondage Lady<\/strong> La sculpture hautement \u00e9rotique se transforme ainsi en une table console d\u00e9cadente sur laquelle on peut servir le champagne avec des fl\u00fbtes \u00e0 champagne pour des heures particuli\u00e8res et sensuelles.<\/p>\n<p>Le chef-d'\u0153uvre ultime en bronze \"Devote Bondage Lady\", du domaine BDSM, a \u00e9t\u00e9 cr\u00e9\u00e9 par l'artiste Ze Nobre et est accompagn\u00e9 d'un certificat d'\u00e9dition limit\u00e9e. Un chef-d'\u0153uvre ultimement r\u00e9ussi, d'un niveau artistique et mus\u00e9al sup\u00e9rieur.<\/p>\n<p><strong>Sculpture :<\/strong><\/p>\n<p>Hauteur de la t\u00eate : 115 cm<br \/>\nhauteur des \u00e9paules = hauteur de la plaque de verre : 95 cm<br \/>\nlargeur : 58 cm<br \/>\nlongueur : 72 cm<br \/>\npoids : environ 60 kg<\/p>\n<p>&nbsp;<\/p>\n<p><strong>Plaque de verre (fabrication sp\u00e9ciale) :<\/strong><\/p>\n<p>largeur : 43 cm<br \/>\nlongueur : 67 cm<br \/>\n\u00c9paisseur du verre : 12 mm<br \/>\npoids : environ 7 kg<\/p>","protected":false},"excerpt":{"rendered":"<div class=\"video video-fit mb\" style=\"padding-top:56.25%;\">\n<div class=\"brlbs-cmpnt-container brlbs-cmpnt-content-blocker brlbs-cmpnt-with-individual-styles\" data-borlabs-cookie-content-blocker-id=\"youtube-content-blocker\" data-borlabs-cookie-content=\"PGlmcmFtZSB0aXRsZT0iRmluZSBBcnRzIFdvaG5rdWx0dXIgLSBCcm9uemUgLSBkZXZvdGUgYm9uZGFnZSBsYWR5IGtvbnNvbHRpc2NoIGxpZmVzaXplIGJyYXVuIiB3aWR0aD0iMTAyMCIgaGVpZ2h0PSI1NzQiIHNyYz0iaHR0cHM6Ly93d3cueW91dHViZS1ub2Nvb2tpZS5jb20vZW1iZWQvUGZzRnIzbmk5SW8\/ZmVhdHVyZT1vZW1iZWQiIGZyYW1lYm9yZGVyPSIwIiBhbGxvdz0iYWNjZWxlcm9tZXRlcjsgYXV0b3BsYXk7IGNsaXBib2FyZC13cml0ZTsgZW5jcnlwdGVkLW1lZGlhOyBneXJvc2NvcGU7IHBpY3R1cmUtaW4tcGljdHVyZTsgd2ViLXNoYXJlIiBhbGxvd2Z1bGxzY3JlZW4+PC9pZnJhbWU+\">\n<div class=\"brlbs-cmpnt-cb-preset-c brlbs-cmpnt-cb-youtube\">\n<div class=\"brlbs-cmpnt-cb-thumbnail\" style=\"background-image: url('https:\/\/finearts-exclusive.com\/wp-content\/uploads\/borlabs-cookie\/1\/yt_PfsFr3ni9Io_hqdefault.jpg')\"><\/div>\n<div class=\"brlbs-cmpnt-cb-main\">\n<div class=\"brlbs-cmpnt-cb-play-button\"><\/div>\n<div class=\"brlbs-cmpnt-cb-content\">\n<p class=\"brlbs-cmpnt-cb-description\">Vous \u00eates actuellement en train de consulter le contenu d'un espace r\u00e9serv\u00e9 de <strong>YouTube<\/strong>. Pour acc\u00e9der au contenu r\u00e9el, cliquez sur le bouton ci-dessous. Veuillez noter que ce faisant, des donn\u00e9es seront partag\u00e9es avec des fournisseurs tiers.<\/p>\n<p> <a class=\"brlbs-cmpnt-cb-provider-toggle\" href=\"#\" data-borlabs-cookie-show-provider-information role=\"button\">Plus d'informations<\/a> <\/div>\n<div class=\"brlbs-cmpnt-cb-buttons\"> <a class=\"brlbs-cmpnt-cb-btn\" href=\"#\" data-borlabs-cookie-unblock role=\"button\">D\u00e9bloquer le contenu<\/a> <a class=\"brlbs-cmpnt-cb-btn\" href=\"#\" data-borlabs-cookie-accept-service role=\"button\" style=\"display: inherit\">Accepter le service requis et d\u00e9bloquer les contenus<\/a> <\/div>\n<\/p><\/div>\n<\/p><\/div>\n<\/div>\n<\/div>","protected":false},"featured_media":61893,"template":"","meta":{"_seopress_robots_primary_cat":"none","_seopress_titles_title":"","_seopress_titles_desc":"","_seopress_robots_index":""},"product_brand":[],"product_cat":[32],"product_tag":[62],"class_list":{"0":"post-366","1":"product","2":"type-product","3":"status-publish","4":"has-post-thumbnail","6":"product_cat-luxus-bronzemoebel-wohnbereich","7":"product_tag-preis-auf-anfrage","8":"product_shipping_class-skulpturen","9":"pa_kuenstler-ze-nobre","11":"first","12":"instock","13":"taxable","14":"shipping-taxable","15":"product-type-variable","16":"has-default-attributes"},"publishpress_future_action":{"enabled":false,"date":"2026-04-11 19:50:02","action":"change-status","newStatus":"trash","terms":[],"taxonomy":"product_brand","extraData":[]},"publishpress_future_workflow_manual_trigger":{"enabledWorkflows":[]},"_links":{"self":[{"href":"https:\/\/finearts-exclusive.com\/fr\/wp-json\/wp\/v2\/product\/366","targetHints":{"allow":["GET"]}}],"collection":[{"href":"https:\/\/finearts-exclusive.com\/fr\/wp-json\/wp\/v2\/product"}],"about":[{"href":"https:\/\/finearts-exclusive.com\/fr\/wp-json\/wp\/v2\/types\/product"}],"wp:featuredmedia":[{"embeddable":true,"href":"https:\/\/finearts-exclusive.com\/fr\/wp-json\/wp\/v2\/media\/61893"}],"wp:attachment":[{"href":"https:\/\/finearts-exclusive.com\/fr\/wp-json\/wp\/v2\/media?parent=366"}],"wp:term":[{"taxonomy":"product_brand","embeddable":true,"href":"https:\/\/finearts-exclusive.com\/fr\/wp-json\/wp\/v2\/product_brand?post=366"},{"taxonomy":"product_cat","embeddable":true,"href":"https:\/\/finearts-exclusive.com\/fr\/wp-json\/wp\/v2\/product_cat?post=366"},{"taxonomy":"product_tag","embeddable":true,"href":"https:\/\/finearts-exclusive.com\/fr\/wp-json\/wp\/v2\/product_tag?post=366"}],"curies":[{"name":"wp","href":"https:\/\/api.w.org\/{rel}","templated":true}]}}