{"id":368,"date":"2021-11-06T13:12:53","date_gmt":"2021-11-06T12:12:53","guid":{"rendered":"https:\/\/finearts-exclusive.com\/p\/unkategorisiert\/cobra-girl-coffee-table\/"},"modified":"2023-02-22T18:56:03","modified_gmt":"2023-02-22T17:56:03","slug":"cobra-girl-table-basse","status":"publish","type":"product","link":"https:\/\/finearts-exclusive.com\/fr\/p\/luxus-bronzemoebel-wohnbereich\/cobra-girl-coffee-table\/","title":{"rendered":"Cobra Girl Coffee Table"},"content":{"rendered":"<p>La sculpture en bronze de la Dame aux serpents, <strong>\"Cobra Girl Coffee Table<\/strong>\"s\u00e9duit par sa nature charmante, romantique et passionn\u00e9e. Les serpents sont des artistes de la s\u00e9duction pleins d'imagination. Lors des jeux amoureux, ils sont exigeants, passionn\u00e9s et insatiables. Avec eux, tous les fantasmes secrets peuvent devenir r\u00e9alit\u00e9 ! Le sexe des serpents est \u00e9l\u00e9gant, extatique et captivant !<\/p>\n<p>Les femmes Serpent ont aussi quelque chose de myst\u00e9rieux et semblent r\u00e9serv\u00e9es au d\u00e9but, mais elles savent exactement ce qu'elles veulent et y parviennent toujours.<\/p>\n<p>Les hommes ne peuvent presque jamais r\u00e9sister aux s\u00e9ductions de cette femme-serpent en raison de son fort pouvoir d'attraction.<\/p>\n<p>Le c\u00e9l\u00e8bre artiste Rudolfo Bucacio a transpos\u00e9 la nature passionn\u00e9e et extr\u00eamement sensuelle de la femme-serpent, de mani\u00e8re expressive et magistrale, dans sa cr\u00e9ation \"Cobra Girl Coffee Table\".<\/p>\n<p>Une table basse de haute qualit\u00e9 artistique avec un plateau en verre ovale de 150 cm x 80 cm , \u00e9paisseur 12 mm et 30 mm de facettes pour une ambiance exclusive.<\/p>\n<p><strong>Sculpture :<\/strong><\/p>\n<p>hauteur : 44 cm<br \/>\nlargeur : 60 cm<br \/>\nlongueur : 120 cm<br \/>\nPoids : 40 kg<\/p>\n<p>&nbsp;<\/p>\n<p><strong>Plateau en verre (ovale) :<\/strong><\/p>\n<p>largeur : 80 cm<br \/>\nlongueur : 150 cm<br \/>\n\u00c9paisseur du verre : 12 mm<br \/>\npoids : environ 31 kg<\/p>","protected":false},"excerpt":{"rendered":"<p>Die Bronzeskulptur der Schlangen Lady, \u201eCobra Girl Coffee Table\u201c besticht durch ihre charmante, romantische und leidenschaftliche Art. Schlangen sind fantasievolle Verf\u00fchrungsk\u00fcnstler. Beim Liebesspiel sind sie anspruchsvoll, leidenschaftlich und uners\u00e4ttlich. Mit ihnen kann jede geheime Fantasie Wirklichkeit werden! Schlangensex ist elegant, ekstatisch und fesselnd! Die Schlange-Frauen haben auch etwas R\u00e4tselhaftes und wirken anfangs zur\u00fcckhaltend, doch wissen [&#8230;]\n","protected":false},"featured_media":2633,"template":"","meta":{"_seopress_robots_primary_cat":"none","_seopress_titles_title":"","_seopress_titles_desc":"","_seopress_robots_index":""},"product_brand":[],"product_cat":[32],"product_tag":[62],"class_list":{"0":"post-368","1":"product","2":"type-product","3":"status-publish","4":"has-post-thumbnail","6":"product_cat-luxus-bronzemoebel-wohnbereich","7":"product_tag-preis-auf-anfrage","8":"product_shipping_class-skulpturen","9":"pa_kuenstler-rudolfo-bucacio","11":"first","12":"instock","13":"taxable","14":"shipping-taxable","15":"product-type-variable","16":"has-default-attributes"},"publishpress_future_action":{"enabled":false,"date":"2026-04-24 11:27:31","action":"change-status","newStatus":"trash","terms":[],"taxonomy":"product_brand","extraData":[]},"publishpress_future_workflow_manual_trigger":{"enabledWorkflows":[]},"_links":{"self":[{"href":"https:\/\/finearts-exclusive.com\/fr\/wp-json\/wp\/v2\/product\/368","targetHints":{"allow":["GET"]}}],"collection":[{"href":"https:\/\/finearts-exclusive.com\/fr\/wp-json\/wp\/v2\/product"}],"about":[{"href":"https:\/\/finearts-exclusive.com\/fr\/wp-json\/wp\/v2\/types\/product"}],"wp:featuredmedia":[{"embeddable":true,"href":"https:\/\/finearts-exclusive.com\/fr\/wp-json\/wp\/v2\/media\/2633"}],"wp:attachment":[{"href":"https:\/\/finearts-exclusive.com\/fr\/wp-json\/wp\/v2\/media?parent=368"}],"wp:term":[{"taxonomy":"product_brand","embeddable":true,"href":"https:\/\/finearts-exclusive.com\/fr\/wp-json\/wp\/v2\/product_brand?post=368"},{"taxonomy":"product_cat","embeddable":true,"href":"https:\/\/finearts-exclusive.com\/fr\/wp-json\/wp\/v2\/product_cat?post=368"},{"taxonomy":"product_tag","embeddable":true,"href":"https:\/\/finearts-exclusive.com\/fr\/wp-json\/wp\/v2\/product_tag?post=368"}],"curies":[{"name":"wp","href":"https:\/\/api.w.org\/{rel}","templated":true}]}}