{"id":369,"date":"2021-11-06T13:12:53","date_gmt":"2021-11-06T12:12:53","guid":{"rendered":"https:\/\/finearts-exclusive.com\/p\/unkategorisiert\/das-phantom-der-oper\/"},"modified":"2025-06-27T10:08:36","modified_gmt":"2025-06-27T08:08:36","slug":"le-fantome-de-lopera","status":"publish","type":"product","link":"https:\/\/finearts-exclusive.com\/fr\/p\/luxus-erotik-bronzeskulpturen\/das-phantom-der-oper\/","title":{"rendered":"Le Fant\u00f4me de l'Op\u00e9ra"},"content":{"rendered":"<p>L'un des op\u00e9ras les plus populaires au monde a tellement impressionn\u00e9 notre artiste Don Alberto Carlos qu'il a d\u00e9cid\u00e9 d'\u00e9crire cet excellent chef-d'\u0153uvre intitul\u00e9 <strong>\"Le Fant\u00f4me de l'Op\u00e9ra\"<\/strong> a cr\u00e9\u00e9. Le fant\u00f4me, cach\u00e9 sous un masque et une cape, ne permet qu'au spectateur choisi de participer \u00e0 ses jeux amoureux sordides. Pour tous les autres, le secret de sa ma\u00eetresse tr\u00e8s lib\u00e9r\u00e9e et secr\u00e8te, avec ses puissants d\u00e9sirs sexuels, reste cach\u00e9 sous la cape qui s'ouvre. Le site <strong>sculpture \u00e9rotique en bronze \"Le Fant\u00f4me de l'Op\u00e9ra\".<\/strong> symbolise l'union harmonieuse de l'\u00e9motion, de la gr\u00e2ce, de l'\u00e9rotisme et du myst\u00e8re.<\/p>","protected":false},"excerpt":{"rendered":"<p>Eine der weltweit erfolgreichsten Opern hat unseren K\u00fcnstler Don Alberto Carlos so sehr beeindruckt, dass er dieses hervorragende Meisterwerk mit dem Namen \u201eDas Phantom der Oper\u201c schuf. Das Phantom, versteckt unter Maske und Umhang l\u00e4sst nur den auserw\u00e4hlten Betrachter an seinem schmutzigen Liebesspiel teilhaben. F\u00fcr alle anderen bleibt das Geheimnis seiner sehr freiz\u00fcgigen, heimlichen Geliebten [&#8230;]\n","protected":false},"featured_media":61890,"template":"","meta":{"_seopress_robots_primary_cat":"none","_seopress_titles_title":"","_seopress_titles_desc":"","_seopress_robots_index":""},"product_brand":[],"product_cat":[33],"product_tag":[62],"class_list":{"0":"post-369","1":"product","2":"type-product","3":"status-publish","4":"has-post-thumbnail","6":"product_cat-luxus-erotik-bronzeskulpturen","7":"product_tag-preis-auf-anfrage","8":"product_shipping_class-skulpturen","9":"pa_kuenstler-don-alberto-carlos","11":"first","12":"instock","13":"taxable","14":"shipping-taxable","15":"product-type-variable","16":"has-default-attributes"},"publishpress_future_action":{"enabled":false,"date":"2026-04-11 23:32:26","action":"change-status","newStatus":"trash","terms":[],"taxonomy":"product_brand","extraData":[]},"publishpress_future_workflow_manual_trigger":{"enabledWorkflows":[]},"_links":{"self":[{"href":"https:\/\/finearts-exclusive.com\/fr\/wp-json\/wp\/v2\/product\/369","targetHints":{"allow":["GET"]}}],"collection":[{"href":"https:\/\/finearts-exclusive.com\/fr\/wp-json\/wp\/v2\/product"}],"about":[{"href":"https:\/\/finearts-exclusive.com\/fr\/wp-json\/wp\/v2\/types\/product"}],"wp:featuredmedia":[{"embeddable":true,"href":"https:\/\/finearts-exclusive.com\/fr\/wp-json\/wp\/v2\/media\/61890"}],"wp:attachment":[{"href":"https:\/\/finearts-exclusive.com\/fr\/wp-json\/wp\/v2\/media?parent=369"}],"wp:term":[{"taxonomy":"product_brand","embeddable":true,"href":"https:\/\/finearts-exclusive.com\/fr\/wp-json\/wp\/v2\/product_brand?post=369"},{"taxonomy":"product_cat","embeddable":true,"href":"https:\/\/finearts-exclusive.com\/fr\/wp-json\/wp\/v2\/product_cat?post=369"},{"taxonomy":"product_tag","embeddable":true,"href":"https:\/\/finearts-exclusive.com\/fr\/wp-json\/wp\/v2\/product_tag?post=369"}],"curies":[{"name":"wp","href":"https:\/\/api.w.org\/{rel}","templated":true}]}}