{"id":372,"date":"2021-11-06T13:12:54","date_gmt":"2021-11-06T12:12:54","guid":{"rendered":"https:\/\/finearts-exclusive.com\/p\/unkategorisiert\/erotik-dragon\/"},"modified":"2025-09-09T11:47:57","modified_gmt":"2025-09-09T09:47:57","slug":"dragon-erotique","status":"publish","type":"product","link":"https:\/\/finearts-exclusive.com\/fr\/p\/luxus-erotik-bronzeskulpturen\/erotic-dragon\/","title":{"rendered":"Dragon \u00e9rotique"},"content":{"rendered":"<p>Il \u00e9tait une fois un jeune homme patelin, Jonas, qui aimait plus que tout sa petite amie Beauty. Mais elle refusait toutes ses demandes en mariage.<\/p>\n<p>C'est pourquoi il inventa une ruse. Un jour, une f\u00e9e lui apparut et exau\u00e7a tous ses v\u0153ux. Il souhaita \u00eatre transform\u00e9 en un dragon puissant et muscl\u00e9. La f\u00e9e exau\u00e7a son v\u0153u, mais \u00e0 la condition qu'il ne puisse \u00eatre retransform\u00e9 un jour que s'il rendait sa Beauty heureuse physiquement et psychologiquement. Lorsque son amie vit le magnifique dragon muscl\u00e9, elle fut enchant\u00e9e et imm\u00e9diatement amoureuse. Le dragon l'enla\u00e7a par derri\u00e8re et lui fit l'amour sensuellement, l'embrassant sur les deux joues avec ses deux t\u00eates en m\u00eame temps. La belle se sentait aux anges, en s\u00e9curit\u00e9 et prot\u00e9g\u00e9e.<\/p>\n<p>Comme il avait rempli la condition de la f\u00e9e, il fut retransform\u00e9 en jeune Jonas. La Belle a \u00e9pous\u00e9 le jeune Jonas et ils ont \u00e9t\u00e9 heureux jusqu'\u00e0 la fin de leur vie, car la Belle a compris que ce ne sont pas les crit\u00e8res superficiels qui sont d\u00e9terminants pour le v\u00e9ritable amour, mais les valeurs int\u00e9rieures de l'\u00eatre humain.<\/p>\n<p>L'artiste Rudolfo Bucacio a cr\u00e9\u00e9 une sculpture en bronze expressive de taille moyenne, d'une importance monumentale. Le site <strong>Figurine en bronze \"Erotik Dragon<\/strong> attire les regards et suscite beaucoup d'attention et d'admiration.<\/p>","protected":false},"excerpt":{"rendered":"<p>Es war einmal ein biederer J\u00fcngling Jonas der liebte \u00fcber alles seine Freundin Beauty. All seine Heiratsantr\u00e4ge wurden jedoch von ihr schroff abgelehnt. Deshalb erdachte er sich eine List aus. Eines Tages erschien ihm eine Fee, die ihm jeden Wunsch erf\u00fcllte. Er w\u00fcnsche sich in einen kr\u00e4ftigen muskul\u00f6sen Drachen verwandelt zu werden. Die Fee erf\u00fcllte [&#8230;]\n","protected":false},"featured_media":61898,"template":"","meta":{"_seopress_robots_primary_cat":"none","_seopress_titles_title":"","_seopress_titles_desc":"","_seopress_robots_index":""},"product_brand":[],"product_cat":[33],"product_tag":[62],"class_list":{"0":"post-372","1":"product","2":"type-product","3":"status-publish","4":"has-post-thumbnail","6":"product_cat-luxus-erotik-bronzeskulpturen","7":"product_tag-preis-auf-anfrage","8":"product_shipping_class-skulpturen","9":"pa_kuenstler-rudolfo-bucacio","11":"first","12":"instock","13":"taxable","14":"shipping-taxable","15":"product-type-variable","16":"has-default-attributes"},"publishpress_future_action":{"enabled":false,"date":"2026-04-17 18:17:56","action":"change-status","newStatus":"trash","terms":[],"taxonomy":"product_brand","extraData":[]},"publishpress_future_workflow_manual_trigger":{"enabledWorkflows":[]},"_links":{"self":[{"href":"https:\/\/finearts-exclusive.com\/fr\/wp-json\/wp\/v2\/product\/372","targetHints":{"allow":["GET"]}}],"collection":[{"href":"https:\/\/finearts-exclusive.com\/fr\/wp-json\/wp\/v2\/product"}],"about":[{"href":"https:\/\/finearts-exclusive.com\/fr\/wp-json\/wp\/v2\/types\/product"}],"wp:featuredmedia":[{"embeddable":true,"href":"https:\/\/finearts-exclusive.com\/fr\/wp-json\/wp\/v2\/media\/61898"}],"wp:attachment":[{"href":"https:\/\/finearts-exclusive.com\/fr\/wp-json\/wp\/v2\/media?parent=372"}],"wp:term":[{"taxonomy":"product_brand","embeddable":true,"href":"https:\/\/finearts-exclusive.com\/fr\/wp-json\/wp\/v2\/product_brand?post=372"},{"taxonomy":"product_cat","embeddable":true,"href":"https:\/\/finearts-exclusive.com\/fr\/wp-json\/wp\/v2\/product_cat?post=372"},{"taxonomy":"product_tag","embeddable":true,"href":"https:\/\/finearts-exclusive.com\/fr\/wp-json\/wp\/v2\/product_tag?post=372"}],"curies":[{"name":"wp","href":"https:\/\/api.w.org\/{rel}","templated":true}]}}