{"id":373,"date":"2021-11-06T13:12:54","date_gmt":"2021-11-06T12:12:54","guid":{"rendered":"https:\/\/finearts-exclusive.com\/p\/unkategorisiert\/erotic-tree-dining-table\/"},"modified":"2024-03-27T18:32:19","modified_gmt":"2024-03-27T17:32:19","slug":"erotic-tree-dining-table","status":"publish","type":"product","link":"https:\/\/finearts-exclusive.com\/fr\/p\/luxus-bronzemoebel-wohnbereich\/erotic-tree-dining-table\/","title":{"rendered":"Erotic Tree Table \u00e0 manger"},"content":{"rendered":"<p>La beaut\u00e9 \u00e9rotique est mise \u00e0 l'honneur lors <strong>Sculpture en bronze \"Erotic Tree Dining Table\".<\/strong> port\u00e9 par les branches de l'arbre<\/p>\n<p>La table de salle \u00e0 manger exclusive \"Erotic Tree\" se compose de deux parties. La beaut\u00e9 est int\u00e9gr\u00e9e comme sculpture individuelle dans les branches de l'arbre.<\/p>\n<p>Une table de salle \u00e0 manger tr\u00e8s discr\u00e8te, l\u00e9g\u00e8rement \u00e9rotique, avec un plateau en verre rond raffin\u00e9 de 120 cm de diam\u00e8tre et un facettage de 30 mm de haute qualit\u00e9. L'\u00e9paisseur du verre est de 12 mm.<\/p>\n<p><strong>Sculpture :<\/strong><\/p>\n<p>hauteur : 75 cm<br \/>\nlargeur : 100 cm<br \/>\nlongueur : 100 cm<br \/>\npoids : environ 45 kg<\/p>\n<p>&nbsp;<\/p>\n<p><strong>Plaque de verre (ronde) :<\/strong><\/p>\n<p>diam\u00e8tre : 120 cm<br \/>\n\u00c9paisseur du verre : 12 mm<br \/>\npoids : environ 34 kg<\/p>","protected":false},"excerpt":{"rendered":"<p>Die erotische Sch\u00f6nheit wird bei der Bronzeskulptur \u201eErotic Tree Dining Table\u201c von den \u00c4sten des Baumes getragen. Der exklusive Esstisch \u201eErotic Tree\u201c besteht aus zwei Teilen. Die Sch\u00f6nheit ist als Einzelskulptur in die Baum\u00e4ste eingebettet. Ein sehr dezenter, leicht erotischer, Esstisch mit einer edlen runden Glasplatte von 120 cm Durchmesser und einem hochwertigen 30 mm [&#8230;]\n","protected":false},"featured_media":4466,"template":"","meta":{"_seopress_robots_primary_cat":"none","_seopress_titles_title":"","_seopress_titles_desc":"","_seopress_robots_index":""},"product_brand":[],"product_cat":[32],"product_tag":[62],"class_list":{"0":"post-373","1":"product","2":"type-product","3":"status-publish","4":"has-post-thumbnail","6":"product_cat-luxus-bronzemoebel-wohnbereich","7":"product_tag-preis-auf-anfrage","8":"product_shipping_class-skulpturen","9":"pa_kuenstler-don-alberto-carlos","11":"first","12":"instock","13":"taxable","14":"shipping-taxable","15":"product-type-variable","16":"has-default-attributes"},"publishpress_future_action":{"enabled":false,"date":"2026-04-19 10:37:52","action":"change-status","newStatus":"trash","terms":[],"taxonomy":"product_brand","extraData":[]},"publishpress_future_workflow_manual_trigger":{"enabledWorkflows":[]},"_links":{"self":[{"href":"https:\/\/finearts-exclusive.com\/fr\/wp-json\/wp\/v2\/product\/373","targetHints":{"allow":["GET"]}}],"collection":[{"href":"https:\/\/finearts-exclusive.com\/fr\/wp-json\/wp\/v2\/product"}],"about":[{"href":"https:\/\/finearts-exclusive.com\/fr\/wp-json\/wp\/v2\/types\/product"}],"wp:featuredmedia":[{"embeddable":true,"href":"https:\/\/finearts-exclusive.com\/fr\/wp-json\/wp\/v2\/media\/4466"}],"wp:attachment":[{"href":"https:\/\/finearts-exclusive.com\/fr\/wp-json\/wp\/v2\/media?parent=373"}],"wp:term":[{"taxonomy":"product_brand","embeddable":true,"href":"https:\/\/finearts-exclusive.com\/fr\/wp-json\/wp\/v2\/product_brand?post=373"},{"taxonomy":"product_cat","embeddable":true,"href":"https:\/\/finearts-exclusive.com\/fr\/wp-json\/wp\/v2\/product_cat?post=373"},{"taxonomy":"product_tag","embeddable":true,"href":"https:\/\/finearts-exclusive.com\/fr\/wp-json\/wp\/v2\/product_tag?post=373"}],"curies":[{"name":"wp","href":"https:\/\/api.w.org\/{rel}","templated":true}]}}