{"id":374,"date":"2021-11-06T13:12:54","date_gmt":"2021-11-06T12:12:54","guid":{"rendered":"https:\/\/finearts-exclusive.com\/p\/unkategorisiert\/eves-apple\/"},"modified":"2025-09-06T14:43:18","modified_gmt":"2025-09-06T12:43:18","slug":"eves-apple","status":"publish","type":"product","link":"https:\/\/finearts-exclusive.com\/fr\/p\/luxus-bronzeskulpturen\/eves-apple\/","title":{"rendered":"La pomme d'Eve"},"content":{"rendered":"<p>Le site <strong>Sculpture en bronze \"Eves Appel<\/strong> se base sur l'histoire suivante : dans l'Antiquit\u00e9 d\u00e9j\u00e0, la pomme \u00e9tait associ\u00e9e aux d\u00e9esses ador\u00e9es comme symbole de s\u00e9duction et de fertilit\u00e9. Les deux d\u00e9esses de l'amour Aphrodite et V\u00e9nus avaient un fruit \u00e0 p\u00e9pins avec elles - mais aussi H\u00e9ra, Ath\u00e9na ou la d\u00e9esse germanique Iduna, la gardienne des pommes d'or. Pour les Grecs qui n'\u00e9taient pas des dieux, le fruit avait \u00e9galement une grande importance \u00e0 l'\u00e9poque. Lorsqu'un jeune Grec voulait se fiancer, il lan\u00e7ait une pomme \u00e0 l'\u00e9lue de son c\u0153ur. Si elle l'attrapait, plus rien ne s'opposait au mariage. Cette pomme particuli\u00e8re symbolise mieux que tout autre le fruit de la s\u00e9duction. La cr\u00e9ation tr\u00e8s finement travaill\u00e9e <strong>\"La pomme d'Eve\"<\/strong> de Rudolfo Bucacio, \u00e9veille certainement d'autres envies chez le spectateur.<\/p>","protected":false},"excerpt":{"rendered":"<p>Die Bronzeskulptur \u201eEves Appel\u201c basiert auf folgender Geschichte: Schon in der Antike wurde der Apfel den angebeteten G\u00f6ttinnen als Symbol von Verf\u00fchrung und Fruchtbarkeit zugeordnet. Die beiden Liebesg\u00f6ttinnen Aphrodite und Venus hatten eine kernige Frucht bei sich &#8211; Aber auch Hera, Athene oder auch die germanische G\u00f6ttin Iduna, die H\u00fcterin der goldenen \u00c4pfel. Auch f\u00fcr [&#8230;]\n","protected":false},"featured_media":870,"template":"","meta":{"_seopress_robots_primary_cat":"none","_seopress_titles_title":"","_seopress_titles_desc":"","_seopress_robots_index":""},"product_brand":[],"product_cat":[31],"product_tag":[62],"class_list":{"0":"post-374","1":"product","2":"type-product","3":"status-publish","4":"has-post-thumbnail","6":"product_cat-luxus-bronzeskulpturen","7":"product_tag-preis-auf-anfrage","8":"product_shipping_class-skulpturen","9":"pa_kuenstler-rudolfo-bucacio","11":"first","12":"instock","13":"taxable","14":"shipping-taxable","15":"product-type-variable","16":"has-default-attributes"},"publishpress_future_action":{"enabled":false,"date":"2026-05-05 22:25:07","action":"change-status","newStatus":"trash","terms":[],"taxonomy":"product_brand","extraData":[]},"publishpress_future_workflow_manual_trigger":{"enabledWorkflows":[]},"_links":{"self":[{"href":"https:\/\/finearts-exclusive.com\/fr\/wp-json\/wp\/v2\/product\/374","targetHints":{"allow":["GET"]}}],"collection":[{"href":"https:\/\/finearts-exclusive.com\/fr\/wp-json\/wp\/v2\/product"}],"about":[{"href":"https:\/\/finearts-exclusive.com\/fr\/wp-json\/wp\/v2\/types\/product"}],"wp:featuredmedia":[{"embeddable":true,"href":"https:\/\/finearts-exclusive.com\/fr\/wp-json\/wp\/v2\/media\/870"}],"wp:attachment":[{"href":"https:\/\/finearts-exclusive.com\/fr\/wp-json\/wp\/v2\/media?parent=374"}],"wp:term":[{"taxonomy":"product_brand","embeddable":true,"href":"https:\/\/finearts-exclusive.com\/fr\/wp-json\/wp\/v2\/product_brand?post=374"},{"taxonomy":"product_cat","embeddable":true,"href":"https:\/\/finearts-exclusive.com\/fr\/wp-json\/wp\/v2\/product_cat?post=374"},{"taxonomy":"product_tag","embeddable":true,"href":"https:\/\/finearts-exclusive.com\/fr\/wp-json\/wp\/v2\/product_tag?post=374"}],"curies":[{"name":"wp","href":"https:\/\/api.w.org\/{rel}","templated":true}]}}