{"id":376,"date":"2021-11-06T13:12:54","date_gmt":"2021-11-06T12:12:54","guid":{"rendered":"https:\/\/finearts-exclusive.com\/p\/unkategorisiert\/invitation-coffee-table\/"},"modified":"2025-09-06T14:44:14","modified_gmt":"2025-09-06T12:44:14","slug":"invitation-table-basse","status":"publish","type":"product","link":"https:\/\/finearts-exclusive.com\/fr\/p\/luxus-bronzemoebel-wohnbereich\/invitation-coffee-table\/","title":{"rendered":"Invitation table basse"},"content":{"rendered":"<p>Cette belle dame tr\u00e8s sensuelle joue avec la curiosit\u00e9 du spectateur par sa posture volontairement lascive et invitante. <strong>\"Invitation Table Coffee\"<\/strong> - Une table basse hautement \u00e9rotique avec un plateau en verre ovale,12 mm d'\u00e9paisseur de verre, 30 mm de facettes taill\u00e9es avec un d\u00e9tail \u00e9rotique particulier. Une feuille d'\u00e9rable amovible sur une partie tr\u00e8s sensuelle du corps de la femme couvre son secret. Le <strong>table basse \u00e9rotique \"Invitation Coffee Table<\/strong> convient \u00e0 la chambre de ma\u00eetre exclusive, au club exclusif ou simplement \u00e0 la chambre \u00e0 coucher priv\u00e9e.<\/p>\n<p><strong>Sculpture :<\/strong><\/p>\n<p>hauteur : 44 cm<br \/>\nlargeur : 52 cm<br \/>\nlongueur : 130 cm<br \/>\npoids : environ 50 kg<\/p>\n<p><strong>Plateau en verre (ovale) :<\/strong><\/p>\n<p>largeur : 60 cm<br \/>\nLongueur : 131 cm<br \/>\n\u00c9paisseur du verre : 12 mm<br \/>\npoids : environ 21 kg<\/p>\n<p>&nbsp;<\/p>","protected":false},"excerpt":{"rendered":"<p>Diese wundersch\u00f6ne, sehr sinnliche Dame spielt mit ihrer bewusst lasziv einladenden K\u00f6rperhaltung mit der Neugierde des Betrachters. \u201eInvitation Coffee Table\u201c &#8211; Ein hocherotischer Couchtisch mit ovaler Glasplatte,12 mm Glasst\u00e4rke, 30 mm Facettenschliff mit einem besonderen erotischen Detail. Ein abnehmbares Ahornblatt auf einem sehr sinnlichen Teil des weiblichen K\u00f6rpers bedeckt ihr Geheimnis. Der erotische Couchtisch \u201eInvitation [&#8230;]\n","protected":false},"featured_media":61891,"template":"","meta":{"_seopress_robots_primary_cat":"none","_seopress_titles_title":"","_seopress_titles_desc":"","_seopress_robots_index":""},"product_brand":[],"product_cat":[32],"product_tag":[62],"class_list":{"0":"post-376","1":"product","2":"type-product","3":"status-publish","4":"has-post-thumbnail","6":"product_cat-luxus-bronzemoebel-wohnbereich","7":"product_tag-preis-auf-anfrage","8":"product_shipping_class-skulpturen","9":"pa_kuenstler-don-alberto-carlos","11":"first","12":"instock","13":"taxable","14":"shipping-taxable","15":"product-type-variable","16":"has-default-attributes"},"publishpress_future_action":{"enabled":false,"date":"2026-04-17 10:57:17","action":"change-status","newStatus":"trash","terms":[],"taxonomy":"product_brand","extraData":[]},"publishpress_future_workflow_manual_trigger":{"enabledWorkflows":[]},"_links":{"self":[{"href":"https:\/\/finearts-exclusive.com\/fr\/wp-json\/wp\/v2\/product\/376","targetHints":{"allow":["GET"]}}],"collection":[{"href":"https:\/\/finearts-exclusive.com\/fr\/wp-json\/wp\/v2\/product"}],"about":[{"href":"https:\/\/finearts-exclusive.com\/fr\/wp-json\/wp\/v2\/types\/product"}],"wp:featuredmedia":[{"embeddable":true,"href":"https:\/\/finearts-exclusive.com\/fr\/wp-json\/wp\/v2\/media\/61891"}],"wp:attachment":[{"href":"https:\/\/finearts-exclusive.com\/fr\/wp-json\/wp\/v2\/media?parent=376"}],"wp:term":[{"taxonomy":"product_brand","embeddable":true,"href":"https:\/\/finearts-exclusive.com\/fr\/wp-json\/wp\/v2\/product_brand?post=376"},{"taxonomy":"product_cat","embeddable":true,"href":"https:\/\/finearts-exclusive.com\/fr\/wp-json\/wp\/v2\/product_cat?post=376"},{"taxonomy":"product_tag","embeddable":true,"href":"https:\/\/finearts-exclusive.com\/fr\/wp-json\/wp\/v2\/product_tag?post=376"}],"curies":[{"name":"wp","href":"https:\/\/api.w.org\/{rel}","templated":true}]}}