{"id":385,"date":"2021-11-06T13:12:55","date_gmt":"2021-11-06T12:12:55","guid":{"rendered":"https:\/\/finearts-exclusive.com\/p\/unkategorisiert\/snake-lady-nadine-upright\/"},"modified":"2025-09-06T14:40:06","modified_gmt":"2025-09-06T12:40:06","slug":"snake-lady-nadine-upright","status":"publish","type":"product","link":"https:\/\/finearts-exclusive.com\/fr\/p\/luxus-erotik-bronzeskulpturen\/snake-lady-nadine-upright\/","title":{"rendered":"Snake Lady Nadine Upright"},"content":{"rendered":"<p>La femme-serpent (Snake Lady Nadine) s\u00e9duit par sa nature charmante, romantique et passionn\u00e9e. Les serpents sont des artistes de la s\u00e9duction pleins d'imagination. Lors des jeux amoureux, ils sont exigeants, passionn\u00e9s et insatiables. Avec eux, tous les fantasmes secrets peuvent devenir r\u00e9alit\u00e9 ! Le sexe des serpents est \u00e9l\u00e9gant, extatique et captivant !<\/p>\n<p>Les femmes-serpents ont aussi quelque chose d'\u00e9nigmatique et semblent r\u00e9serv\u00e9es au d\u00e9but, mais elles savent exactement ce qu'elles veulent et l'obtiennent toujours. Les hommes ne peuvent presque jamais r\u00e9sister aux s\u00e9ductions de cette femme-serpent en raison de son fort pouvoir d'attraction.<\/p>\n<p>Le c\u00e9l\u00e8bre artiste Don Alberto Carlos a su exprimer de mani\u00e8re magistrale la nature passionn\u00e9e et extr\u00eamement sensuelle de la femme-serpent dans sa cr\u00e9ation du <strong>\"Snake Lady\" Nadine Upright<\/strong>\" mis en \u0153uvre.<\/p>","protected":false},"excerpt":{"rendered":"<p>Die Schlangen\u2013Frau (Snake Lady Nadine) besticht durch ihre charmante, romantische und leidenschaftliche Art. Schlangen sind fantasievolle Verf\u00fchrungsk\u00fcnstler. Beim Liebesspiel sind sie anspruchsvoll, leidenschaftlich und uners\u00e4ttlich. Mit ihnen kann jede geheime Fantasie Wirklichkeit werden! Schlangensex ist elegant, ekstatisch und fesselnd! Die Schlangen-Frauen haben auch etwas R\u00e4tselhaftes und wirken anfangs zur\u00fcckhaltend, doch wissen sie genau, was sie [&#8230;]\n","protected":false},"featured_media":2676,"template":"","meta":{"_seopress_robots_primary_cat":"none","_seopress_titles_title":"","_seopress_titles_desc":"","_seopress_robots_index":""},"product_brand":[],"product_cat":[33],"product_tag":[62],"class_list":{"0":"post-385","1":"product","2":"type-product","3":"status-publish","4":"has-post-thumbnail","6":"product_cat-luxus-erotik-bronzeskulpturen","7":"product_tag-preis-auf-anfrage","8":"product_shipping_class-skulpturen","9":"pa_kuenstler-don-alberto-carlos","11":"first","12":"instock","13":"taxable","14":"shipping-taxable","15":"product-type-variable","16":"has-default-attributes"},"publishpress_future_action":{"enabled":false,"date":"2026-04-17 12:34:27","action":"change-status","newStatus":"trash","terms":[],"taxonomy":"product_brand","extraData":[]},"publishpress_future_workflow_manual_trigger":{"enabledWorkflows":[]},"_links":{"self":[{"href":"https:\/\/finearts-exclusive.com\/fr\/wp-json\/wp\/v2\/product\/385","targetHints":{"allow":["GET"]}}],"collection":[{"href":"https:\/\/finearts-exclusive.com\/fr\/wp-json\/wp\/v2\/product"}],"about":[{"href":"https:\/\/finearts-exclusive.com\/fr\/wp-json\/wp\/v2\/types\/product"}],"wp:featuredmedia":[{"embeddable":true,"href":"https:\/\/finearts-exclusive.com\/fr\/wp-json\/wp\/v2\/media\/2676"}],"wp:attachment":[{"href":"https:\/\/finearts-exclusive.com\/fr\/wp-json\/wp\/v2\/media?parent=385"}],"wp:term":[{"taxonomy":"product_brand","embeddable":true,"href":"https:\/\/finearts-exclusive.com\/fr\/wp-json\/wp\/v2\/product_brand?post=385"},{"taxonomy":"product_cat","embeddable":true,"href":"https:\/\/finearts-exclusive.com\/fr\/wp-json\/wp\/v2\/product_cat?post=385"},{"taxonomy":"product_tag","embeddable":true,"href":"https:\/\/finearts-exclusive.com\/fr\/wp-json\/wp\/v2\/product_tag?post=385"}],"curies":[{"name":"wp","href":"https:\/\/api.w.org\/{rel}","templated":true}]}}