{"id":390,"date":"2021-11-06T13:12:56","date_gmt":"2021-11-06T12:12:56","guid":{"rendered":"https:\/\/finearts-exclusive.com\/p\/unkategorisiert\/erotic-fantasies\/"},"modified":"2023-02-20T19:52:52","modified_gmt":"2023-02-20T18:52:52","slug":"fantasmes-erotiques","status":"publish","type":"product","link":"https:\/\/finearts-exclusive.com\/fr\/p\/luxus-bronzeskulpturen\/erotic-fantasies\/","title":{"rendered":"Fantaisies \u00e9rotiques"},"content":{"rendered":"<p>L'artiste gay Jean Daniel Cadinot a exprim\u00e9 ses fantasmes \u00e9rotiques dans cette exposition artistique. <strong>\"Fantaisies \u00e9rotiques\"<\/strong> se manifeste.<\/p>\n<p>Il symbolise l'admiration de la virilit\u00e9 cach\u00e9e par le voyeur.<\/p>","protected":false},"excerpt":{"rendered":"<p>L'artiste gay Jean Daniel Cadinot a manifest\u00e9 ses fantasmes \u00e9rotiques dans cette pi\u00e8ce d'exposition artistique intitul\u00e9e \"Erotic Fantasies\". Il symbolise l'admiration de la virilit\u00e9 cach\u00e9e par le voyeur.<\/p>","protected":false},"featured_media":2648,"template":"","meta":{"_seopress_robots_primary_cat":"none","_seopress_titles_title":"","_seopress_titles_desc":"","_seopress_robots_index":""},"product_brand":[],"product_cat":[31],"product_tag":[62],"class_list":{"0":"post-390","1":"product","2":"type-product","3":"status-publish","4":"has-post-thumbnail","6":"product_cat-luxus-bronzeskulpturen","7":"product_tag-preis-auf-anfrage","8":"product_shipping_class-skulpturen","9":"pa_kuenstler-jean-daniel-cadinot","11":"first","12":"instock","13":"taxable","14":"shipping-taxable","15":"product-type-variable","16":"has-default-attributes"},"publishpress_future_action":{"enabled":false,"date":"2026-05-07 18:10:41","action":"change-status","newStatus":"trash","terms":[],"taxonomy":"product_brand","extraData":[]},"publishpress_future_workflow_manual_trigger":{"enabledWorkflows":[]},"_links":{"self":[{"href":"https:\/\/finearts-exclusive.com\/fr\/wp-json\/wp\/v2\/product\/390","targetHints":{"allow":["GET"]}}],"collection":[{"href":"https:\/\/finearts-exclusive.com\/fr\/wp-json\/wp\/v2\/product"}],"about":[{"href":"https:\/\/finearts-exclusive.com\/fr\/wp-json\/wp\/v2\/types\/product"}],"wp:featuredmedia":[{"embeddable":true,"href":"https:\/\/finearts-exclusive.com\/fr\/wp-json\/wp\/v2\/media\/2648"}],"wp:attachment":[{"href":"https:\/\/finearts-exclusive.com\/fr\/wp-json\/wp\/v2\/media?parent=390"}],"wp:term":[{"taxonomy":"product_brand","embeddable":true,"href":"https:\/\/finearts-exclusive.com\/fr\/wp-json\/wp\/v2\/product_brand?post=390"},{"taxonomy":"product_cat","embeddable":true,"href":"https:\/\/finearts-exclusive.com\/fr\/wp-json\/wp\/v2\/product_cat?post=390"},{"taxonomy":"product_tag","embeddable":true,"href":"https:\/\/finearts-exclusive.com\/fr\/wp-json\/wp\/v2\/product_tag?post=390"}],"curies":[{"name":"wp","href":"https:\/\/api.w.org\/{rel}","templated":true}]}}