{"id":44204,"date":"2024-03-22T08:00:41","date_gmt":"2024-03-22T07:00:41","guid":{"rendered":"https:\/\/finearts-exclusive.com\/?post_type=product&#038;p=44204"},"modified":"2024-03-27T18:25:03","modified_gmt":"2024-03-27T17:25:03","slug":"tete-morte","status":"publish","type":"product","link":"https:\/\/finearts-exclusive.com\/fr\/p\/luxus-bronzeskulpturen\/tote-kopf\/","title":{"rendered":"T\u00eate de mort"},"content":{"rendered":"<p>Entrez dans le royaume de la contemplation philosophique avec le dernier chef-d'\u0153uvre \"Aurore de la vie\", une sublime sculpture de t\u00eate de mort cr\u00e9\u00e9e \u00e0 partir de l'argent le plus pur, qui refl\u00e8te le savoir-faire de l'artiste renomm\u00e9 Don Alberto Carlos. Cette \u0153uvre reprend la tradition ancestrale du \"Memento Mori\", un rappel profond du caract\u00e8re \u00e9ph\u00e9m\u00e8re de notre existence, ancr\u00e9 dans l'art, la litt\u00e9rature et la philosophie depuis des si\u00e8cles.<\/p>\n<p>Inspir\u00e9e par l'id\u00e9e du \"Carpe Diem\", un message qui a connu son apog\u00e9e \u00e0 la Renaissance, cette t\u00eate de mort ne symbolise pas seulement le caract\u00e8re in\u00e9vitablement \u00e9ph\u00e9m\u00e8re de la vie, mais nous rappelle \u00e9galement d'appr\u00e9cier la fugacit\u00e9 de l'instant pr\u00e9sent. L'argent \u00e9tincelant, transform\u00e9 avec le plus grand soin en un signe \u00e0 la fois de l'\u00e9ph\u00e9m\u00e8re et de l'\u00e9ternel, refl\u00e8te les r\u00e9flexions philosophiques sur la signification de la vie et la mani\u00e8re d'aborder la connaissance de la mort.<\/p>\n<p>En int\u00e9grant des pens\u00e9es issues de la philosophie existentielle, cette \u0153uvre d'art nous invite \u00e0 r\u00e9fl\u00e9chir \u00e0 notre propre finitude, tout en c\u00e9l\u00e9brant l'importance de la vie dans sa beaut\u00e9 instantan\u00e9e. C'est un hommage \u00e9ternel \u00e0 l'existence elle-m\u00eame et un puissant appel \u00e0 nous rappeler que chaque instant est pr\u00e9cieux.<\/p>\n<p>\"Aurore de la vie\", la t\u00eate de mort rayonnante, est plus qu'une simple sculpture ; c'est une fen\u00eatre sur une profonde compr\u00e9hension et une noble invitation \u00e0 embrasser la vie dans toute sa splendeur. Accordez \u00e0 cette \u0153uvre d'art une place d'honneur dans votre maison et laissez sa lueur argent\u00e9e servir d'inspiration quotidienne pour appr\u00e9cier les merveilles de l'\u00eatre et explorer le voyage sans limites de l'\u00e2me.<\/p>","protected":false},"excerpt":{"rendered":"<div class=\"video video-fit mb\" style=\"padding-top:56.25%;\">\n<div class=\"brlbs-cmpnt-container brlbs-cmpnt-content-blocker brlbs-cmpnt-with-individual-styles\" data-borlabs-cookie-content-blocker-id=\"youtube-content-blocker\" data-borlabs-cookie-content=\"PGlmcmFtZSB0aXRsZT0iRmluZSBBcnRzIFdvaG5rdWx0dXIgLSBCcm9uemUgLSBTa3VsbCBnb2xkIHZpZGVvIiB3aWR0aD0iMTAyMCIgaGVpZ2h0PSI1NzQiIHNyYz0iaHR0cHM6Ly93d3cueW91dHViZS1ub2Nvb2tpZS5jb20vZW1iZWQvMDlxRjRFZ195VnM\/ZmVhdHVyZT1vZW1iZWQiIGZyYW1lYm9yZGVyPSIwIiBhbGxvdz0iYWNjZWxlcm9tZXRlcjsgYXV0b3BsYXk7IGNsaXBib2FyZC13cml0ZTsgZW5jcnlwdGVkLW1lZGlhOyBneXJvc2NvcGU7IHBpY3R1cmUtaW4tcGljdHVyZTsgd2ViLXNoYXJlIiBhbGxvd2Z1bGxzY3JlZW4+PC9pZnJhbWU+\">\n<div class=\"brlbs-cmpnt-cb-preset-c brlbs-cmpnt-cb-youtube\">\n<div class=\"brlbs-cmpnt-cb-thumbnail\" style=\"background-image: url('https:\/\/finearts-exclusive.com\/wp-content\/uploads\/borlabs-cookie\/1\/yt_09qF4Eg_yVs_hqdefault.jpg')\"><\/div>\n<div class=\"brlbs-cmpnt-cb-main\">\n<div class=\"brlbs-cmpnt-cb-play-button\"><\/div>\n<div class=\"brlbs-cmpnt-cb-content\">\n<p class=\"brlbs-cmpnt-cb-description\">Vous \u00eates actuellement en train de consulter le contenu d'un espace r\u00e9serv\u00e9 de <strong>YouTube<\/strong>. Pour acc\u00e9der au contenu r\u00e9el, cliquez sur le bouton ci-dessous. Veuillez noter que ce faisant, des donn\u00e9es seront partag\u00e9es avec des fournisseurs tiers.<\/p>\n<p> <a class=\"brlbs-cmpnt-cb-provider-toggle\" href=\"#\" data-borlabs-cookie-show-provider-information role=\"button\">Plus d'informations<\/a> <\/div>\n<div class=\"brlbs-cmpnt-cb-buttons\"> <a class=\"brlbs-cmpnt-cb-btn\" href=\"#\" data-borlabs-cookie-unblock role=\"button\">D\u00e9bloquer le contenu<\/a> <a class=\"brlbs-cmpnt-cb-btn\" href=\"#\" data-borlabs-cookie-accept-service role=\"button\" style=\"display: inherit\">Accepter le service requis et d\u00e9bloquer les contenus<\/a> <\/div>\n<\/p><\/div>\n<\/p><\/div>\n<\/div>\n<\/div>","protected":false},"featured_media":44332,"template":"","meta":{"_seopress_robots_primary_cat":"none","_seopress_titles_title":"","_seopress_titles_desc":"","_seopress_robots_index":""},"product_brand":[],"product_cat":[31],"product_tag":[62],"class_list":{"0":"post-44204","1":"product","2":"type-product","3":"status-publish","4":"has-post-thumbnail","6":"product_cat-luxus-bronzeskulpturen","7":"product_tag-preis-auf-anfrage","8":"product_shipping_class-skulpturen","9":"pa_kuenstler-don-alberto-carlos","11":"first","12":"instock","13":"taxable","14":"shipping-taxable","15":"product-type-variable","16":"has-default-attributes"},"publishpress_future_action":{"enabled":false,"date":"2026-04-17 12:54:08","action":"change-status","newStatus":"trash","terms":[],"taxonomy":"product_brand","extraData":[]},"publishpress_future_workflow_manual_trigger":{"enabledWorkflows":[]},"_links":{"self":[{"href":"https:\/\/finearts-exclusive.com\/fr\/wp-json\/wp\/v2\/product\/44204","targetHints":{"allow":["GET"]}}],"collection":[{"href":"https:\/\/finearts-exclusive.com\/fr\/wp-json\/wp\/v2\/product"}],"about":[{"href":"https:\/\/finearts-exclusive.com\/fr\/wp-json\/wp\/v2\/types\/product"}],"wp:featuredmedia":[{"embeddable":true,"href":"https:\/\/finearts-exclusive.com\/fr\/wp-json\/wp\/v2\/media\/44332"}],"wp:attachment":[{"href":"https:\/\/finearts-exclusive.com\/fr\/wp-json\/wp\/v2\/media?parent=44204"}],"wp:term":[{"taxonomy":"product_brand","embeddable":true,"href":"https:\/\/finearts-exclusive.com\/fr\/wp-json\/wp\/v2\/product_brand?post=44204"},{"taxonomy":"product_cat","embeddable":true,"href":"https:\/\/finearts-exclusive.com\/fr\/wp-json\/wp\/v2\/product_cat?post=44204"},{"taxonomy":"product_tag","embeddable":true,"href":"https:\/\/finearts-exclusive.com\/fr\/wp-json\/wp\/v2\/product_tag?post=44204"}],"curies":[{"name":"wp","href":"https:\/\/api.w.org\/{rel}","templated":true}]}}