{"id":62004,"date":"2025-06-30T10:27:19","date_gmt":"2025-06-30T08:27:19","guid":{"rendered":"https:\/\/finearts-exclusive.com\/?post_type=product&#038;p=62004"},"modified":"2025-09-20T09:58:52","modified_gmt":"2025-09-20T07:58:52","slug":"brain-in-doctors-hand","status":"publish","type":"product","link":"https:\/\/finearts-exclusive.com\/fr\/p\/medizinische-skulpturen\/brain-in-doctors-hand\/","title":{"rendered":"Brain in Doctor's hand"},"content":{"rendered":"<p>La sculpture en bronze <strong>BRAIN IN DOCTOR'S HAND<\/strong> impressionne par la richesse des d\u00e9tails et la ma\u00eetrise de son \u00e9laboration. C'est un objet de d\u00e9coration et de d\u00e9monstration exclusif et de grande qualit\u00e9, id\u00e9al pour les professionnels de la sant\u00e9 et les amateurs d'art. Le cerveau en bronze finement con\u00e7u est un v\u00e9ritable bijou qui ne devrait manquer sur aucun bureau.<\/p>\n<p>L'\u0153uvre d'art est embl\u00e9matique de l'art m\u00e9dical et des efforts d\u00e9licats d\u00e9ploy\u00e9s pour pr\u00e9server un organe sensible. La sculpture en bronze <strong>BRAIN IN DOCTOR'S HAND<\/strong> transmet en outre un message positif \u00e0 l'observateur : \"Avec votre m\u00e9decin, votre cerveau est entre les meilleures mains\".<\/p>","protected":false},"excerpt":{"rendered":"<div class=\"video video-fit mb\" style=\"padding-top:56.25%;\">\n<div class=\"brlbs-cmpnt-container brlbs-cmpnt-content-blocker brlbs-cmpnt-with-individual-styles\" data-borlabs-cookie-content-blocker-id=\"youtube-content-blocker\" data-borlabs-cookie-content=\"PGlmcmFtZSB0aXRsZT0iQnJhaW4gaW4gRG9jdG9yJiMwMzk7cyBIYW5kIEJyb256ZSBTa3VscHR1ciIgd2lkdGg9IjEwMjAiIGhlaWdodD0iNTc0IiBzcmM9Imh0dHBzOi8vd3d3LnlvdXR1YmUtbm9jb29raWUuY29tL2VtYmVkL2xFNDlETzdzZ0JBP2ZlYXR1cmU9b2VtYmVkIiBmcmFtZWJvcmRlcj0iMCIgYWxsb3c9ImFjY2VsZXJvbWV0ZXI7IGF1dG9wbGF5OyBjbGlwYm9hcmQtd3JpdGU7IGVuY3J5cHRlZC1tZWRpYTsgZ3lyb3Njb3BlOyBwaWN0dXJlLWluLXBpY3R1cmU7IHdlYi1zaGFyZSIgcmVmZXJyZXJwb2xpY3k9InN0cmljdC1vcmlnaW4td2hlbi1jcm9zcy1vcmlnaW4iIGFsbG93ZnVsbHNjcmVlbj48L2lmcmFtZT4=\">\n<div class=\"brlbs-cmpnt-cb-preset-c brlbs-cmpnt-cb-youtube\">\n<div class=\"brlbs-cmpnt-cb-thumbnail\" style=\"background-image: url('https:\/\/finearts-exclusive.com\/wp-content\/uploads\/borlabs-cookie\/1\/yt_lE49DO7sgBA_hqdefault.jpg')\"><\/div>\n<div class=\"brlbs-cmpnt-cb-main\">\n<div class=\"brlbs-cmpnt-cb-play-button\"><\/div>\n<div class=\"brlbs-cmpnt-cb-content\">\n<p class=\"brlbs-cmpnt-cb-description\">Vous \u00eates actuellement en train de consulter le contenu d'un espace r\u00e9serv\u00e9 de <strong>YouTube<\/strong>. Pour acc\u00e9der au contenu r\u00e9el, cliquez sur le bouton ci-dessous. Veuillez noter que ce faisant, des donn\u00e9es seront partag\u00e9es avec des fournisseurs tiers.<\/p>\n<p> <a class=\"brlbs-cmpnt-cb-provider-toggle\" href=\"#\" data-borlabs-cookie-show-provider-information role=\"button\">Plus d'informations<\/a> <\/div>\n<div class=\"brlbs-cmpnt-cb-buttons\"> <a class=\"brlbs-cmpnt-cb-btn\" href=\"#\" data-borlabs-cookie-unblock role=\"button\">D\u00e9bloquer le contenu<\/a> <a class=\"brlbs-cmpnt-cb-btn\" href=\"#\" data-borlabs-cookie-accept-service role=\"button\" style=\"display: inherit\">Accepter le service requis et d\u00e9bloquer les contenus<\/a> <\/div>\n<\/p><\/div>\n<\/p><\/div>\n<\/div>\n<\/div>","protected":false},"featured_media":62006,"template":"","meta":{"_seopress_robots_primary_cat":"none","_seopress_titles_title":"","_seopress_titles_desc":"","_seopress_robots_index":""},"product_brand":[],"product_cat":[177,31],"product_tag":[62],"class_list":{"0":"post-62004","1":"product","2":"type-product","3":"status-publish","4":"has-post-thumbnail","6":"product_cat-medizinische-skulpturen","7":"product_cat-luxus-bronzeskulpturen","8":"product_tag-preis-auf-anfrage","9":"product_shipping_class-skulpturen","10":"pa_kuenstler-prof-dr-med-theodor-klotz","12":"first","13":"instock","14":"taxable","15":"shipping-taxable","16":"product-type-variable","17":"has-default-attributes"},"publishpress_future_action":{"enabled":false,"date":"2026-04-22 22:03:08","action":"change-status","newStatus":"trash","terms":[],"taxonomy":"product_brand","extraData":[]},"publishpress_future_workflow_manual_trigger":{"enabledWorkflows":[]},"_links":{"self":[{"href":"https:\/\/finearts-exclusive.com\/fr\/wp-json\/wp\/v2\/product\/62004","targetHints":{"allow":["GET"]}}],"collection":[{"href":"https:\/\/finearts-exclusive.com\/fr\/wp-json\/wp\/v2\/product"}],"about":[{"href":"https:\/\/finearts-exclusive.com\/fr\/wp-json\/wp\/v2\/types\/product"}],"wp:featuredmedia":[{"embeddable":true,"href":"https:\/\/finearts-exclusive.com\/fr\/wp-json\/wp\/v2\/media\/62006"}],"wp:attachment":[{"href":"https:\/\/finearts-exclusive.com\/fr\/wp-json\/wp\/v2\/media?parent=62004"}],"wp:term":[{"taxonomy":"product_brand","embeddable":true,"href":"https:\/\/finearts-exclusive.com\/fr\/wp-json\/wp\/v2\/product_brand?post=62004"},{"taxonomy":"product_cat","embeddable":true,"href":"https:\/\/finearts-exclusive.com\/fr\/wp-json\/wp\/v2\/product_cat?post=62004"},{"taxonomy":"product_tag","embeddable":true,"href":"https:\/\/finearts-exclusive.com\/fr\/wp-json\/wp\/v2\/product_tag?post=62004"}],"curies":[{"name":"wp","href":"https:\/\/api.w.org\/{rel}","templated":true}]}}