{"id":29,"date":"2021-10-24T22:36:35","date_gmt":"2021-10-24T20:36:35","guid":{"rendered":"https:\/\/finearts-exclusive.com\/impressum"},"modified":"2025-07-21T10:47:13","modified_gmt":"2025-07-21T08:47:13","slug":"impronta","status":"publish","type":"page","link":"https:\/\/finearts-exclusive.com\/it\/impressum\/","title":{"rendered":"Impronta"},"content":{"rendered":"<div class=\"banner has-hover\" id=\"banner-1239664163\">\n          <div class=\"banner-inner fill\">\n        <div class=\"banner-bg fill\" >\n            <img loading=\"lazy\" decoding=\"async\" width=\"1020\" height=\"159\" src=\"https:\/\/finearts-exclusive.com\/wp-content\/uploads\/2021\/11\/inner-page-banner-bg-1024x160.jpg\" class=\"bg attachment-large size-large\" alt=\"\" \/>                                    \n                    <\/div>\n\t\t\n        <div class=\"banner-layers container\">\n            <div class=\"fill banner-link\"><\/div>            \n\n   <div id=\"text-box-2134773001\" class=\"text-box banner-layer x50 md-x50 lg-x50 y50 md-y50 lg-y50 res-text\">\n                                <div class=\"text-box-content text dark\">\n              \n              <div class=\"text-inner text-center\">\n                  \n\n\t<div id=\"text-3428291737\" class=\"text heading-mobile\">\n\t\t\n\n<h1 class=\"uppercase txt-gold\">IMPRONTA<\/h1>\n\t\t\t<\/div>\n\t\n<div class=\"text-center\"><div class=\"is-divider divider clearfix\" style=\"max-width:200px;background-color:rgb(220, 172, 72);\"><\/div><\/div>\n\n\n              <\/div>\n           <\/div>\n                            \n<style>\n#text-box-2134773001 {\n  width: 90%;\n}\n#text-box-2134773001 .text-box-content {\n  font-size: 100%;\n}\n<\/style>\n    <\/div>\n \n\n        <\/div>\n      <\/div>\n\n            \n<style>\n#banner-1239664163 {\n  padding-top: 200px;\n  background-color: rgb(0, 0, 0);\n}\n@media (min-width:550px) {\n  #banner-1239664163 {\n    padding-top: 300px;\n  }\n}\n<\/style>\n  <\/div>\n\n\n\n\t<section class=\"section\" id=\"section_166354568\">\n\t\t<div class=\"section-bg fill\" >\n\t\t\t\t\t\t\t\t\t\n\t\t\t\n\n\t\t<\/div>\n\n\t\t\n\n\t\t<div class=\"section-content relative\">\n\t\t\t\n\n<div class=\"row\"  id=\"row-1228667608\">\n\n\n\t<div id=\"col-418209436\" class=\"col small-12 large-12\"  >\n\t\t\t\t<div class=\"col-inner\"  >\n\t\t\t\n\t\t\t\n\n<p><em>Informazioni ai sensi del \u00a7 5 DDG:<\/em><\/p>\n<p>FINE ARTS Wohnkultur GmbH<br \/>Gwinnerstrasse 40-42<br \/>60388 Francoforte sul Meno<br \/>Germania<br \/>Rappresentato da: Goetz Albert KAHL<br \/>Telefono: +49 (0) 69 942196-31<br \/>Fax: +49 (0) 69 942196-33<br \/>E-mail:\u00a0<a href=\"https:\/\/finearts-exclusive.com\/it\/impressum-agb\/info@finearts-exclusive.de\/\">info@finearts-exclusive.com<\/a><\/p>\n<p>Registrato presso la Corte locale di Francoforte sul Meno sotto HRB 38716<\/p>\n<p><em>Numero di identificazione dell'imposta sulle vendite ai sensi del \u00a727 a della legge sull'imposta sulle vendite:<\/em><br \/>DE 166523935<\/p>\n<p>V.i.S.d.P.: La societ\u00e0 FINE ARTS Wohnkultur GmbH \u00e8 responsabile di tutti i testi e le immagini presenti nelle pagine riassunte sotto i nostri domini.<\/p>\n<h3>Disclaimer:<\/h3>\n<p><em>Responsabilit\u00e0 per i contenuti<\/em><br \/>I contenuti delle nostre pagine sono stati creati con la massima cura. Tuttavia, non possiamo assumerci alcuna responsabilit\u00e0 per l'accuratezza, la completezza e l'attualit\u00e0 dei contenuti. In qualit\u00e0 di fornitore di servizi, siamo responsabili dei nostri contenuti su queste pagine ai sensi del \u00a7 7 comma 1 TMG (legge tedesca sui media telematici) e delle leggi generali. Ai sensi dei \u00a7\u00a7 8-10 TMG, tuttavia, in qualit\u00e0 di fornitore di servizi non siamo obbligati a monitorare le informazioni trasmesse o memorizzate da terzi o a indagare su circostanze che indicano un'attivit\u00e0 illegale. L'obbligo di rimuovere o bloccare l'uso delle informazioni in conformit\u00e0 alla legislazione generale rimane inalterato. Tuttavia, la responsabilit\u00e0 in questo senso \u00e8 possibile solo a partire dal momento in cui si viene a conoscenza di una specifica violazione. Non appena verremo a conoscenza di tali violazioni, provvederemo a rimuovere immediatamente tali contenuti.<\/p>\n<h3><em>Responsabilit\u00e0 per i link<\/em><\/h3>\n<p>Il nostro sito web contiene link a siti esterni di terzi sui cui contenuti non abbiamo alcuna influenza. Pertanto, non ci assumiamo alcuna responsabilit\u00e0 per questi contenuti di terzi. Il rispettivo fornitore o gestore delle pagine \u00e8 sempre responsabile del contenuto delle pagine collegate. Le pagine collegate sono state controllate per verificare eventuali violazioni di legge al momento del collegamento. I contenuti illegali non erano riconoscibili al momento del collegamento. Tuttavia, un controllo permanente dei contenuti delle pagine collegate non \u00e8 ragionevole senza prove concrete di una violazione. Nel caso in cui venissimo a conoscenza di violazioni di legge, provvederemo a rimuovere immediatamente tali link.<\/p>\n<h3>Copyright<\/h3>\n<p>I contenuti e le opere create dagli operatori del sito su queste pagine sono soggetti alla legge tedesca sul diritto d'autore. La duplicazione, l'elaborazione, la distribuzione e qualsiasi tipo di utilizzo al di fuori dei limiti della legge sul copyright richiedono il consenso scritto del rispettivo autore o creatore. Download e copie di questo sito sono consentiti solo per uso privato e non commerciale. Nella misura in cui i contenuti di questo sito non sono stati creati dall'operatore, vengono rispettati i diritti d'autore di terzi. In particolare, i contenuti di terzi sono contrassegnati come tali. Se tuttavia doveste venire a conoscenza di una violazione del copyright, siete pregati di informarci. Qualora venissimo a conoscenza di violazioni, provvederemo a rimuovere immediatamente tali contenuti.<\/p>\n<h3>Protezione dei dati<\/h3>\n<p>L'utilizzo del nostro sito web \u00e8 generalmente possibile senza fornire dati personali. Se sul nostro sito web vengono raccolti dati personali (ad es. nome, indirizzo o indirizzo e-mail), ci\u00f2 avviene sempre, per quanto possibile, su base volontaria. Questi dati non saranno trasmessi a terzi senza il vostro esplicito consenso. Desideriamo sottolineare che la trasmissione dei dati su Internet (ad esempio, quando si comunica via e-mail) pu\u00f2 essere soggetta a vulnerabilit\u00e0 di sicurezza. Non \u00e8 possibile proteggere completamente i dati dall'accesso di terzi. Con la presente si vieta espressamente l'utilizzo dei dati di contatto pubblicati nell'ambito dell'obbligo di imprinting da parte di terzi per l'invio di materiale pubblicitario e informativo non richiesto. I gestori di questo sito web si riservano espressamente il diritto di intraprendere azioni legali in caso di invio non richiesto di informazioni pubblicitarie, come ad esempio le e-mail di spam.<\/p>\n<p><em>Fonte: Disclaimer da eRecht24, il portale di diritto di Internet dell'avvocato S\u00f6ren Siebert.<\/em><\/p>\n<div class=\"woocommerce woocommerce-gzd woocommerce-gzd-complaints-shortcode\">\n<h3>Centro di risoluzione delle controversie dei consumatori\/arbitrato universale<\/h3>\n<p>Non siamo disposti o obbligati a partecipare a procedure di risoluzione delle controversie davanti a un collegio arbitrale dei consumatori.<\/p>\n<\/div>\n\n\t\t<\/div>\n\t\t\t\t\n<style>\n#col-418209436 > .col-inner {\n  padding: 50px 0px 50px 0px;\n}\n<\/style>\n\t<\/div>\n\n\t\n\n<\/div>\n\n\t\t<\/div>\n\n\t\t\n<style>\n#section_166354568 {\n  padding-top: 30px;\n  padding-bottom: 30px;\n}\n<\/style>\n\t<\/section>","protected":false},"excerpt":{"rendered":"","protected":false},"author":3,"featured_media":0,"parent":0,"menu_order":0,"comment_status":"closed","ping_status":"closed","template":"page-blank.php","meta":{"_seopress_robots_primary_cat":"","_seopress_titles_title":"","_seopress_titles_desc":"","_seopress_robots_index":"","footnotes":""},"class_list":["post-29","page","type-page","status-publish","hentry"],"publishpress_future_workflow_manual_trigger":{"enabledWorkflows":[]},"_links":{"self":[{"href":"https:\/\/finearts-exclusive.com\/it\/wp-json\/wp\/v2\/pages\/29","targetHints":{"allow":["GET"]}}],"collection":[{"href":"https:\/\/finearts-exclusive.com\/it\/wp-json\/wp\/v2\/pages"}],"about":[{"href":"https:\/\/finearts-exclusive.com\/it\/wp-json\/wp\/v2\/types\/page"}],"author":[{"embeddable":true,"href":"https:\/\/finearts-exclusive.com\/it\/wp-json\/wp\/v2\/users\/3"}],"replies":[{"embeddable":true,"href":"https:\/\/finearts-exclusive.com\/it\/wp-json\/wp\/v2\/comments?post=29"}],"version-history":[{"count":0,"href":"https:\/\/finearts-exclusive.com\/it\/wp-json\/wp\/v2\/pages\/29\/revisions"}],"wp:attachment":[{"href":"https:\/\/finearts-exclusive.com\/it\/wp-json\/wp\/v2\/media?parent=29"}],"curies":[{"name":"wp","href":"https:\/\/api.w.org\/{rel}","templated":true}]}}