{"id":31,"date":"2021-10-24T22:36:35","date_gmt":"2021-10-24T20:36:35","guid":{"rendered":"https:\/\/finearts-exclusive.com\/widerrufsbelehrung"},"modified":"2021-12-09T14:06:40","modified_gmt":"2021-12-09T13:06:40","slug":"politica-di-cancellazione","status":"publish","type":"page","link":"https:\/\/finearts-exclusive.com\/it\/widerrufsbelehrung\/","title":{"rendered":"Politica di cancellazione"},"content":{"rendered":"<div class=\"banner has-hover banner-mb\" id=\"banner-508924471\">\n          <div class=\"banner-inner fill\">\n        <div class=\"banner-bg fill\" >\n            <img loading=\"lazy\" decoding=\"async\" width=\"1020\" height=\"159\" src=\"https:\/\/finearts-exclusive.com\/wp-content\/uploads\/2021\/11\/inner-page-banner-bg-1024x160.jpg\" class=\"bg attachment-large size-large\" alt=\"\" \/>                                    \n                    <\/div>\n\t\t\n        <div class=\"banner-layers container\">\n            <div class=\"fill banner-link\"><\/div>            \n\n   <div id=\"text-box-1199939864\" class=\"text-box banner-layer x50 md-x50 lg-x50 y50 md-y50 lg-y50 res-text\">\n                                <div class=\"text-box-content text dark\">\n              \n              <div class=\"text-inner text-center\">\n                  \n\n\t<div id=\"text-3945045787\" class=\"text heading-mobile\">\n\t\t\n\n<h1 class=\"uppercase txt-gold\">Politica di cancellazione<\/h1>\n\t\t\t<\/div>\n\t\n<div class=\"is-divider divider clearfix\" style=\"max-width:200px;background-color:rgb(220, 172, 72);\"><\/div>\n\n\n              <\/div>\n           <\/div>\n                            \n<style>\n#text-box-1199939864 {\n  width: 85%;\n}\n#text-box-1199939864 .text-box-content {\n  font-size: 100%;\n}\n<\/style>\n    <\/div>\n \n\n        <\/div>\n      <\/div>\n\n            \n<style>\n#banner-508924471 {\n  padding-top: 200px;\n  background-color: rgb(0, 0, 0);\n}\n@media (min-width:550px) {\n  #banner-508924471 {\n    padding-top: 300px;\n  }\n}\n<\/style>\n  <\/div>\n\n\n\n\t<section class=\"section\" id=\"section_544284458\">\n\t\t<div class=\"section-bg fill\" >\n\t\t\t\t\t\t\t\t\t\n\t\t\t\n\n\t\t<\/div>\n\n\t\t\n\n\t\t<div class=\"section-content relative\">\n\t\t\t\n\n<div class=\"row\"  id=\"row-2018342734\">\n\n\n\t<div id=\"col-1060044287\" class=\"col small-12 large-12\"  >\n\t\t\t\t<div class=\"col-inner\"  >\n\t\t\t\n\t\t\t\n\n<h2><strong>Diritto di recesso<\/strong><\/h2>\n<p>Lei ha il diritto di annullare il presente contratto entro quattordici giorni senza fornire alcuna motivazione. Il periodo di recesso \u00e8 di quattordici giorni a partire dal giorno in cui lei o un terzo da lei nominato, che non sia il trasportatore, ha preso possesso della merce.<\/p>\n<p>Per esercitare il Suo diritto di recesso, deve informarci (FINE ARTS Wohnkultur GmbH, Gwinnerstrasse 40-42, 60388 Francoforte sul Meno, Germania, telefono +49 (0) 69 942196-31) con una dichiarazione chiara (ad esempio una lettera inviata per posta, fax o e-mail) della Sua decisione di recedere dal presente contratto. A tal fine pu\u00f2 utilizzare il modello di modulo di recesso allegato, che tuttavia non \u00e8 obbligatorio.Per rispettare il periodo di recesso, \u00e8 sufficiente che lei invii la notifica dell'esercizio del diritto di recesso prima della scadenza del periodo di recesso.<\/p>\n<h2><strong>Conseguenze della revoca<\/strong><\/h2>\n<p>Se lei annulla il presente contratto, dobbiamo rimborsarle tutti i pagamenti che abbiamo ricevuto da lei, compresi i costi di consegna (ad eccezione dei costi aggiuntivi derivanti dal fatto che lei ha scelto un tipo di consegna diverso dalla consegna standard pi\u00f9 economica da noi offerta), senza ritardo e al pi\u00f9 tardi entro quattordici giorni dal giorno in cui abbiamo ricevuto la notifica del suo annullamento del presente contratto. Per questo rimborso, useremo lo stesso mezzo di pagamento che avete usato nella transazione originale, a meno che non sia stato espressamente concordato diversamente con voi; in nessun caso sarete rimborsati a causa di<br \/>Possiamo rifiutarci di rimborsarvi fino a quando non abbiamo ricevuto la merce indietro o fino a quando non avete fornito la prova che avete restituito la merce. Possiamo rifiutare il rimborso fino a quando non abbiamo ricevuto la merce indietro o fino a quando non avete fornito la prova che avete restituito la merce, qualunque sia la prima.<\/p>\n<p>Lei deve restituire o consegnarci la merce immediatamente e in ogni caso non pi\u00f9 tardi di quattordici giorni dal giorno in cui ci ha notificato l'annullamento del presente contratto. Il termine \u00e8 rispettato se si invia la merce prima della scadenza del periodo di quattordici giorni. I costi diretti della restituzione della merce sono a vostro carico.<\/p>\n<h2><strong>Modulo di cancellazione campione<\/strong><\/h2>\n<p>(Se desidera annullare il contratto, compili e restituisca questo modulo).<\/p>\n<ul>\n<li>A<span>&nbsp;<\/span><strong>FINE ARTS Wohnkultur GmbH, Gwinnerstrasse 40-42, 60388 Francoforte sul Meno, Germania<\/strong>:<\/li>\n<li>Io\/noi revochiamo (*)<em><span>&nbsp;<\/span>quello da me\/noi (*)<\/em><span>&nbsp;<\/span>contratto concluso per l'acquisto dei seguenti beni (*)<em>\/la fornitura del seguente servizio (*)<\/em><\/li>\n<li>Ordinato il (*)<em>\/ricevuto il (*)<\/em><\/li>\n<li>Nome del consumatore (o dei consumatori)<\/li>\n<li>Indirizzo del\/i consumatore\/i<\/li>\n<li>Firma del\/i consumatore\/i (solo in caso di notifica su carta)<\/li>\n<li>Data<\/li>\n<\/ul>\n<p>(*) Cancellare se applicabile.<\/p>\n\n\n\t\t<\/div>\n\t\t\t\t\t<\/div>\n\n\t\n\n<\/div>\n\n\t\t<\/div>\n\n\t\t\n<style>\n#section_544284458 {\n  padding-top: 60px;\n  padding-bottom: 60px;\n}\n<\/style>\n\t<\/section>","protected":false},"excerpt":{"rendered":"","protected":false},"author":3,"featured_media":0,"parent":0,"menu_order":0,"comment_status":"closed","ping_status":"closed","template":"page-blank.php","meta":{"_seopress_robots_primary_cat":"","_seopress_titles_title":"","_seopress_titles_desc":"","_seopress_robots_index":"","footnotes":""},"class_list":["post-31","page","type-page","status-publish","hentry"],"publishpress_future_workflow_manual_trigger":{"enabledWorkflows":[]},"_links":{"self":[{"href":"https:\/\/finearts-exclusive.com\/it\/wp-json\/wp\/v2\/pages\/31","targetHints":{"allow":["GET"]}}],"collection":[{"href":"https:\/\/finearts-exclusive.com\/it\/wp-json\/wp\/v2\/pages"}],"about":[{"href":"https:\/\/finearts-exclusive.com\/it\/wp-json\/wp\/v2\/types\/page"}],"author":[{"embeddable":true,"href":"https:\/\/finearts-exclusive.com\/it\/wp-json\/wp\/v2\/users\/3"}],"replies":[{"embeddable":true,"href":"https:\/\/finearts-exclusive.com\/it\/wp-json\/wp\/v2\/comments?post=31"}],"version-history":[{"count":0,"href":"https:\/\/finearts-exclusive.com\/it\/wp-json\/wp\/v2\/pages\/31\/revisions"}],"wp:attachment":[{"href":"https:\/\/finearts-exclusive.com\/it\/wp-json\/wp\/v2\/media?parent=31"}],"curies":[{"name":"wp","href":"https:\/\/api.w.org\/{rel}","templated":true}]}}