{"id":326,"date":"2021-11-06T13:12:48","date_gmt":"2021-11-06T12:12:48","guid":{"rendered":"https:\/\/finearts-exclusive.com\/p\/unkategorisiert\/david-super-size\/"},"modified":"2023-02-22T19:25:11","modified_gmt":"2023-02-22T18:25:11","slug":"david-super-size","status":"publish","type":"product","link":"https:\/\/finearts-exclusive.com\/it\/p\/luxus-bronzeskulpturen\/david-super-size\/","title":{"rendered":"David - Super Size"},"content":{"rendered":"<p>Con questa statua del \"David\", il fiorentino Michelangelo apr\u00ec una nuova strada nella scultura dell'Alto Rinascimento. Il pi\u00f9 ovvio \u00e8 la sua concezione e rappresentazione naturale del corpo umano maschile.<\/p>\n<p>L'esclusivo <strong>Scultura di bronzo David Super Size<\/strong> ritrae il Davide biblico nel momento in cui si mette gi\u00e0 la fionda in spalla e inizia la lotta contro il gigante Golia. In questa scultura in bronzo, il corpo di David appare in una posizione rilassata e contrapposta, portando con noncuranza la fionda sulla spalla sinistra. La tensione da battaglia \u00e8 riconoscibile nelle vene sporgenti della mano destra che racchiude il proiettile - ma soprattutto nel collo e nel viso. Tendini del collo tesi, labbra e narici tese, cos\u00ec come gli occhi e la fronte rendono la scultura in bronzo David Super Size un capolavoro ottico. L'aspetto del <strong>David scultura in bronzo <\/strong>\u00e8 diretto verso un punto nella distanza. Michelangelo attira l'attenzione dello spettatore sulla vittoria imminente.<\/p>\n<p>Il nudo maschile, il David in marmo, fu completato da Michelangelo nel 1504 - una delle pi\u00f9 grandi opere d'arte mai create dall'umanit\u00e0. Nessun'altra opera d'arte pu\u00f2 eguagliarla in qualsiasi aspetto, con proporzioni cos\u00ec perfette, bellezza ed eccellenza di espressione.<\/p>\n<p>La creazione della meraviglia di Michelangelo fece un'impressione cos\u00ec profonda sul nostro artista Don Alberto che cre\u00f2 in una dimensione monumentale il <strong>Scultura in bronzo di David<\/strong> ha creato. Il <strong>Statua di bronzo super size di David<\/strong> \u00e8 un omaggio al pi\u00f9 famoso scultore che l'umanit\u00e0 abbia mai prodotto.<\/p>","protected":false},"excerpt":{"rendered":"<p>Mit dieser Statue des \u201eDavid\u201c beschritt der Florentiner Michelangelo neue Wege in der Bildhauer Kunst der Hochrenaissance. Am deutlichsten ist seine Auffassung und nat\u00fcrliche Darstellung des humanen m\u00e4nnlichen K\u00f6rpers. Die exklusive David Super Size Bronzeskulptur stellt den biblischen David in dem Augenblick dar, in dem er die Steinschleuder bereits auf die Schulter anlegt, und den [&#8230;]\n","protected":false},"featured_media":2636,"template":"","meta":{"_seopress_robots_primary_cat":"none","_seopress_titles_title":"","_seopress_titles_desc":"","_seopress_robots_index":""},"product_brand":[],"product_cat":[31],"product_tag":[62],"class_list":{"0":"post-326","1":"product","2":"type-product","3":"status-publish","4":"has-post-thumbnail","6":"product_cat-luxus-bronzeskulpturen","7":"product_tag-preis-auf-anfrage","8":"product_shipping_class-skulpturen","9":"pa_kuenstler-don-alberto-carlos","11":"first","12":"instock","13":"taxable","14":"shipping-taxable","15":"product-type-variable","16":"has-default-attributes"},"publishpress_future_action":{"enabled":false,"date":"2026-05-07 15:30:14","action":"change-status","newStatus":"trash","terms":[],"taxonomy":"product_brand","extraData":[]},"publishpress_future_workflow_manual_trigger":{"enabledWorkflows":[]},"_links":{"self":[{"href":"https:\/\/finearts-exclusive.com\/it\/wp-json\/wp\/v2\/product\/326","targetHints":{"allow":["GET"]}}],"collection":[{"href":"https:\/\/finearts-exclusive.com\/it\/wp-json\/wp\/v2\/product"}],"about":[{"href":"https:\/\/finearts-exclusive.com\/it\/wp-json\/wp\/v2\/types\/product"}],"wp:featuredmedia":[{"embeddable":true,"href":"https:\/\/finearts-exclusive.com\/it\/wp-json\/wp\/v2\/media\/2636"}],"wp:attachment":[{"href":"https:\/\/finearts-exclusive.com\/it\/wp-json\/wp\/v2\/media?parent=326"}],"wp:term":[{"taxonomy":"product_brand","embeddable":true,"href":"https:\/\/finearts-exclusive.com\/it\/wp-json\/wp\/v2\/product_brand?post=326"},{"taxonomy":"product_cat","embeddable":true,"href":"https:\/\/finearts-exclusive.com\/it\/wp-json\/wp\/v2\/product_cat?post=326"},{"taxonomy":"product_tag","embeddable":true,"href":"https:\/\/finearts-exclusive.com\/it\/wp-json\/wp\/v2\/product_tag?post=326"}],"curies":[{"name":"wp","href":"https:\/\/api.w.org\/{rel}","templated":true}]}}