{"id":327,"date":"2021-11-06T13:12:48","date_gmt":"2021-11-06T12:12:48","guid":{"rendered":"https:\/\/finearts-exclusive.com\/p\/unkategorisiert\/fallen-angel-super-size\/"},"modified":"2023-02-22T19:25:59","modified_gmt":"2023-02-22T18:25:59","slug":"angelo-caduto-super-size","status":"publish","type":"product","link":"https:\/\/finearts-exclusive.com\/it\/p\/luxus-bronzeskulpturen\/fallen-angel-super-size\/","title":{"rendered":"Fallen Angel - Super Size"},"content":{"rendered":"<p>Le interpretazioni cristiane di un angelo apostata apparivano gi\u00e0 nell'Antico Testamento, <strong>chiamato Angelo Caduto<\/strong> (<strong>de.: Angelo caduto<\/strong>). L'angelo viene punito per la sua ribellione con l'espulsione dal cielo da Dio e dagli altri suoi angeli.<\/p>\n<p>Spesso questo angelo caduto era associato al male personificato, cio\u00e8 a Satana. Il santo e bellissimo mondo soprannaturale dell'angelo caduto si trasforma da un sogno in un incubo. \u00c8 come una guerra tra esseri di luce e di tenebra. L'angelo caduto, un essere celeste malvagio.<\/p>\n<p>La grandezza naturale, <strong>Angelo argentato figura di bronzo \"Fallen Angel<\/strong>rappresenta l'angelo apostata che \u00e8 caduto dalla luce del cielo e viene confortato da un angelo femminile adorabile di colore dorato nell'oscurit\u00e0 terrena. Un ritorno al paradiso del cielo \u00e8 per il nostro <strong>Angelo<\/strong> <strong>Scultura in bronzo \"Fallen Angel<\/strong> non \u00e8 pi\u00f9 possibile.<\/p>\n<p>L'artista Don Alberto Carlos \u00e8 stato profondamente colpito dal messaggio cristiano che il cattivo comportamento in cielo porta alla caduta nelle tenebre terrene.<\/p>\n<p>L'artista si pone ora la questione dell'illecito di un peccato. Questa domanda \u00e8 molto pi\u00f9 eccitante dell'essere eternamente buoni, perch\u00e9 i cattivi vanno ovunque, i buoni solo in paradiso.<\/p>\n<p>Don Albert Carlos ha creato un capolavoro in filigrana di alto livello artistico.<\/p>\n<p>La grandezza naturale <strong>placcato argento<\/strong> <strong>Figura in bronzo \"Angelo caduto<\/strong> su richiesta pu\u00f2 essere utilizzato anche come pozzo\/serbatoio d'acqua!<\/p>","protected":false},"excerpt":{"rendered":"<p>Bereits im Alten Testament erschien die christlichen Interpretationen eines abtr\u00fcnnigen Engels, genannt Fallen Angel (de.: Gefallener Engel). Der Engel wird f\u00fcr seine Auflehnung mit der Vertreibung aus dem Himmel durch Gott und seine \u00fcbrigen Engel bestraft. H\u00e4ufig wurde dieser gefallene Engel mit personifizierten B\u00f6sen, also mit dem Satan, in Verbindung gebracht. Die heile, sch\u00f6ne \u00fcberirdische [&#8230;]\n","protected":false},"featured_media":2653,"template":"","meta":{"_seopress_robots_primary_cat":"none","_seopress_titles_title":"","_seopress_titles_desc":"","_seopress_robots_index":""},"product_brand":[],"product_cat":[31],"product_tag":[62],"class_list":{"0":"post-327","1":"product","2":"type-product","3":"status-publish","4":"has-post-thumbnail","6":"product_cat-luxus-bronzeskulpturen","7":"product_tag-preis-auf-anfrage","8":"product_shipping_class-skulpturen","9":"pa_kuenstler-don-alberto-carlos","11":"first","12":"instock","13":"taxable","14":"shipping-taxable","15":"product-type-variable","16":"has-default-attributes"},"publishpress_future_action":{"enabled":false,"date":"2026-05-05 22:24:25","action":"change-status","newStatus":"trash","terms":[],"taxonomy":"product_brand","extraData":[]},"publishpress_future_workflow_manual_trigger":{"enabledWorkflows":[]},"_links":{"self":[{"href":"https:\/\/finearts-exclusive.com\/it\/wp-json\/wp\/v2\/product\/327","targetHints":{"allow":["GET"]}}],"collection":[{"href":"https:\/\/finearts-exclusive.com\/it\/wp-json\/wp\/v2\/product"}],"about":[{"href":"https:\/\/finearts-exclusive.com\/it\/wp-json\/wp\/v2\/types\/product"}],"wp:featuredmedia":[{"embeddable":true,"href":"https:\/\/finearts-exclusive.com\/it\/wp-json\/wp\/v2\/media\/2653"}],"wp:attachment":[{"href":"https:\/\/finearts-exclusive.com\/it\/wp-json\/wp\/v2\/media?parent=327"}],"wp:term":[{"taxonomy":"product_brand","embeddable":true,"href":"https:\/\/finearts-exclusive.com\/it\/wp-json\/wp\/v2\/product_brand?post=327"},{"taxonomy":"product_cat","embeddable":true,"href":"https:\/\/finearts-exclusive.com\/it\/wp-json\/wp\/v2\/product_cat?post=327"},{"taxonomy":"product_tag","embeddable":true,"href":"https:\/\/finearts-exclusive.com\/it\/wp-json\/wp\/v2\/product_tag?post=327"}],"curies":[{"name":"wp","href":"https:\/\/api.w.org\/{rel}","templated":true}]}}